{"id":37768,"date":"2016-11-22T13:05:55","date_gmt":"2016-11-22T13:05:55","guid":{"rendered":"https:\/\/shop.metal-badge.ch\/?product=bandana-bandeau-bandeau-pirate-bandeau-de-motard-motif-rouge"},"modified":"2024-06-16T16:13:26","modified_gmt":"2024-06-16T14:13:26","slug":"bandana-bandeau-bandeau-pirate-bandeau-de-motard-motif-rouge","status":"publish","type":"product","link":"https:\/\/metal-badge.ch\/fr\/product\/37768\/bandana-bandeau-bandeau-pirate-bandeau-de-motard-motif-rouge\/","title":{"rendered":"Bandana \/ Bandeau \/ bandeau pirate \/ bandeau de motard motif rouge"},"content":{"rendered":"<p>Cet accessoire ultra-moderne 100 % coton, disponible dans divers motifs et couleurs, est port\u00e9 comme bandeau et nou\u00e9 \u00e0 l&rsquo;arri\u00e8re de la t\u00eate. Nos bandanas sont particuli\u00e8rement pratiques, ils peuvent \u00eatre ajust\u00e9s facilement \u00e0 la taille de la t\u00eate et nou\u00e9s avec les boucles \u00e0 l&rsquo;arri\u00e8re. Les bandanas sont une protection optimale contre le soleil dans le sport, en ext\u00e9rieur, en randonn\u00e9es etc. Le coton \u00e9vacue parfaitement la sueur vers l&rsquo;ext\u00e9rieur et s\u00e8che rapidement.<\/p>\n<p>\n<strong>Information sur le produit :<\/strong><br \/>\nPoids\u00a0: 25 g<br \/>\nMat\u00e9riau : 100 % coton<br \/>\nTaille : circonf\u00e9rence de la t\u00eate env. 55 cm \u00e0 68 cm<br \/>\nTaille unique<\/p>\n<p>\u00a0<\/p>\n","protected":false},"excerpt":{"rendered":"<p>Cet accessoire ultra-moderne 100 % coton, disponible dans divers motifs et couleurs, est port\u00e9 comme bandeau et nou\u00e9 \u00e0 l&rsquo;arri\u00e8re de la t\u00eate. Nos bandanas sont particuli\u00e8rement pratiques, ils peuvent \u00eatre ajust\u00e9s facilement \u00e0 la taille de la t\u00eate et nou\u00e9s avec les boucles \u00e0 l&rsquo;arri\u00e8re. Les bandanas sont une protection optimale contre le soleil [&hellip;]<\/p>\n","protected":false},"featured_media":89819,"comment_status":"open","ping_status":"closed","template":"","meta":{"inline_featured_image":false},"product_brand":[],"product_cat":[1626],"product_tag":[1781,1765],"class_list":{"0":"post-37768","1":"product","2":"type-product","3":"status-publish","4":"has-post-thumbnail","6":"product_cat-shemaghs-bandanas-fr","7":"product_tag-police-securite","8":"product_tag-sport-outdoor-fr","10":"first","11":"instock","12":"taxable","13":"shipping-taxable","14":"purchasable","15":"product-type-simple"},"_links":{"self":[{"href":"https:\/\/metal-badge.ch\/fr\/wp-json\/wp\/v2\/product\/37768","targetHints":{"allow":["GET"]}}],"collection":[{"href":"https:\/\/metal-badge.ch\/fr\/wp-json\/wp\/v2\/product"}],"about":[{"href":"https:\/\/metal-badge.ch\/fr\/wp-json\/wp\/v2\/types\/product"}],"replies":[{"embeddable":true,"href":"https:\/\/metal-badge.ch\/fr\/wp-json\/wp\/v2\/comments?post=37768"}],"wp:featuredmedia":[{"embeddable":true,"href":"https:\/\/metal-badge.ch\/fr\/wp-json\/wp\/v2\/media\/89819"}],"wp:attachment":[{"href":"https:\/\/metal-badge.ch\/fr\/wp-json\/wp\/v2\/media?parent=37768"}],"wp:term":[{"taxonomy":"product_brand","embeddable":true,"href":"https:\/\/metal-badge.ch\/fr\/wp-json\/wp\/v2\/product_brand?post=37768"},{"taxonomy":"product_cat","embeddable":true,"href":"https:\/\/metal-badge.ch\/fr\/wp-json\/wp\/v2\/product_cat?post=37768"},{"taxonomy":"product_tag","embeddable":true,"href":"https:\/\/metal-badge.ch\/fr\/wp-json\/wp\/v2\/product_tag?post=37768"}],"curies":[{"name":"wp","href":"https:\/\/api.w.org\/{rel}","templated":true}]}}