{"id":37749,"date":"2016-11-22T11:24:06","date_gmt":"2016-11-22T11:24:06","guid":{"rendered":"https:\/\/shop.metal-badge.ch\/?product=clignotant-davertissement-lampe-durgence-12-plus-3-led-mf-2015b"},"modified":"2020-11-06T14:08:09","modified_gmt":"2020-11-06T13:08:09","slug":"clignotant-davertissement-lampe-durgence-12-plus-3-led-mf-2015b","status":"publish","type":"product","link":"https:\/\/metal-badge.ch\/fr\/product\/37749\/clignotant-davertissement-lampe-durgence-12-plus-3-led-mf-2015b\/","title":{"rendered":"Clignotant d&rsquo;avertissement, lampe d&rsquo;urgence 12 plus 3 LED, MF-2015B"},"content":{"rendered":"<p>Cette lampe d&rsquo;avertissement, lampe d&rsquo;urgence ou gyrophare magn\u00e9tique est id\u00e9ale pour signaler s\u00e9curiser les zones de risque comme les accidents, les chantiers etc. Le compl\u00e9ment parfait \u00e0 votre \u00e9quipement d&rsquo;urgence. Rev\u00eatement tr\u00e8s solide, \u00e9tanche, en caoutchouc, r\u00e9sistant aux chocs. La lampe d&rsquo;avertissement est \u00e9quip\u00e9e d&rsquo;un aimant puissant qui adh\u00e8re ainsi \u00e0 tous les objets m\u00e9talliques. De plus, la lampe d&rsquo;avertissement poss\u00e8de un crochet pliant et un dispositif de suspension.<\/p>\n<p>9 programmes diff\u00e9rents :<br \/>\npar ex. clignotant simple, double clignotant, code morse SOS, lumi\u00e8re altern\u00e9e, rotation. Et lumi\u00e8re blanche normale 3 LED \u00e0 l&rsquo;avant. Apr\u00e8s avoir ins\u00e9r\u00e9 les 3 x piles AAA, la lampe d&rsquo;avertissement peut \u00eatre utilis\u00e9e imm\u00e9diatement. En raison des LED \u00e9conomiques, la dur\u00e9e d&rsquo;\u00e9clairage peut atteindre 80 h.<\/p>\n<p>\n<strong>Information sur le produit <\/strong>:<br \/>\nManipulation simple<br \/>\nEfficace, visible et s\u00fbre<br \/>\nBo\u00eetier solide, recouvert de caoutchouc<br \/>\n\u00c9tanche<br \/>\n9 fonctions d&rsquo;avertissement rouge clignotant<br \/>\nPoids : 160 g avec piles<br \/>\nDiam\u00e8tre : env. 8.5 cm<br \/>\nHauteur : env. 3,5 cm<br \/>\n\u00a0Couleur du bo\u00eetier : Orange<br \/>\nCouleur de la lumi\u00e8re : Rouge clair \/ organe<br \/>\nPlage de visibilit\u00e9 : 360 \u00b0<br \/>\nPiles non fournies<br \/>\nPrix :\u00a0 pc. 19,- CHF<br \/>\nPrix :\u00a0 10 pc pour 16- chacune \u00a0<\/p>\n<p>\u00a0<\/p>\n","protected":false},"excerpt":{"rendered":"<p>Cette lampe d&rsquo;avertissement, lampe d&rsquo;urgence ou gyrophare magn\u00e9tique est id\u00e9ale pour signaler s\u00e9curiser les zones de risque comme les accidents, les chantiers etc. Le compl\u00e9ment parfait \u00e0 votre \u00e9quipement d&rsquo;urgence. Rev\u00eatement tr\u00e8s solide, \u00e9tanche, en caoutchouc, r\u00e9sistant aux chocs. La lampe d&rsquo;avertissement est \u00e9quip\u00e9e d&rsquo;un aimant puissant qui adh\u00e8re ainsi \u00e0 tous les objets m\u00e9talliques. [&hellip;]<\/p>\n","protected":false},"featured_media":74648,"comment_status":"open","ping_status":"closed","template":"","meta":{"inline_featured_image":false},"product_brand":[],"product_cat":[1343],"product_tag":[1769,1777,1879,1765],"class_list":{"0":"post-37749","1":"product","2":"type-product","3":"status-publish","4":"has-post-thumbnail","6":"product_cat-lampes-lampes-de-poche","7":"product_tag-army-survival-fr","8":"product_tag-camping-voyage","9":"product_tag-lumieres-dalarme","10":"product_tag-sport-outdoor-fr","12":"first","13":"instock","14":"taxable","15":"shipping-taxable","16":"purchasable","17":"product-type-simple"},"_links":{"self":[{"href":"https:\/\/metal-badge.ch\/fr\/wp-json\/wp\/v2\/product\/37749","targetHints":{"allow":["GET"]}}],"collection":[{"href":"https:\/\/metal-badge.ch\/fr\/wp-json\/wp\/v2\/product"}],"about":[{"href":"https:\/\/metal-badge.ch\/fr\/wp-json\/wp\/v2\/types\/product"}],"replies":[{"embeddable":true,"href":"https:\/\/metal-badge.ch\/fr\/wp-json\/wp\/v2\/comments?post=37749"}],"wp:featuredmedia":[{"embeddable":true,"href":"https:\/\/metal-badge.ch\/fr\/wp-json\/wp\/v2\/media\/74648"}],"wp:attachment":[{"href":"https:\/\/metal-badge.ch\/fr\/wp-json\/wp\/v2\/media?parent=37749"}],"wp:term":[{"taxonomy":"product_brand","embeddable":true,"href":"https:\/\/metal-badge.ch\/fr\/wp-json\/wp\/v2\/product_brand?post=37749"},{"taxonomy":"product_cat","embeddable":true,"href":"https:\/\/metal-badge.ch\/fr\/wp-json\/wp\/v2\/product_cat?post=37749"},{"taxonomy":"product_tag","embeddable":true,"href":"https:\/\/metal-badge.ch\/fr\/wp-json\/wp\/v2\/product_tag?post=37749"}],"curies":[{"name":"wp","href":"https:\/\/api.w.org\/{rel}","templated":true}]}}