{"id":37731,"date":"2016-11-22T10:45:37","date_gmt":"2016-11-22T10:45:37","guid":{"rendered":"https:\/\/shop.metal-badge.ch\/?product=lampe-arriere-de-velo-police-avec-5-led"},"modified":"2020-08-02T02:19:55","modified_gmt":"2020-08-02T02:19:55","slug":"lampe-arriere-de-velo-police-avec-5-led","status":"publish","type":"product","link":"https:\/\/metal-badge.ch\/fr\/product\/37731\/lampe-arriere-de-velo-police-avec-5-led\/","title":{"rendered":"Lampe arri\u00e8re de v\u00e9lo POLICE avec 5 LED"},"content":{"rendered":"<p>La lampe arri\u00e8re de v\u00e9lo\u00a0 est \u00e9tanche et offre une visibilit\u00e9 jusqu&rsquo;\u00e0 1000 m. La lampe porte l&rsquo;inscription <strong>POLICE<\/strong>. La lampe est \u00e9quip\u00e9e d&rsquo;un clip de fixation et peut \u00eatre ainsi rapidement mont\u00e9e \u00e0 un v\u00e9lo ou un sac \u00e0 dos etc. La lampe \u00e0 LED fonctionne par alternance bleu \/ rouge comme un stroboscope. Les <strong>5 LED bleues<\/strong> et les <strong>5 LED rouges<\/strong> sont \u00e9galement bien visibles de jour. Par double pression, la lampe \u00e0 lumi\u00e8re blanche s&rsquo;allume sur le c\u00f4t\u00e9. Ainsi, vous avez une petite lampe de poche fonctionnelle int\u00e9gr\u00e9e. L&rsquo;alimentation \u00e9lectrique est garantie par la batterie rechargeable. Le c\u00e2ble USB et les deux fiches sont fournis. Voir photos. La lampe doit \u00eatre recharg\u00e9e pendant au moins 12 h avec USB. La douille se trouve sur le lampe, sous le joint en caoutchouc en haut.<\/p>\n<p>\n<strong>Information sur le produit :<\/strong><br \/>\nPoids : 55 g.<br \/>\nVoltage : 3,8<br \/>\n10 LED lampe stroboscope rouge \/bleu<br \/>\n\u00c9tanche<br \/>\nClip de fixation \u00e0 l&rsquo;arri\u00e8re<br \/>\nPetite lampe de poche int\u00e9gr\u00e9e<br \/>\nDimensions : Largeur 8,5 cm \/ hauteur 3,5 cm \/ profondeur avec clip 3,0 cm<br \/>\nMat\u00e9riau : Plastique ABS<br \/>\nCouleur : rouge \/ bleu<br \/>\nInscription : POLICE<br \/>\n2 x fiches et c\u00e2ble de charge USB fournis<\/p>\n<p>\u00a0<\/p>\n","protected":false},"excerpt":{"rendered":"<p>La lampe arri\u00e8re de v\u00e9lo\u00a0 est \u00e9tanche et offre une visibilit\u00e9 jusqu&rsquo;\u00e0 1000 m. La lampe porte l&rsquo;inscription POLICE. La lampe est \u00e9quip\u00e9e d&rsquo;un clip de fixation et peut \u00eatre ainsi rapidement mont\u00e9e \u00e0 un v\u00e9lo ou un sac \u00e0 dos etc. La lampe \u00e0 LED fonctionne par alternance bleu \/ rouge comme un stroboscope. [&hellip;]<\/p>\n","protected":false},"featured_media":89821,"comment_status":"open","ping_status":"closed","template":"","meta":{"inline_featured_image":false},"product_brand":[],"product_cat":[1343],"product_tag":[1769,1777,1765],"class_list":{"0":"post-37731","1":"product","2":"type-product","3":"status-publish","4":"has-post-thumbnail","6":"product_cat-lampes-lampes-de-poche","7":"product_tag-army-survival-fr","8":"product_tag-camping-voyage","9":"product_tag-sport-outdoor-fr","11":"first","12":"instock","13":"taxable","14":"shipping-taxable","15":"purchasable","16":"product-type-simple"},"_links":{"self":[{"href":"https:\/\/metal-badge.ch\/fr\/wp-json\/wp\/v2\/product\/37731","targetHints":{"allow":["GET"]}}],"collection":[{"href":"https:\/\/metal-badge.ch\/fr\/wp-json\/wp\/v2\/product"}],"about":[{"href":"https:\/\/metal-badge.ch\/fr\/wp-json\/wp\/v2\/types\/product"}],"replies":[{"embeddable":true,"href":"https:\/\/metal-badge.ch\/fr\/wp-json\/wp\/v2\/comments?post=37731"}],"wp:featuredmedia":[{"embeddable":true,"href":"https:\/\/metal-badge.ch\/fr\/wp-json\/wp\/v2\/media\/89821"}],"wp:attachment":[{"href":"https:\/\/metal-badge.ch\/fr\/wp-json\/wp\/v2\/media?parent=37731"}],"wp:term":[{"taxonomy":"product_brand","embeddable":true,"href":"https:\/\/metal-badge.ch\/fr\/wp-json\/wp\/v2\/product_brand?post=37731"},{"taxonomy":"product_cat","embeddable":true,"href":"https:\/\/metal-badge.ch\/fr\/wp-json\/wp\/v2\/product_cat?post=37731"},{"taxonomy":"product_tag","embeddable":true,"href":"https:\/\/metal-badge.ch\/fr\/wp-json\/wp\/v2\/product_tag?post=37731"}],"curies":[{"name":"wp","href":"https:\/\/api.w.org\/{rel}","templated":true}]}}