{"id":37711,"date":"2016-11-22T09:39:41","date_gmt":"2016-11-22T09:39:41","guid":{"rendered":"https:\/\/shop.metal-badge.ch\/?product=8-led-lampe-flash-rouge-bleu"},"modified":"2016-11-22T10:34:57","modified_gmt":"2016-11-22T10:34:57","slug":"8-led-lampe-flash-rouge-bleu","status":"publish","type":"product","link":"https:\/\/metal-badge.ch\/fr\/product\/37711\/8-led-lampe-flash-rouge-bleu\/","title":{"rendered":"8 LED Lampe flash rouge \/bleu"},"content":{"rendered":"<p>Il s&rsquo;agit de la barre stroboscope super claire \u00e0 8 LED avec 3 fonctions flash bleu \/ rouge pivotant et bouton de commutation int\u00e9gr\u00e9 \u00e0 l&rsquo;arri\u00e8re. Appuyez tout simplement sur le petit bouton rouge sur l&rsquo;appareil afin de s\u00e9lectionner votre mode flash.<\/p>\n<p>Montage simple et rapide sur le pare-brise gr\u00e2ce \u00e0 4 ventouses. La puissance 12 V est enfich\u00e9e facilement avec le c\u00e2ble sur l&rsquo;allume-cigare de la voiture. L&rsquo;angle de r\u00e9glage de la barre lumi\u00e8re est modifiable vers le haut ou vers le bas et peut \u00eatre ainsi ajust\u00e9 sur le pare-brise. Touche Marche \/ Arr\u00eat sur le c\u00e2ble.<\/p>\n<p>\n<strong>Information sur le produit :<\/strong><br \/>\nCouleur du bo\u00eetier : noir<br \/>\nCouleur de la lumi\u00e8re : rouge \/ bleu<br \/>\nPoids\u00a0: 125 g.<br \/>\nMat\u00e9riau : aluminium solide<br \/>\nDimensions : Largeur 24 cm \/ hauteur 5 cm \/ profondeur bas 9,5 cm \/ profondeur haut 5 cm<\/p>\n<p>\u00a0<\/p>\n<p>Nous proposons \u00e9galement d&rsquo;autres couleurs.<\/p>\n","protected":false},"excerpt":{"rendered":"<p>Il s&rsquo;agit de la barre stroboscope super claire \u00e0 8 LED avec 3 fonctions flash bleu \/ rouge pivotant et bouton de commutation int\u00e9gr\u00e9 \u00e0 l&rsquo;arri\u00e8re. Appuyez tout simplement sur le petit bouton rouge sur l&rsquo;appareil afin de s\u00e9lectionner votre mode flash. Montage simple et rapide sur le pare-brise gr\u00e2ce \u00e0 4 ventouses. La puissance [&hellip;]<\/p>\n","protected":false},"featured_media":89825,"comment_status":"open","ping_status":"closed","template":"","meta":{"inline_featured_image":false},"product_brand":[],"product_cat":[1343],"product_tag":[1769,1765],"class_list":{"0":"post-37711","1":"product","2":"type-product","3":"status-publish","4":"has-post-thumbnail","6":"product_cat-lampes-lampes-de-poche","7":"product_tag-army-survival-fr","8":"product_tag-sport-outdoor-fr","10":"first","11":"instock","12":"taxable","13":"shipping-taxable","14":"purchasable","15":"product-type-simple"},"_links":{"self":[{"href":"https:\/\/metal-badge.ch\/fr\/wp-json\/wp\/v2\/product\/37711","targetHints":{"allow":["GET"]}}],"collection":[{"href":"https:\/\/metal-badge.ch\/fr\/wp-json\/wp\/v2\/product"}],"about":[{"href":"https:\/\/metal-badge.ch\/fr\/wp-json\/wp\/v2\/types\/product"}],"replies":[{"embeddable":true,"href":"https:\/\/metal-badge.ch\/fr\/wp-json\/wp\/v2\/comments?post=37711"}],"wp:featuredmedia":[{"embeddable":true,"href":"https:\/\/metal-badge.ch\/fr\/wp-json\/wp\/v2\/media\/89825"}],"wp:attachment":[{"href":"https:\/\/metal-badge.ch\/fr\/wp-json\/wp\/v2\/media?parent=37711"}],"wp:term":[{"taxonomy":"product_brand","embeddable":true,"href":"https:\/\/metal-badge.ch\/fr\/wp-json\/wp\/v2\/product_brand?post=37711"},{"taxonomy":"product_cat","embeddable":true,"href":"https:\/\/metal-badge.ch\/fr\/wp-json\/wp\/v2\/product_cat?post=37711"},{"taxonomy":"product_tag","embeddable":true,"href":"https:\/\/metal-badge.ch\/fr\/wp-json\/wp\/v2\/product_tag?post=37711"}],"curies":[{"name":"wp","href":"https:\/\/api.w.org\/{rel}","templated":true}]}}