{"id":37701,"date":"2016-11-21T17:34:59","date_gmt":"2016-11-21T17:34:59","guid":{"rendered":"https:\/\/shop.metal-badge.ch\/?product=trustfire-8000-lumen-led-lumiere-blanche-lampe-de-poche-avec-holster-3-batteries-rallonge"},"modified":"2020-08-02T02:19:40","modified_gmt":"2020-08-02T02:19:40","slug":"trustfire-8000-lumen-led-lumiere-blanche-lampe-de-poche-avec-holster-3-batteries-rallonge","status":"publish","type":"product","link":"https:\/\/metal-badge.ch\/fr\/product\/37701\/trustfire-8000-lumen-led-lumiere-blanche-lampe-de-poche-avec-holster-3-batteries-rallonge\/","title":{"rendered":"Trustfire 8000 Lumen LED Lumi\u00e8re blanche, lampe de poche avec holster, 3 batteries, rallonge"},"content":{"rendered":"<p>Avec la lampe de poche Utrafire J 18 LED, le fabricant des lampes de poche ultra-puissantes a r\u00e9ussi \u00e0 transformer la nuit en jour.<br \/>\n7 CREE XM-L T6 LED g\u00e9n\u00e8rent un faisceau lumineux \u00e0 couper le souffle et une clart\u00e9 qui est normalement impensable pour une lampe de poche.<br \/>\nLe pilote \u00e0 LED command\u00e9 par microprocesseur maintient de mani\u00e8re presque constante la luminosit\u00e9 m\u00eame lorsque la puissance de la batterie diminue et propose 5 programmes d&rsquo;\u00e9clairage. High, mid , low, SOS lumi\u00e8re clignotante et stroboscope sont disponibles.<\/p>\n<p>Par l&rsquo;interrupteur arri\u00e8re \u00e0 capuchons, on allume et \u00e9teint la lampe et, par une pression l\u00e9g\u00e8re, les programmes d&rsquo;\u00e9clairage sont activ\u00e9s.<br \/>\nSOS et lumi\u00e8re stroboscope sont les \u00e9l\u00e9ments-phares pouvant \u00eatre utiles dans les situations d&rsquo;urgence.<br \/>\n2 ou 3 batteries li-ions de taille 18650 ou 26650 servent d&rsquo;alimentation \u00e9lectrique. Une douille de r\u00e9duction et une tube d&rsquo;extension (rallonge) sont fournis dans le set. La dur\u00e9e d&rsquo;\u00e9clairage, lorsque les batteries sont pleines et les diff\u00e9rentes intensit\u00e9s lumineuses varient entre 3 h et 9 h dans le mode low.<br \/>\nLe design noir mat de la lampe de poche \u00e0 LED en aluminium d&rsquo;avion est d&rsquo;une beaut\u00e9 atemporelle et est inrayable.<br \/>\nLes joints toriques des raccords \u00e0 vis de la lampe de poche la rendent \u00e9tanche \u00e0 la poussi\u00e8re et aux projections d&rsquo;eau.<\/p>\n<p>\n<strong>Information sur le produit :<\/strong><br \/>\nMod\u00e8le : J 18 Trustfire<br \/>\nCouleur : noir mat<br \/>\nType : Lampe de poche \u00e0 LED<br \/>\nMat\u00e9riau : Alliage d&rsquo;aluminium<br \/>\nNombre de lampes : 7 LED de type Cree Emitter Bin T6<br \/>\nLumen : 8000 lm<br \/>\nPoids : 840 g avec 3 batteries<br \/>\nCouleur de lumi\u00e8re : blanche<br \/>\nHolster avec passant de ceinture, 2 x joints toriques de remplacement, 3 x batteries sont comprises dans le prix<br \/>\nLa rallonge (tube d&rsquo;extension) est comprise dans le prix<br \/>\n5 x modes de lumi\u00e8re<br \/>\nDimensions : Longueur 23 cm avec extension 30 cm<br \/>\nDiam\u00e8tre de la t\u00eate : 6 cm.<br \/>\nAvec bo\u00eete<\/p>\n<p>\u00a0<\/p>\n<p>Les batteries sont \u00e9galement disponibles \u00e0 l&rsquo;unit\u00e9 chez nous. TF 26650 \/ 5000 mAh \/ 3.7 V Li-ion Prix \u00e0 partir de 16 pc<br \/>\nNous proposons \u00e9galement des chargeurs pour nos batteries.<\/p>\n","protected":false},"excerpt":{"rendered":"<p>Avec la lampe de poche Utrafire J 18 LED, le fabricant des lampes de poche ultra-puissantes a r\u00e9ussi \u00e0 transformer la nuit en jour. 7 CREE XM-L T6 LED g\u00e9n\u00e8rent un faisceau lumineux \u00e0 couper le souffle et une clart\u00e9 qui est normalement impensable pour une lampe de poche. Le pilote \u00e0 LED command\u00e9 par [&hellip;]<\/p>\n","protected":false},"featured_media":89827,"comment_status":"open","ping_status":"closed","template":"","meta":{"inline_featured_image":false},"product_brand":[],"product_cat":[1347,1343],"product_tag":[1769,1777,1773,1871,1765],"class_list":{"0":"post-37701","1":"product","2":"type-product","3":"status-publish","4":"has-post-thumbnail","6":"product_cat-accessoires-militaires-de-chasse","7":"product_cat-lampes-lampes-de-poche","8":"product_tag-army-survival-fr","9":"product_tag-camping-voyage","10":"product_tag-chasse-peche","11":"product_tag-lampes-torche-fr","12":"product_tag-sport-outdoor-fr","14":"first","15":"instock","16":"taxable","17":"shipping-taxable","18":"purchasable","19":"product-type-simple"},"_links":{"self":[{"href":"https:\/\/metal-badge.ch\/fr\/wp-json\/wp\/v2\/product\/37701","targetHints":{"allow":["GET"]}}],"collection":[{"href":"https:\/\/metal-badge.ch\/fr\/wp-json\/wp\/v2\/product"}],"about":[{"href":"https:\/\/metal-badge.ch\/fr\/wp-json\/wp\/v2\/types\/product"}],"replies":[{"embeddable":true,"href":"https:\/\/metal-badge.ch\/fr\/wp-json\/wp\/v2\/comments?post=37701"}],"wp:featuredmedia":[{"embeddable":true,"href":"https:\/\/metal-badge.ch\/fr\/wp-json\/wp\/v2\/media\/89827"}],"wp:attachment":[{"href":"https:\/\/metal-badge.ch\/fr\/wp-json\/wp\/v2\/media?parent=37701"}],"wp:term":[{"taxonomy":"product_brand","embeddable":true,"href":"https:\/\/metal-badge.ch\/fr\/wp-json\/wp\/v2\/product_brand?post=37701"},{"taxonomy":"product_cat","embeddable":true,"href":"https:\/\/metal-badge.ch\/fr\/wp-json\/wp\/v2\/product_cat?post=37701"},{"taxonomy":"product_tag","embeddable":true,"href":"https:\/\/metal-badge.ch\/fr\/wp-json\/wp\/v2\/product_tag?post=37701"}],"curies":[{"name":"wp","href":"https:\/\/api.w.org\/{rel}","templated":true}]}}