{"id":37651,"date":"2016-11-21T16:20:15","date_gmt":"2016-11-21T16:20:15","guid":{"rendered":"https:\/\/shop.metal-badge.ch\/?product=trustfire-1000-lumen-led-lumiere-blanche-lampe-de-poche-avec-holster-2-batteries"},"modified":"2016-11-21T16:20:32","modified_gmt":"2016-11-21T16:20:32","slug":"trustfire-1000-lumen-led-lumiere-blanche-lampe-de-poche-avec-holster-2-batteries","status":"publish","type":"product","link":"https:\/\/metal-badge.ch\/fr\/product\/37651\/trustfire-1000-lumen-led-lumiere-blanche-lampe-de-poche-avec-holster-2-batteries\/","title":{"rendered":"Trustfire 1000 Lumen LED Lumi\u00e8re blanche, lampe de poche avec holster, 2 batteries"},"content":{"rendered":"<p>Lampe d&rsquo;intervention de Trustfire avec une port\u00e9e de jusqu&rsquo;\u00e0 500 m. Faisceau lumineux tr\u00e8s clair. Le pilote \u00e0 LED command\u00e9 par microprocesseur maintient de mani\u00e8re presque constante la luminosit\u00e9 m\u00eame lorsque la puissance de la batterie diminue et propose 5 programmes d&rsquo;\u00e9clairage. High, mid , low, SOS lumi\u00e8re clignotante et stroboscope sont disponibles. Par l&rsquo;interrupteur arri\u00e8re \u00e0 capuchons, on allume et \u00e9teint la lampe et, par une pression l\u00e9g\u00e8re, les programmes d&rsquo;\u00e9clairage sont activ\u00e9s. SOS et lumi\u00e8re stroboscope sont les \u00e9l\u00e9ments-phares pouvant \u00eatre utiles dans les situations d&rsquo;urgence. 1 x dragonne et un support de ceinture en acier \u00e0 ressort sont fournis. La lampe peut fonctionner avec une ou deux batteries. La Trustfire peut \u00eatre r\u00e9duite \u00e0 16 cm, la partie m\u00e9diane peut \u00eatre retir\u00e9e.<\/p>\n<p>1 x ou 2 batteries li-ions de taille 18650 sont suffisantes pour l&rsquo;alimentation \u00e9lectrique. La dur\u00e9e d&rsquo;\u00e9clairage avec la batterie pleine et diff\u00e9rentes intensit\u00e9s lumineuses varie entre 4 h et 14 h. Le design noir mat de la lampe de poche \u00e0 LED en aluminium d&rsquo;avion est d&rsquo;une beaut\u00e9 atemporelle et est inrayable. La lampe de poche est \u00e9tanche \u00e0 la poussi\u00e8re et aux projections d&rsquo;eau.<\/p>\n<p>\n<strong>Information sur le produit :<\/strong><br \/>\nMod\u00e8le : Trustfire X8<br \/>\nCouleur : noir mat<br \/>\nPort\u00e9e d&rsquo;intervention : 500 m.<br \/>\nType : Lampe de poche \u00e0 LED<br \/>\nMat\u00e9riau : Alliage d&rsquo;aluminium<br \/>\nNombre de lampes : 1 Cree XM-L 2 led<br \/>\nLumen : 1000 lm<br \/>\nPoids : 420 g avec 2 batteries<br \/>\nBatterie : 2 x batteries sont fournies<br \/>\nCouleur de lumi\u00e8re : blanche<br \/>\n1 x dragonne<br \/>\n1 x support de ceinture en acier avec ressort<br \/>\n5 x modes de lumi\u00e8re<br \/>\nDimensions : Longueur 24 cm<br \/>\nDiam\u00e8tre arri\u00e8re : 3cm.<br \/>\nDiam\u00e8tre de la t\u00eate : 4.5 cm.<br \/>\nAvec bo\u00eete<\/p>\n<p>\u00a0<\/p>\n<p>Les batteries sont \u00e9galement disponibles \u00e0 l&rsquo;unit\u00e9 chez nous. TF 18650 \/ 3000 mAh \/ 3.7 V Li-ion Prix \u00e0 partir de 12 pc<br \/>\nNous proposons \u00e9galement des chargeurs pour nos batteries.<\/p>\n","protected":false},"excerpt":{"rendered":"<p>Lampe d&rsquo;intervention de Trustfire avec une port\u00e9e de jusqu&rsquo;\u00e0 500 m. Faisceau lumineux tr\u00e8s clair. Le pilote \u00e0 LED command\u00e9 par microprocesseur maintient de mani\u00e8re presque constante la luminosit\u00e9 m\u00eame lorsque la puissance de la batterie diminue et propose 5 programmes d&rsquo;\u00e9clairage. High, mid , low, SOS lumi\u00e8re clignotante et stroboscope sont disponibles. Par l&rsquo;interrupteur [&hellip;]<\/p>\n","protected":false},"featured_media":89837,"comment_status":"open","ping_status":"closed","template":"","meta":{"inline_featured_image":false},"product_brand":[],"product_cat":[1347,1343],"product_tag":[1769,1777,1773,1871,1765],"class_list":{"0":"post-37651","1":"product","2":"type-product","3":"status-publish","4":"has-post-thumbnail","6":"product_cat-accessoires-militaires-de-chasse","7":"product_cat-lampes-lampes-de-poche","8":"product_tag-army-survival-fr","9":"product_tag-camping-voyage","10":"product_tag-chasse-peche","11":"product_tag-lampes-torche-fr","12":"product_tag-sport-outdoor-fr","14":"first","15":"instock","16":"taxable","17":"shipping-taxable","18":"purchasable","19":"product-type-simple"},"_links":{"self":[{"href":"https:\/\/metal-badge.ch\/fr\/wp-json\/wp\/v2\/product\/37651","targetHints":{"allow":["GET"]}}],"collection":[{"href":"https:\/\/metal-badge.ch\/fr\/wp-json\/wp\/v2\/product"}],"about":[{"href":"https:\/\/metal-badge.ch\/fr\/wp-json\/wp\/v2\/types\/product"}],"replies":[{"embeddable":true,"href":"https:\/\/metal-badge.ch\/fr\/wp-json\/wp\/v2\/comments?post=37651"}],"wp:featuredmedia":[{"embeddable":true,"href":"https:\/\/metal-badge.ch\/fr\/wp-json\/wp\/v2\/media\/89837"}],"wp:attachment":[{"href":"https:\/\/metal-badge.ch\/fr\/wp-json\/wp\/v2\/media?parent=37651"}],"wp:term":[{"taxonomy":"product_brand","embeddable":true,"href":"https:\/\/metal-badge.ch\/fr\/wp-json\/wp\/v2\/product_brand?post=37651"},{"taxonomy":"product_cat","embeddable":true,"href":"https:\/\/metal-badge.ch\/fr\/wp-json\/wp\/v2\/product_cat?post=37651"},{"taxonomy":"product_tag","embeddable":true,"href":"https:\/\/metal-badge.ch\/fr\/wp-json\/wp\/v2\/product_tag?post=37651"}],"curies":[{"name":"wp","href":"https:\/\/api.w.org\/{rel}","templated":true}]}}