{"id":37633,"date":"2016-11-21T15:51:53","date_gmt":"2016-11-21T15:51:53","guid":{"rendered":"https:\/\/shop.metal-badge.ch\/?product=trustfire-a8-avec-1000-lumen-led-lumiere-blanche-lampe-de-poche-avec-1-x-batterie-chargeur-et-holster"},"modified":"2020-08-02T02:19:04","modified_gmt":"2020-08-02T02:19:04","slug":"trustfire-a8-avec-1000-lumen-led-lumiere-blanche-lampe-de-poche-avec-1-x-batterie-chargeur-et-holster","status":"publish","type":"product","link":"https:\/\/metal-badge.ch\/fr\/product\/37633\/trustfire-a8-avec-1000-lumen-led-lumiere-blanche-lampe-de-poche-avec-1-x-batterie-chargeur-et-holster\/","title":{"rendered":"Trustfire A8 avec 1000 Lumen, LED lumi\u00e8re blanche, lampe de poche avec 1 x batterie, chargeur et holster"},"content":{"rendered":"<p>Lampe de poche tactique, poids id\u00e9al, tient bien dans la main. Avec joli faisceau rond.\u00a0<\/p>\n<p>Le pilote \u00e0 LED command\u00e9 par microprocesseur maintient de mani\u00e8re presque constante la luminosit\u00e9 m\u00eame lorsque la puissance de la batterie diminue et propose 5 programmes d&rsquo;\u00e9clairage. High, mid , low, SOS lumi\u00e8re clignotante et stroboscope sont disponibles. Par l&rsquo;interrupteur arri\u00e8re \u00e0 capuchons, on allume et \u00e9teint la lampe et, par une pression l\u00e9g\u00e8re, les programmes d&rsquo;\u00e9clairage sont activ\u00e9s. SOS et lumi\u00e8re stroboscope sont les \u00e9l\u00e9ments-phares pouvant \u00eatre utiles dans les situations d&rsquo;urgence. La lampe poss\u00e8de une port\u00e9e d&rsquo;intervention de 300 m.<\/p>\n<p>1 x batterie li-ions de taille 26650 est suffisante pour l&rsquo;alimentation \u00e9lectrique. La dur\u00e9e d&rsquo;\u00e9clairage, lorsque les batteries sont pleines et les diff\u00e9rentes intensit\u00e9s lumineuses varient entre 5 h et 18 h dans le mode low. Le design argent mat de la lampe de poche \u00e0 LED en aluminium d&rsquo;avion est d&rsquo;une beaut\u00e9 atemporelle et est inrayable. La lampe de poche est \u00e9tanche \u00e0 la poussi\u00e8re et aux projections d&rsquo;eau.<\/p>\n<p>\u00a0<\/p>\n<p><strong>Information sur le produit :<\/strong><br \/>\nMod\u00e8le : Trustfire A8 LED<br \/>\nCouleur : argent mat<br \/>\nType : Lampe de poche \u00e0 LED<br \/>\nMat\u00e9riau : Alliage d&rsquo;aluminium<br \/>\nNombre de lampes : 1 Cree XM-L 2 led<br \/>\nLumen : 1000 lm<br \/>\nPort\u00e9e d&rsquo;intervention : env. 300 m<br \/>\nPoids : 260 g avec 1 batterie<br \/>\nCouleur de lumi\u00e8re : blanche<br \/>\n5 x modes de lumi\u00e8re<br \/>\nDimensions : Longueur 14.5 cm<br \/>\nDiam\u00e8tre de la t\u00eate : 3.5 cm.<br \/>\nCompris dans la livraison : 1 x bo\u00eete, 1 x batterie, 1 x chargeur, 1 x holster avec passant de ceinture.<\/p>\n<p>\u00a0<\/p>\n<p>Les batteries sont \u00e9galement disponibles \u00e0 l&rsquo;unit\u00e9 chez nous. TF 26650 \/ 5000 mAh \/ 3.7 V Li-ion Prix \u00e0 partir de 16 pc<\/p>\n","protected":false},"excerpt":{"rendered":"<p>Lampe de poche tactique, poids id\u00e9al, tient bien dans la main. Avec joli faisceau rond.\u00a0 Le pilote \u00e0 LED command\u00e9 par microprocesseur maintient de mani\u00e8re presque constante la luminosit\u00e9 m\u00eame lorsque la puissance de la batterie diminue et propose 5 programmes d&rsquo;\u00e9clairage. High, mid , low, SOS lumi\u00e8re clignotante et stroboscope sont disponibles. Par l&rsquo;interrupteur [&hellip;]<\/p>\n","protected":false},"featured_media":89841,"comment_status":"open","ping_status":"closed","template":"","meta":{"inline_featured_image":false},"product_brand":[],"product_cat":[1347,1343],"product_tag":[1769,1777,1773,1871,1765],"class_list":{"0":"post-37633","1":"product","2":"type-product","3":"status-publish","4":"has-post-thumbnail","6":"product_cat-accessoires-militaires-de-chasse","7":"product_cat-lampes-lampes-de-poche","8":"product_tag-army-survival-fr","9":"product_tag-camping-voyage","10":"product_tag-chasse-peche","11":"product_tag-lampes-torche-fr","12":"product_tag-sport-outdoor-fr","14":"first","15":"instock","16":"taxable","17":"shipping-taxable","18":"purchasable","19":"product-type-simple"},"_links":{"self":[{"href":"https:\/\/metal-badge.ch\/fr\/wp-json\/wp\/v2\/product\/37633","targetHints":{"allow":["GET"]}}],"collection":[{"href":"https:\/\/metal-badge.ch\/fr\/wp-json\/wp\/v2\/product"}],"about":[{"href":"https:\/\/metal-badge.ch\/fr\/wp-json\/wp\/v2\/types\/product"}],"replies":[{"embeddable":true,"href":"https:\/\/metal-badge.ch\/fr\/wp-json\/wp\/v2\/comments?post=37633"}],"wp:featuredmedia":[{"embeddable":true,"href":"https:\/\/metal-badge.ch\/fr\/wp-json\/wp\/v2\/media\/89841"}],"wp:attachment":[{"href":"https:\/\/metal-badge.ch\/fr\/wp-json\/wp\/v2\/media?parent=37633"}],"wp:term":[{"taxonomy":"product_brand","embeddable":true,"href":"https:\/\/metal-badge.ch\/fr\/wp-json\/wp\/v2\/product_brand?post=37633"},{"taxonomy":"product_cat","embeddable":true,"href":"https:\/\/metal-badge.ch\/fr\/wp-json\/wp\/v2\/product_cat?post=37633"},{"taxonomy":"product_tag","embeddable":true,"href":"https:\/\/metal-badge.ch\/fr\/wp-json\/wp\/v2\/product_tag?post=37633"}],"curies":[{"name":"wp","href":"https:\/\/api.w.org\/{rel}","templated":true}]}}