{"id":37622,"date":"2016-11-21T14:16:27","date_gmt":"2016-11-21T14:16:27","guid":{"rendered":"https:\/\/shop.metal-badge.ch\/?product=etui-tactique-a-jumelles-couleur-camouflage"},"modified":"2020-08-02T02:18:59","modified_gmt":"2020-08-02T02:18:59","slug":"etui-tactique-a-jumelles-couleur-camouflage","status":"publish","type":"product","link":"https:\/\/metal-badge.ch\/fr\/product\/37622\/etui-tactique-a-jumelles-couleur-camouflage\/","title":{"rendered":"\u00c9tui tactique \u00e0 jumelles couleur camouflage"},"content":{"rendered":"<p>Cet \u00e9tui tactique \u00e0 jumelles peut servir \u00e9galement de sac de patrouille, un compl\u00e9ment id\u00e9al \u00e0 l&rsquo;\u00e9quipement. Permet de ranger rapidement et en toute s\u00e9curit\u00e9 divers accessoires.<br \/>\nLe couvercle peut \u00eatre ferm\u00e9 sur le c\u00f4t\u00e9 avec deux fermeture-\u00e9clairs. Le sac peut \u00eatre ouvert et ferm\u00e9 rapidement, \u00e9galement uniquement avec le cordon situ\u00e9 devant. Sur les c\u00f4t\u00e9s se trouvent deux sacs en filet pour les batteries et aux accessoires. Les boucles Molle \u00e0 l&rsquo;arri\u00e8re permettent d&rsquo;utiliser cet \u00e9tui tactique de mani\u00e8re optimale. Le sac en lui-m\u00eame est \u00e9quip\u00e9 d&rsquo;une dragonne r\u00e9glable mais peut \u00eatre \u00e9galement fix\u00e9 avec le syst\u00e8me Molle \u00e0 un sac \u00e0 dos ou une ceinture. La dragonne peut \u00eatre retir\u00e9e. Le mat\u00e9riau solide est tr\u00e8s robuste, durable et lavable.<\/p>\n<p><strong>Information sur le produit :<\/strong><br \/>\nPoids\u00a0: 120 g.<br \/>\nDimensions : Largeur 15 m \/ hauteur 17,5 cm \/ profondeur 7,5 cm<br \/>\nMat\u00e9riau : Cordura 1000D<br \/>\nCouleur : Camouflage<\/p>\n<p>\u00c0 partir de 5 pc, nous proposons \u00e9galement des dimensions sur mesure<\/p>\n","protected":false},"excerpt":{"rendered":"<p>Cet \u00e9tui tactique \u00e0 jumelles peut servir \u00e9galement de sac de patrouille, un compl\u00e9ment id\u00e9al \u00e0 l&rsquo;\u00e9quipement. Permet de ranger rapidement et en toute s\u00e9curit\u00e9 divers accessoires. Le couvercle peut \u00eatre ferm\u00e9 sur le c\u00f4t\u00e9 avec deux fermeture-\u00e9clairs. Le sac peut \u00eatre ouvert et ferm\u00e9 rapidement, \u00e9galement uniquement avec le cordon situ\u00e9 devant. Sur les [&hellip;]<\/p>\n","protected":false},"featured_media":89843,"comment_status":"open","ping_status":"closed","template":"","meta":{"inline_featured_image":false},"product_brand":[],"product_cat":[1347,1339,1059,1815],"product_tag":[1769,1777,1773,1781,1765],"class_list":{"0":"post-37622","1":"product","2":"type-product","3":"status-publish","4":"has-post-thumbnail","6":"product_cat-accessoires-militaires-de-chasse","7":"product_cat-jumelles-appareils-de-vision-nocturne","8":"product_cat-sacs","9":"product_cat-sacs-de-transport-de-voyage","10":"product_tag-army-survival-fr","11":"product_tag-camping-voyage","12":"product_tag-chasse-peche","13":"product_tag-police-securite","14":"product_tag-sport-outdoor-fr","16":"first","17":"instock","18":"taxable","19":"shipping-taxable","20":"purchasable","21":"product-type-simple"},"_links":{"self":[{"href":"https:\/\/metal-badge.ch\/fr\/wp-json\/wp\/v2\/product\/37622","targetHints":{"allow":["GET"]}}],"collection":[{"href":"https:\/\/metal-badge.ch\/fr\/wp-json\/wp\/v2\/product"}],"about":[{"href":"https:\/\/metal-badge.ch\/fr\/wp-json\/wp\/v2\/types\/product"}],"replies":[{"embeddable":true,"href":"https:\/\/metal-badge.ch\/fr\/wp-json\/wp\/v2\/comments?post=37622"}],"wp:featuredmedia":[{"embeddable":true,"href":"https:\/\/metal-badge.ch\/fr\/wp-json\/wp\/v2\/media\/89843"}],"wp:attachment":[{"href":"https:\/\/metal-badge.ch\/fr\/wp-json\/wp\/v2\/media?parent=37622"}],"wp:term":[{"taxonomy":"product_brand","embeddable":true,"href":"https:\/\/metal-badge.ch\/fr\/wp-json\/wp\/v2\/product_brand?post=37622"},{"taxonomy":"product_cat","embeddable":true,"href":"https:\/\/metal-badge.ch\/fr\/wp-json\/wp\/v2\/product_cat?post=37622"},{"taxonomy":"product_tag","embeddable":true,"href":"https:\/\/metal-badge.ch\/fr\/wp-json\/wp\/v2\/product_tag?post=37622"}],"curies":[{"name":"wp","href":"https:\/\/api.w.org\/{rel}","templated":true}]}}