{"id":37600,"date":"2016-11-21T11:41:44","date_gmt":"2016-11-21T11:41:44","guid":{"rendered":"https:\/\/shop.metal-badge.ch\/?product=sj-125-monoculaire-12-x-25"},"modified":"2021-04-22T08:16:37","modified_gmt":"2021-04-22T06:16:37","slug":"sj-125-monoculaire-12-x-25","status":"publish","type":"product","link":"https:\/\/metal-badge.ch\/fr\/product\/37600\/sj-125-monoculaire-12-x-25\/","title":{"rendered":"SJ \u2013 125 Monoculaire 12 x 25"},"content":{"rendered":"<p>Gr\u00e2ce au verre de prisme de premi\u00e8re classe BaK-7 et au rev\u00eatement multiple, ce monoculaire offre une prestation impressionnante. Avec finitions en caoutchouc et couleur camouflage.<br \/>\n\u00a0<\/p>\n<p><strong>D\u00e9tails techniques<\/strong><\/p>\n<table border=\"0\" cellpadding=\"0\" cellspacing=\"0\">\n<tbody>\n<tr>\n<td>Poids\u00a0:<\/td>\n<td>110 g<\/td>\n<\/tr>\n<tr>\n<td>Diam\u00e8tre de l&rsquo;objectif :<\/td>\n<td>25 mm<\/td>\n<\/tr>\n<tr>\n<td>Agrandissement :<\/td>\n<td>10 fois<\/td>\n<\/tr>\n<tr>\n<td>Pupille de sortie :<\/td>\n<td>3.0 mm<\/td>\n<\/tr>\n<tr>\n<td>\u00c9cart de l&rsquo;\u0153il :<\/td>\n<td>25 mm<\/td>\n<\/tr>\n<tr>\n<td>Dimensions :<\/td>\n<td>Longueur 11,5 cm \/ diam\u00e8tre 3,0 cm<\/td>\n<\/tr>\n<tr>\n<td>Avec dragonne et \u00e9tui<\/td>\n<td>\u00a0<\/td>\n<\/tr>\n<\/tbody>\n<\/table>\n","protected":false},"excerpt":{"rendered":"<p>Gr\u00e2ce au verre de prisme de premi\u00e8re classe BaK-7 et au rev\u00eatement multiple, ce monoculaire offre une prestation impressionnante. Avec finitions en caoutchouc et couleur camouflage. \u00a0 D\u00e9tails techniques Poids\u00a0: 110 g Diam\u00e8tre de l&rsquo;objectif : 25 mm Agrandissement : 10 fois Pupille de sortie : 3.0 mm \u00c9cart de l&rsquo;\u0153il : 25 mm Dimensions [&hellip;]<\/p>\n","protected":false},"featured_media":102442,"comment_status":"open","ping_status":"closed","template":"","meta":{"inline_featured_image":false},"product_brand":[],"product_cat":[1347,1339],"product_tag":[1769,1777,1773,1781,1765],"class_list":{"0":"post-37600","1":"product","2":"type-product","3":"status-publish","4":"has-post-thumbnail","6":"product_cat-accessoires-militaires-de-chasse","7":"product_cat-jumelles-appareils-de-vision-nocturne","8":"product_tag-army-survival-fr","9":"product_tag-camping-voyage","10":"product_tag-chasse-peche","11":"product_tag-police-securite","12":"product_tag-sport-outdoor-fr","14":"first","15":"instock","16":"taxable","17":"shipping-taxable","18":"purchasable","19":"product-type-simple"},"_links":{"self":[{"href":"https:\/\/metal-badge.ch\/fr\/wp-json\/wp\/v2\/product\/37600","targetHints":{"allow":["GET"]}}],"collection":[{"href":"https:\/\/metal-badge.ch\/fr\/wp-json\/wp\/v2\/product"}],"about":[{"href":"https:\/\/metal-badge.ch\/fr\/wp-json\/wp\/v2\/types\/product"}],"replies":[{"embeddable":true,"href":"https:\/\/metal-badge.ch\/fr\/wp-json\/wp\/v2\/comments?post=37600"}],"wp:featuredmedia":[{"embeddable":true,"href":"https:\/\/metal-badge.ch\/fr\/wp-json\/wp\/v2\/media\/102442"}],"wp:attachment":[{"href":"https:\/\/metal-badge.ch\/fr\/wp-json\/wp\/v2\/media?parent=37600"}],"wp:term":[{"taxonomy":"product_brand","embeddable":true,"href":"https:\/\/metal-badge.ch\/fr\/wp-json\/wp\/v2\/product_brand?post=37600"},{"taxonomy":"product_cat","embeddable":true,"href":"https:\/\/metal-badge.ch\/fr\/wp-json\/wp\/v2\/product_cat?post=37600"},{"taxonomy":"product_tag","embeddable":true,"href":"https:\/\/metal-badge.ch\/fr\/wp-json\/wp\/v2\/product_tag?post=37600"}],"curies":[{"name":"wp","href":"https:\/\/api.w.org\/{rel}","templated":true}]}}