{"id":37590,"date":"2016-11-21T11:29:10","date_gmt":"2016-11-21T11:29:10","guid":{"rendered":"https:\/\/shop.metal-badge.ch\/?product=monoculaire-luger-md-6x30"},"modified":"2024-03-09T17:41:33","modified_gmt":"2024-03-09T16:41:33","slug":"monoculaire-luger-md-6x30","status":"publish","type":"product","link":"https:\/\/metal-badge.ch\/fr\/product\/37590\/monoculaire-luger-md-6x30\/","title":{"rendered":"Monoculaire Luger MD 6&#215;30"},"content":{"rendered":"<p>Le bon partenaire pour la bonne vision . le grand champ de vision de LUGER MD 6&#215;30 de 183m\/1000m permet avec l&rsquo;optique pr\u00e9cise une vision tr\u00e8s large, absolument claire avec des dimensions tr\u00e8s compactes. Les \u0153ill\u00e8res d\u00e9vissables offrent \u00e9galement une vision optimale, m\u00eame aux porteurs de lunettes. Le filetage int\u00e9gr\u00e9 pour tr\u00e9pied permet un montage sans effort sur un tr\u00e9pied. Les \u00e9tuis et la dragonne sont livr\u00e9s avec le monoculaire.<\/p>\n<p>\u00a0<\/p>\n<p><strong>Information sur le produit :<\/strong><\/p>\n<ul>\n<li>Agrandissement : 6 x<\/li>\n<li>Diam\u00e8tre de l&rsquo;objectif : 30 mm.<\/li>\n<li>Champ de vision (1000 m) : 183 m.<\/li>\n<li>Champ de vision en degr\u00e9s : 10.5\u00b0<\/li>\n<li>R\u00e9glage le plus court de pr\u00e8s : 4 m.<\/li>\n<li>Prisme : BK7<\/li>\n<li>Pupille de sortie : Diam\u00e8tre 5 mm<\/li>\n<li>Chiffre de cr\u00e9puscule : 13.4<\/li>\n<li>Dimensions : L 11.5cm \/ H 6.0cm<\/li>\n<li>Couleur : gris argent<\/li>\n<li>Poids\u00a0: 220 g.<\/li>\n<\/ul>\n","protected":false},"excerpt":{"rendered":"<p>Le bon partenaire pour la bonne vision . le grand champ de vision de LUGER MD 6&#215;30 de 183m\/1000m permet avec l&rsquo;optique pr\u00e9cise une vision tr\u00e8s large, absolument claire avec des dimensions tr\u00e8s compactes. Les \u0153ill\u00e8res d\u00e9vissables offrent \u00e9galement une vision optimale, m\u00eame aux porteurs de lunettes. Le filetage int\u00e9gr\u00e9 pour tr\u00e9pied permet un montage [&hellip;]<\/p>\n","protected":false},"featured_media":102426,"comment_status":"open","ping_status":"closed","template":"","meta":{"inline_featured_image":false},"product_brand":[],"product_cat":[1347,1339],"product_tag":[1769,1777,1773,1781,1765],"class_list":{"0":"post-37590","1":"product","2":"type-product","3":"status-publish","4":"has-post-thumbnail","6":"product_cat-accessoires-militaires-de-chasse","7":"product_cat-jumelles-appareils-de-vision-nocturne","8":"product_tag-army-survival-fr","9":"product_tag-camping-voyage","10":"product_tag-chasse-peche","11":"product_tag-police-securite","12":"product_tag-sport-outdoor-fr","14":"first","15":"outofstock","16":"taxable","17":"shipping-taxable","18":"purchasable","19":"product-type-simple"},"_links":{"self":[{"href":"https:\/\/metal-badge.ch\/fr\/wp-json\/wp\/v2\/product\/37590","targetHints":{"allow":["GET"]}}],"collection":[{"href":"https:\/\/metal-badge.ch\/fr\/wp-json\/wp\/v2\/product"}],"about":[{"href":"https:\/\/metal-badge.ch\/fr\/wp-json\/wp\/v2\/types\/product"}],"replies":[{"embeddable":true,"href":"https:\/\/metal-badge.ch\/fr\/wp-json\/wp\/v2\/comments?post=37590"}],"wp:featuredmedia":[{"embeddable":true,"href":"https:\/\/metal-badge.ch\/fr\/wp-json\/wp\/v2\/media\/102426"}],"wp:attachment":[{"href":"https:\/\/metal-badge.ch\/fr\/wp-json\/wp\/v2\/media?parent=37590"}],"wp:term":[{"taxonomy":"product_brand","embeddable":true,"href":"https:\/\/metal-badge.ch\/fr\/wp-json\/wp\/v2\/product_brand?post=37590"},{"taxonomy":"product_cat","embeddable":true,"href":"https:\/\/metal-badge.ch\/fr\/wp-json\/wp\/v2\/product_cat?post=37590"},{"taxonomy":"product_tag","embeddable":true,"href":"https:\/\/metal-badge.ch\/fr\/wp-json\/wp\/v2\/product_tag?post=37590"}],"curies":[{"name":"wp","href":"https:\/\/api.w.org\/{rel}","templated":true}]}}