{"id":37568,"date":"2016-11-21T11:01:18","date_gmt":"2016-11-21T11:01:18","guid":{"rendered":"https:\/\/shop.metal-badge.ch\/?product=jumelles-compactes-16-x-32"},"modified":"2021-04-22T07:45:20","modified_gmt":"2021-04-22T05:45:20","slug":"jumelles-compactes-16-x-32","status":"publish","type":"product","link":"https:\/\/metal-badge.ch\/fr\/product\/37568\/jumelles-compactes-16-x-32\/","title":{"rendered":"Jumelles compactes 16 x 32"},"content":{"rendered":"<p>Que ce soit en voyage, en vacances, en randonn\u00e9e, pour faire de l&rsquo;escalade, du sport ou observer les oiseaux et la nature :<br \/>\navec ces jumelles puissantes au format compact de poche, vous avez tous les objets, m\u00eame tr\u00e8s \u00e9loign\u00e9s, \u00e0 port\u00e9e de main.\u00a0 L&rsquo;agrandissement x 12 vous offre des vues \u00e0 couper le souffle, riches en d\u00e9tails, dans de nombreuses occasions.<br \/>\nR\u00e9jouissez-vous d&rsquo;un grand champ de vision et d&rsquo;une bonne intensit\u00e9 lumineuse. La grande qualit\u00e9 de l&rsquo;optique garantit en plus des images riches en contraste, nettes, sans reflet g\u00eanant.<\/p>\n<p>Une visibilit\u00e9 parfaite : Avec la grande molette de mise au point, vous pouvez r\u00e9gler vos nouvelles jumelles polyvalentes en un \u00e9clair sur l&rsquo;objet de votre choix. La double articulation et la possibilit\u00e9 de correction des dioptries permet d&rsquo;ajuster les jumelles \u00e0 leur utilisateur.<br \/>\nLes porteurs de lunettes ne seront pas les seuls \u00e0 se r\u00e9jouir des \u0153ill\u00e8res amovibles. M\u00eame apr\u00e8s de longues observations, vous saurez appr\u00e9cier cette caract\u00e9ristique agr\u00e9able.<\/p>\n<p>\u00a0<\/p>\n<p><strong>Information sur le produit :<\/strong><\/p>\n<ul>\n<li>Jumelles polyvalentes pour voyager, randonner, faire de l&rsquo;escalade, du sport, observer la nature et les oiseaux etc.<\/li>\n<li>Agrandissement : 12 x<\/li>\n<li>Diam\u00e8tre de l&rsquo;objectif : 32 mm.<\/li>\n<li>Prisme : BK7<\/li>\n<li>Pupille de sortie : 2.0 mm.<\/li>\n<li>\u00c9cart de l&rsquo;\u0153il : 13.5 mm.\u00a0<\/li>\n<li>Optique de grande qualit\u00e9<\/li>\n<li>Structure compacte<\/li>\n<li>Correction int\u00e9gr\u00e9e des dioptries pour un r\u00e9glage individuel<\/li>\n<li>R\u00e9glage rapide et facile de la nettet\u00e9 gr\u00e2ce \u00e0 la grande molette<\/li>\n<li>Double articulation pour le r\u00e9glage facile \u00e0 l&rsquo;\u00e9cart de l&rsquo;\u0153il.<\/li>\n<li>\u0152ill\u00e8res souples<\/li>\n<li>Surface recouverte de caoutchouc pour une bonne tenue<\/li>\n<li>Dimensions : Ouvertes : 13.5cm \/ l 12.5 cm \/ H 4.0 cm<\/li>\n<li>Dimensions : repli\u00e9es : L 13.5cm \/ l 7.5cm \/ H 4.0 cm<\/li>\n<li>Poids : 294 g.<\/li>\n<li>Couleur : noir<\/li>\n<li>Avec chiffon de nettoyage en microfibre, dragonne, \u00e9tui<\/li>\n<\/ul>\n","protected":false},"excerpt":{"rendered":"<p>Que ce soit en voyage, en vacances, en randonn\u00e9e, pour faire de l&rsquo;escalade, du sport ou observer les oiseaux et la nature : avec ces jumelles puissantes au format compact de poche, vous avez tous les objets, m\u00eame tr\u00e8s \u00e9loign\u00e9s, \u00e0 port\u00e9e de main.\u00a0 L&rsquo;agrandissement x 12 vous offre des vues \u00e0 couper le souffle, [&hellip;]<\/p>\n","protected":false},"featured_media":102410,"comment_status":"open","ping_status":"closed","template":"","meta":{"inline_featured_image":false},"product_brand":[],"product_cat":[1347,1339],"product_tag":[1769,1777,1773,1781,1765],"class_list":{"0":"post-37568","1":"product","2":"type-product","3":"status-publish","4":"has-post-thumbnail","6":"product_cat-accessoires-militaires-de-chasse","7":"product_cat-jumelles-appareils-de-vision-nocturne","8":"product_tag-army-survival-fr","9":"product_tag-camping-voyage","10":"product_tag-chasse-peche","11":"product_tag-police-securite","12":"product_tag-sport-outdoor-fr","14":"first","15":"instock","16":"taxable","17":"shipping-taxable","18":"purchasable","19":"product-type-simple"},"_links":{"self":[{"href":"https:\/\/metal-badge.ch\/fr\/wp-json\/wp\/v2\/product\/37568","targetHints":{"allow":["GET"]}}],"collection":[{"href":"https:\/\/metal-badge.ch\/fr\/wp-json\/wp\/v2\/product"}],"about":[{"href":"https:\/\/metal-badge.ch\/fr\/wp-json\/wp\/v2\/types\/product"}],"replies":[{"embeddable":true,"href":"https:\/\/metal-badge.ch\/fr\/wp-json\/wp\/v2\/comments?post=37568"}],"wp:featuredmedia":[{"embeddable":true,"href":"https:\/\/metal-badge.ch\/fr\/wp-json\/wp\/v2\/media\/102410"}],"wp:attachment":[{"href":"https:\/\/metal-badge.ch\/fr\/wp-json\/wp\/v2\/media?parent=37568"}],"wp:term":[{"taxonomy":"product_brand","embeddable":true,"href":"https:\/\/metal-badge.ch\/fr\/wp-json\/wp\/v2\/product_brand?post=37568"},{"taxonomy":"product_cat","embeddable":true,"href":"https:\/\/metal-badge.ch\/fr\/wp-json\/wp\/v2\/product_cat?post=37568"},{"taxonomy":"product_tag","embeddable":true,"href":"https:\/\/metal-badge.ch\/fr\/wp-json\/wp\/v2\/product_tag?post=37568"}],"curies":[{"name":"wp","href":"https:\/\/api.w.org\/{rel}","templated":true}]}}