{"id":37557,"date":"2016-11-21T10:45:07","date_gmt":"2016-11-21T10:45:07","guid":{"rendered":"https:\/\/shop.metal-badge.ch\/?product=carquois-en-cuir-dur-pour-jumelles"},"modified":"2016-11-21T10:45:43","modified_gmt":"2016-11-21T10:45:43","slug":"carquois-en-cuir-dur-pour-jumelles","status":"publish","type":"product","link":"https:\/\/metal-badge.ch\/fr\/product\/37557\/carquois-en-cuir-dur-pour-jumelles\/","title":{"rendered":"Carquois en cuir dur pour jumelles"},"content":{"rendered":"<p>Ce \u00e9tui \u00e0 jumelles en cuir de vachette v\u00e9ritable noir est adapt\u00e9 \u00e0 de nombreux petits formats de jumelles. Avec fermeture pivotante \u00e9l\u00e9gante, argent\u00e9e, et sangle r\u00e9glable d&rsquo;\u00e9paule en cuir. \u00c0 l&rsquo;int\u00e9rieur, l&rsquo;\u00e9tui en cuir est couvert de velours noir.<\/p>\n<p><strong>Information sur le produit :<\/strong><br \/>\nCouleur : Noir<br \/>\nMat\u00e9riau : Cuir vachette<br \/>\nDimensions : Hauteur 14 cm \/ largeur 13.0 cm \/ profondeur 7.0 cm<br \/>\nPoids\u00a0: 440 g<\/p>\n<p>Ce carquois est disponible dans diverses dimensions. Consultez \u00e9galement les autres offres de la boutique. Contactez-nous. Nous fabriquons \u00e9galement sur mesure.<\/p>\n","protected":false},"excerpt":{"rendered":"<p>Ce \u00e9tui \u00e0 jumelles en cuir de vachette v\u00e9ritable noir est adapt\u00e9 \u00e0 de nombreux petits formats de jumelles. Avec fermeture pivotante \u00e9l\u00e9gante, argent\u00e9e, et sangle r\u00e9glable d&rsquo;\u00e9paule en cuir. \u00c0 l&rsquo;int\u00e9rieur, l&rsquo;\u00e9tui en cuir est couvert de velours noir. Information sur le produit : Couleur : Noir Mat\u00e9riau : Cuir vachette Dimensions : Hauteur [&hellip;]<\/p>\n","protected":false},"featured_media":89851,"comment_status":"open","ping_status":"closed","template":"","meta":{"inline_featured_image":false},"product_brand":[],"product_cat":[1347,1339,1059,1815],"product_tag":[1769,1777,1773,1781,1765],"class_list":{"0":"post-37557","1":"product","2":"type-product","3":"status-publish","4":"has-post-thumbnail","6":"product_cat-accessoires-militaires-de-chasse","7":"product_cat-jumelles-appareils-de-vision-nocturne","8":"product_cat-sacs","9":"product_cat-sacs-de-transport-de-voyage","10":"product_tag-army-survival-fr","11":"product_tag-camping-voyage","12":"product_tag-chasse-peche","13":"product_tag-police-securite","14":"product_tag-sport-outdoor-fr","16":"first","17":"instock","18":"taxable","19":"shipping-taxable","20":"purchasable","21":"product-type-simple"},"_links":{"self":[{"href":"https:\/\/metal-badge.ch\/fr\/wp-json\/wp\/v2\/product\/37557","targetHints":{"allow":["GET"]}}],"collection":[{"href":"https:\/\/metal-badge.ch\/fr\/wp-json\/wp\/v2\/product"}],"about":[{"href":"https:\/\/metal-badge.ch\/fr\/wp-json\/wp\/v2\/types\/product"}],"replies":[{"embeddable":true,"href":"https:\/\/metal-badge.ch\/fr\/wp-json\/wp\/v2\/comments?post=37557"}],"wp:featuredmedia":[{"embeddable":true,"href":"https:\/\/metal-badge.ch\/fr\/wp-json\/wp\/v2\/media\/89851"}],"wp:attachment":[{"href":"https:\/\/metal-badge.ch\/fr\/wp-json\/wp\/v2\/media?parent=37557"}],"wp:term":[{"taxonomy":"product_brand","embeddable":true,"href":"https:\/\/metal-badge.ch\/fr\/wp-json\/wp\/v2\/product_brand?post=37557"},{"taxonomy":"product_cat","embeddable":true,"href":"https:\/\/metal-badge.ch\/fr\/wp-json\/wp\/v2\/product_cat?post=37557"},{"taxonomy":"product_tag","embeddable":true,"href":"https:\/\/metal-badge.ch\/fr\/wp-json\/wp\/v2\/product_tag?post=37557"}],"curies":[{"name":"wp","href":"https:\/\/api.w.org\/{rel}","templated":true}]}}