{"id":37535,"date":"2016-11-21T10:02:05","date_gmt":"2016-11-21T10:02:05","guid":{"rendered":"https:\/\/shop.metal-badge.ch\/?product=jumelles-8-x-40-dp-couleur-camouflage"},"modified":"2022-01-19T17:35:11","modified_gmt":"2022-01-19T16:35:11","slug":"jumelles-couleur-camouflage","status":"publish","type":"product","link":"https:\/\/metal-badge.ch\/fr\/product\/37535\/jumelles-couleur-camouflage\/","title":{"rendered":"Jumelles couleur camouflage"},"content":{"rendered":"<p>Jumelles solides et \u00e9tanches avec grand \u00e9cart avec la pupille de sortie pour un champ de vision clair, m\u00eame pour les porteurs de lunettes. \u0152illets pivotantes et basculantes avec multi-clic pour faciliter l&rsquo;orientation des yeux. Par le remplissage d&rsquo;azote, les jumelles ne peuvent pas se recouvrir de bu\u00e9e et permettent une bonne visibilit\u00e9 par tous les temps. Avec les finitions en caoutchouc absorbant les chocs et gr\u00e2ce \u00e0 la bonne prise en main, les jumelles sont adapt\u00e9es \u00e0 un grand nombre d&rsquo;activit\u00e9s d&rsquo;ext\u00e9rieur.<\/p>\n<p><strong>Information sur le produit :<\/strong><\/p>\n<ul>\n<li>\u00e9tanche (pendant 5 minutes jusqu&rsquo;\u00e0 1 m de profondeur) et sans bu\u00e9e<\/li>\n<li>Remplissage d&rsquo;azote<\/li>\n<li>Le grand \u00e9cart de la pupille de sortie garantit un champ de vision clair \u00e9galement pour les porteurs de lunettes.<\/li>\n<li>Les \u0153ill\u00e8res mobiles en caoutchouc avec plusieurs positions permettent de trouver facilement la bonne position de la pupille d sortie.<\/li>\n<li>Les lentilles recouvertes de plusieurs cours et le grand diam\u00e8tre de l&rsquo;objectif garantissent une image extr\u00eamement claire.<\/li>\n<li>Finitions en caoutchouc pour une grande r\u00e9sistance aux chocs et une manipulation s\u00fbre et confortable<\/li>\n<li>Grande molette, facile \u00e0 manipuler m\u00eame avec des gants.<\/li>\n<li>Agrandissement : 8 fois \/ 10 fois<\/li>\n<li>Diam\u00e8tre de la lentille : 40 mm. \/ 50mm<\/li>\n<li>Pupille de sortie : 5 mm.<\/li>\n<li>\u00c9cart de l&rsquo;\u0153il : 19,2 tr\u00e8s bon pour les porteurs de lunettes<\/li>\n<li>Position nette : mise au point centrale (molette)<\/li>\n<li>Poids : 760 g \/ 970 gr.<\/li>\n<li>Prisme : BK4<\/li>\n<li>Angle de vision . 7.5\u00b0<\/li>\n<li>Couleur : Camouflage<\/li>\n<li>Dimensions :<br \/>\n<strong>8 x 40 <\/strong>(Largeur 18.7 cm \/ longueur 14.2 cm \/ hauteur 6.2 cm)<br \/>\n<strong>10 x 50 <\/strong>(Largeur 18.7 cm \/ longueur 17cm \/ hauteur 6.2 cm)<\/li>\n<li>Compris dans la livraison : \u00c9tui avec chiffon et nettoyage et courroie de transport<\/li>\n<\/ul>\n","protected":false},"excerpt":{"rendered":"<p>Jumelles solides et \u00e9tanches avec grand \u00e9cart avec la pupille de sortie pour un champ de vision clair, m\u00eame pour les porteurs de lunettes. \u0152illets pivotantes et basculantes avec multi-clic pour faciliter l&rsquo;orientation des yeux. Par le remplissage d&rsquo;azote, les jumelles ne peuvent pas se recouvrir de bu\u00e9e et permettent une bonne visibilit\u00e9 par tous les temps. Avec les finitions en caoutchouc absorbant les chocs et gr\u00e2ce \u00e0 la bonne prise en main, les jumelles sont adapt\u00e9es \u00e0 un grand nombre d&rsquo;activit\u00e9s d&rsquo;ext\u00e9rieur.<\/p>\n","protected":false},"featured_media":102378,"comment_status":"open","ping_status":"closed","template":"","meta":{"inline_featured_image":false},"product_brand":[],"product_cat":[1347,1339],"product_tag":[1769,1777,1773,1781,1765],"class_list":{"0":"post-37535","1":"product","2":"type-product","3":"status-publish","4":"has-post-thumbnail","6":"product_cat-accessoires-militaires-de-chasse","7":"product_cat-jumelles-appareils-de-vision-nocturne","8":"product_tag-army-survival-fr","9":"product_tag-camping-voyage","10":"product_tag-chasse-peche","11":"product_tag-police-securite","12":"product_tag-sport-outdoor-fr","14":"first","15":"instock","16":"taxable","17":"shipping-taxable","18":"purchasable","19":"product-type-simple"},"_links":{"self":[{"href":"https:\/\/metal-badge.ch\/fr\/wp-json\/wp\/v2\/product\/37535","targetHints":{"allow":["GET"]}}],"collection":[{"href":"https:\/\/metal-badge.ch\/fr\/wp-json\/wp\/v2\/product"}],"about":[{"href":"https:\/\/metal-badge.ch\/fr\/wp-json\/wp\/v2\/types\/product"}],"replies":[{"embeddable":true,"href":"https:\/\/metal-badge.ch\/fr\/wp-json\/wp\/v2\/comments?post=37535"}],"wp:featuredmedia":[{"embeddable":true,"href":"https:\/\/metal-badge.ch\/fr\/wp-json\/wp\/v2\/media\/102378"}],"wp:attachment":[{"href":"https:\/\/metal-badge.ch\/fr\/wp-json\/wp\/v2\/media?parent=37535"}],"wp:term":[{"taxonomy":"product_brand","embeddable":true,"href":"https:\/\/metal-badge.ch\/fr\/wp-json\/wp\/v2\/product_brand?post=37535"},{"taxonomy":"product_cat","embeddable":true,"href":"https:\/\/metal-badge.ch\/fr\/wp-json\/wp\/v2\/product_cat?post=37535"},{"taxonomy":"product_tag","embeddable":true,"href":"https:\/\/metal-badge.ch\/fr\/wp-json\/wp\/v2\/product_tag?post=37535"}],"curies":[{"name":"wp","href":"https:\/\/api.w.org\/{rel}","templated":true}]}}