{"id":37524,"date":"2016-11-21T09:47:00","date_gmt":"2016-11-21T09:47:00","guid":{"rendered":"https:\/\/shop.metal-badge.ch\/?product=jumelles-sj-075-standard-7x35"},"modified":"2021-04-22T07:35:54","modified_gmt":"2021-04-22T05:35:54","slug":"jumelles-sj-075-standard-7x35","status":"publish","type":"product","link":"https:\/\/metal-badge.ch\/fr\/product\/37524\/jumelles-sj-075-standard-7x35\/","title":{"rendered":"Jumelles SJ-075 Standard 7&#215;35"},"content":{"rendered":"<p>Jumelles ergonomiques avec bo\u00eetier classique avec prismes BK9 et finitioons en plastique et caoutchouc Une visibilit\u00e9 parfaite : Avec la grande molette de mise au point, vous pouvez r\u00e9gler vos nouvelles jumelles polyvalentes en un \u00e9clair sur l&rsquo;objet de votre choix.<\/p>\n<p><strong>Information sur le produit :<\/strong><br \/>\nAngle de vision . 7.5\u00b0<br \/>\nPupille de sortie : 6.5 mm.<br \/>\n\u00c9cart de l&rsquo;\u0153il : 15 mm.<br \/>\nPrisme : BK9<br \/>\nDiam\u00e8tre de l&rsquo;objectif : 35 mm.<br \/>\nAgrandissement : 7 x<br \/>\nDimensions : pli\u00e9es L 15cm \/ l 14.5cm \/ H 6.5 cm<br \/>\nDimensions ouvertes : L 15cm \/ l 16.5 cm \/ H 6.5cm<br \/>\nCouleur : olive \/ noir<br \/>\nPoids\u00a0: 490 g.<\/p>\n","protected":false},"excerpt":{"rendered":"<p>Jumelles ergonomiques avec bo\u00eetier classique avec prismes BK9 et finitioons en plastique et caoutchouc Une visibilit\u00e9 parfaite : Avec la grande molette de mise au point, vous pouvez r\u00e9gler vos nouvelles jumelles polyvalentes en un \u00e9clair sur l&rsquo;objet de votre choix. Information sur le produit : Angle de vision . 7.5\u00b0 Pupille de sortie : [&hellip;]<\/p>\n","protected":false},"featured_media":102402,"comment_status":"open","ping_status":"closed","template":"","meta":{"inline_featured_image":false},"product_brand":[],"product_cat":[1347,1339],"product_tag":[1769,1777,1773,1781,1765],"class_list":{"0":"post-37524","1":"product","2":"type-product","3":"status-publish","4":"has-post-thumbnail","6":"product_cat-accessoires-militaires-de-chasse","7":"product_cat-jumelles-appareils-de-vision-nocturne","8":"product_tag-army-survival-fr","9":"product_tag-camping-voyage","10":"product_tag-chasse-peche","11":"product_tag-police-securite","12":"product_tag-sport-outdoor-fr","14":"first","15":"instock","16":"taxable","17":"shipping-taxable","18":"purchasable","19":"product-type-simple"},"_links":{"self":[{"href":"https:\/\/metal-badge.ch\/fr\/wp-json\/wp\/v2\/product\/37524","targetHints":{"allow":["GET"]}}],"collection":[{"href":"https:\/\/metal-badge.ch\/fr\/wp-json\/wp\/v2\/product"}],"about":[{"href":"https:\/\/metal-badge.ch\/fr\/wp-json\/wp\/v2\/types\/product"}],"replies":[{"embeddable":true,"href":"https:\/\/metal-badge.ch\/fr\/wp-json\/wp\/v2\/comments?post=37524"}],"wp:featuredmedia":[{"embeddable":true,"href":"https:\/\/metal-badge.ch\/fr\/wp-json\/wp\/v2\/media\/102402"}],"wp:attachment":[{"href":"https:\/\/metal-badge.ch\/fr\/wp-json\/wp\/v2\/media?parent=37524"}],"wp:term":[{"taxonomy":"product_brand","embeddable":true,"href":"https:\/\/metal-badge.ch\/fr\/wp-json\/wp\/v2\/product_brand?post=37524"},{"taxonomy":"product_cat","embeddable":true,"href":"https:\/\/metal-badge.ch\/fr\/wp-json\/wp\/v2\/product_cat?post=37524"},{"taxonomy":"product_tag","embeddable":true,"href":"https:\/\/metal-badge.ch\/fr\/wp-json\/wp\/v2\/product_tag?post=37524"}],"curies":[{"name":"wp","href":"https:\/\/api.w.org\/{rel}","templated":true}]}}