{"id":37514,"date":"2016-11-21T09:06:11","date_gmt":"2016-11-21T09:06:11","guid":{"rendered":"https:\/\/shop.metal-badge.ch\/?product=jumelles-petites-30x60"},"modified":"2021-04-22T07:25:11","modified_gmt":"2021-04-22T05:25:11","slug":"jumelles-petites-30x60","status":"publish","type":"product","link":"https:\/\/metal-badge.ch\/fr\/product\/37514\/jumelles-petites-30x60\/","title":{"rendered":"Jumelles petites 30&#215;60"},"content":{"rendered":"<p>Petites jumelles compactes, id\u00e9ales pour les voyages, les randonn\u00e9es, les \u00e9v\u00e9nements sportifs, les concerts etc.<br \/>\nPoids l\u00e9ger et petit mod\u00e8le. Bon rapport qualit\u00e9-prix.<\/p>\n<p><strong>Information sur le produit :<\/strong><br \/>\nAgrandissement : 30X<br \/>\nDiam\u00e8tre de l&rsquo;objectif : 22mm<br \/>\nChamp de vision : 126m\/1000m<br \/>\nChamp : 7.2<br \/>\nCouleur : Noir<br \/>\nDimensions pli\u00e9es : Largeur 6 cm x Longueur 9.5 cm x\u00a0 hauteur 4.0 cm<br \/>\nDimensions ouvertes :\u00a0 Largeur 10 cm \/ longueur 9.5 cm \/ hauteur 4.0 cm<br \/>\nPoids : 180 g<br \/>\nAccessoires\u00a0 : 1 x \u00e9tui en nylon \/ 1 x chiffon de nettoyage<br \/>\n\u00a0<\/p>\n","protected":false},"excerpt":{"rendered":"<p>Petites jumelles compactes, id\u00e9ales pour les voyages, les randonn\u00e9es, les \u00e9v\u00e9nements sportifs, les concerts etc. Poids l\u00e9ger et petit mod\u00e8le. Bon rapport qualit\u00e9-prix. Information sur le produit : Agrandissement : 30X Diam\u00e8tre de l&rsquo;objectif : 22mm Champ de vision : 126m\/1000m Champ : 7.2 Couleur : Noir Dimensions pli\u00e9es : Largeur 6 cm x Longueur [&hellip;]<\/p>\n","protected":false},"featured_media":102390,"comment_status":"open","ping_status":"closed","template":"","meta":{"inline_featured_image":false},"product_brand":[],"product_cat":[1347,1339],"product_tag":[1769,1777,1773,1781,1765],"class_list":{"0":"post-37514","1":"product","2":"type-product","3":"status-publish","4":"has-post-thumbnail","6":"product_cat-accessoires-militaires-de-chasse","7":"product_cat-jumelles-appareils-de-vision-nocturne","8":"product_tag-army-survival-fr","9":"product_tag-camping-voyage","10":"product_tag-chasse-peche","11":"product_tag-police-securite","12":"product_tag-sport-outdoor-fr","14":"first","15":"instock","16":"taxable","17":"shipping-taxable","18":"purchasable","19":"product-type-simple"},"_links":{"self":[{"href":"https:\/\/metal-badge.ch\/fr\/wp-json\/wp\/v2\/product\/37514","targetHints":{"allow":["GET"]}}],"collection":[{"href":"https:\/\/metal-badge.ch\/fr\/wp-json\/wp\/v2\/product"}],"about":[{"href":"https:\/\/metal-badge.ch\/fr\/wp-json\/wp\/v2\/types\/product"}],"replies":[{"embeddable":true,"href":"https:\/\/metal-badge.ch\/fr\/wp-json\/wp\/v2\/comments?post=37514"}],"wp:featuredmedia":[{"embeddable":true,"href":"https:\/\/metal-badge.ch\/fr\/wp-json\/wp\/v2\/media\/102390"}],"wp:attachment":[{"href":"https:\/\/metal-badge.ch\/fr\/wp-json\/wp\/v2\/media?parent=37514"}],"wp:term":[{"taxonomy":"product_brand","embeddable":true,"href":"https:\/\/metal-badge.ch\/fr\/wp-json\/wp\/v2\/product_brand?post=37514"},{"taxonomy":"product_cat","embeddable":true,"href":"https:\/\/metal-badge.ch\/fr\/wp-json\/wp\/v2\/product_cat?post=37514"},{"taxonomy":"product_tag","embeddable":true,"href":"https:\/\/metal-badge.ch\/fr\/wp-json\/wp\/v2\/product_tag?post=37514"}],"curies":[{"name":"wp","href":"https:\/\/api.w.org\/{rel}","templated":true}]}}