{"id":37503,"date":"2016-11-21T08:49:19","date_gmt":"2016-11-21T08:49:19","guid":{"rendered":"https:\/\/shop.metal-badge.ch\/?product=etui-tactique-a-jumelles"},"modified":"2020-09-29T17:08:34","modified_gmt":"2020-09-29T15:08:34","slug":"etui-tactique-a-jumelles-3","status":"publish","type":"product","link":"https:\/\/metal-badge.ch\/fr\/product\/37503\/etui-tactique-a-jumelles-3\/","title":{"rendered":"\u00c9tui tactique \u00e0 jumelles"},"content":{"rendered":"<p>Cet \u00e9tui tactique \u00e0 jumelles peut servir \u00e9galement de sac de patrouille, un compl\u00e9ment id\u00e9al \u00e0 l&rsquo;\u00e9quipement. Permet de ranger rapidement et en toute s\u00e9curit\u00e9 divers accessoires.<br \/>\nLe couvercle est \u00e9quip\u00e9 d&rsquo;une fermeture-\u00e9clair p\u00e9riph\u00e9rique et peut \u00eatre ouvert des deux c\u00f4t\u00e9s. L&rsquo;\u00e9tui est rembourr\u00e9 \u00e0 l&rsquo;int\u00e9rieur et amortit ainsi les chocs. Syst\u00e8me\u00a0 Molle : les boucles Molle sur les c\u00f4t\u00e9s, la partie arri\u00e8re offre de la place pour les autres objets et permet l&rsquo;utilisation optimale de ce sac tactique. Le sac en lui-m\u00eame est \u00e9quip\u00e9 d&rsquo;une dragonne r\u00e9glable mais peut \u00eatre \u00e9galement fix\u00e9 avec le syst\u00e8me Molle \u00e0 un sac \u00e0 dos ou une ceinture. La dragonne peut \u00eatre retir\u00e9e. Le mat\u00e9riau solide est tr\u00e8s robuste, durable et lavable.<\/p>\n<p><strong>Information sur le produit :<\/strong><br \/>\nPoids\u00a0: 185 g.<br \/>\nDimensions : Largeur 15 cm \/ hauteur 18 cm \/ profondeur avec clip 8.5 cm<br \/>\nMat\u00e9riau : Cordura 900D<br \/>\nCouleur : khaki couleur sable<\/p>\n","protected":false},"excerpt":{"rendered":"<p>Cet \u00e9tui tactique \u00e0 jumelles peut servir \u00e9galement de sac de patrouille, un compl\u00e9ment id\u00e9al \u00e0 l&rsquo;\u00e9quipement. Permet de ranger rapidement et en toute s\u00e9curit\u00e9 divers accessoires. Le couvercle est \u00e9quip\u00e9 d&rsquo;une fermeture-\u00e9clair p\u00e9riph\u00e9rique et peut \u00eatre ouvert des deux c\u00f4t\u00e9s. L&rsquo;\u00e9tui est rembourr\u00e9 \u00e0 l&rsquo;int\u00e9rieur et amortit ainsi les chocs. Syst\u00e8me\u00a0 Molle : les [&hellip;]<\/p>\n","protected":false},"featured_media":37495,"comment_status":"open","ping_status":"closed","template":"","meta":{"inline_featured_image":false},"product_brand":[],"product_cat":[1347,1339,1059,1815],"product_tag":[1769,1777,1773,1781,1765],"class_list":{"0":"post-37503","1":"product","2":"type-product","3":"status-publish","4":"has-post-thumbnail","6":"product_cat-accessoires-militaires-de-chasse","7":"product_cat-jumelles-appareils-de-vision-nocturne","8":"product_cat-sacs","9":"product_cat-sacs-de-transport-de-voyage","10":"product_tag-army-survival-fr","11":"product_tag-camping-voyage","12":"product_tag-chasse-peche","13":"product_tag-police-securite","14":"product_tag-sport-outdoor-fr","16":"first","17":"instock","18":"taxable","19":"shipping-taxable","20":"purchasable","21":"product-type-simple"},"_links":{"self":[{"href":"https:\/\/metal-badge.ch\/fr\/wp-json\/wp\/v2\/product\/37503","targetHints":{"allow":["GET"]}}],"collection":[{"href":"https:\/\/metal-badge.ch\/fr\/wp-json\/wp\/v2\/product"}],"about":[{"href":"https:\/\/metal-badge.ch\/fr\/wp-json\/wp\/v2\/types\/product"}],"replies":[{"embeddable":true,"href":"https:\/\/metal-badge.ch\/fr\/wp-json\/wp\/v2\/comments?post=37503"}],"wp:featuredmedia":[{"embeddable":true,"href":"https:\/\/metal-badge.ch\/fr\/wp-json\/wp\/v2\/media\/37495"}],"wp:attachment":[{"href":"https:\/\/metal-badge.ch\/fr\/wp-json\/wp\/v2\/media?parent=37503"}],"wp:term":[{"taxonomy":"product_brand","embeddable":true,"href":"https:\/\/metal-badge.ch\/fr\/wp-json\/wp\/v2\/product_brand?post=37503"},{"taxonomy":"product_cat","embeddable":true,"href":"https:\/\/metal-badge.ch\/fr\/wp-json\/wp\/v2\/product_cat?post=37503"},{"taxonomy":"product_tag","embeddable":true,"href":"https:\/\/metal-badge.ch\/fr\/wp-json\/wp\/v2\/product_tag?post=37503"}],"curies":[{"name":"wp","href":"https:\/\/api.w.org\/{rel}","templated":true}]}}