{"id":37492,"date":"2016-11-21T08:40:04","date_gmt":"2016-11-21T08:40:04","guid":{"rendered":"https:\/\/shop.metal-badge.ch\/?product=asika-jumelles-10x42-shark"},"modified":"2021-04-22T06:49:09","modified_gmt":"2021-04-22T04:49:09","slug":"asika-jumelles-10x42-shark","status":"publish","type":"product","link":"https:\/\/metal-badge.ch\/fr\/product\/37492\/asika-jumelles-10x42-shark\/","title":{"rendered":"Asika Jumelles 10&#215;42 Shark"},"content":{"rendered":"<p>Les nouvelles jumelles Asika sont extr\u00eamement polyvalentes &#8211; \u00e9tanches, pratiques et aux finitions de qualit\u00e9. Avec les \u0153ill\u00e8res pivotantes et blocables, il est possible d&rsquo;ajuster l&rsquo;\u00e9cart des yeux pour observer avec et sans lunette. Une correction des dioptries est int\u00e9gr\u00e9e en s\u00e9rie. Tous les mod\u00e8les disposent de prismes BaK-7.\u00a0Les jumelles 10&#215;42 sont des versions avec une grande capacit\u00e9 d&rsquo;accumulation de lumi\u00e8re qui fournissent une image plus claire, notamment au cr\u00e9puscule.\u00a0Elles sont \u00e9quip\u00e9es d&rsquo;un capuchon d&rsquo;objectif en caoutchouc qui peut \u00eatre ouvert et ferm\u00e9 facilement, et, peut \u00eatre retir\u00e9 enti\u00e8rement en cas de besoin.\u00a0Id\u00e9al pour observer les oiseux et la nature, la chasse, les voyages, le sport et l&rsquo;eau, la voile.<\/p>\n<p><strong>Information sur le produit :<\/strong><br \/>\nAgrandissement : 10x<br \/>\nDiam\u00e8tre de l&rsquo;objectif : 42 mm.<br \/>\nPupille de sortie : 4.0 mm.<br \/>\nAngle de vision . 5.8\u00b0<br \/>\n\u00c9tanche<br \/>\nSyst\u00e8me de prismes et de lentille en verre de qualit\u00e9 BK-7<br \/>\nMise au point avec la molette<br \/>\nCompensation des dioptries<br \/>\nCorps solide, recouvert de caoutchouc<br \/>\nCouleur : noir<br \/>\nDimensions : repli\u00e9es :\u00a0 L 14.5 cm \/ l 11.0 cm \/ H 7.0 cm<br \/>\nDimensions : ouvertes L 14.5 cm \/ l 12.5 cm \/ H 7.0 cm<br \/>\nCONTENU DE LA LIVRAISON Jumelles, courroie, chiffon de nettoyage, \u00e9tui en nylon, couvercle de protection de l&rsquo;objectif<br \/>\nPoids\u00a0: 595 g.<\/p>\n","protected":false},"excerpt":{"rendered":"<p>Les nouvelles jumelles Asika sont extr\u00eamement polyvalentes &#8211; \u00e9tanches, pratiques et aux finitions de qualit\u00e9. Avec les \u0153ill\u00e8res pivotantes et blocables, il est possible d&rsquo;ajuster l&rsquo;\u00e9cart des yeux pour observer avec et sans lunette. Une correction des dioptries est int\u00e9gr\u00e9e en s\u00e9rie. Tous les mod\u00e8les disposent de prismes BaK-7.\u00a0Les jumelles 10&#215;42 sont des versions avec [&hellip;]<\/p>\n","protected":false},"featured_media":65495,"comment_status":"open","ping_status":"closed","template":"","meta":{"inline_featured_image":false},"product_brand":[],"product_cat":[1347,1339],"product_tag":[1769,1777,1773,1781,1765],"class_list":{"0":"post-37492","1":"product","2":"type-product","3":"status-publish","4":"has-post-thumbnail","6":"product_cat-accessoires-militaires-de-chasse","7":"product_cat-jumelles-appareils-de-vision-nocturne","8":"product_tag-army-survival-fr","9":"product_tag-camping-voyage","10":"product_tag-chasse-peche","11":"product_tag-police-securite","12":"product_tag-sport-outdoor-fr","14":"first","15":"instock","16":"taxable","17":"shipping-taxable","18":"purchasable","19":"product-type-simple"},"_links":{"self":[{"href":"https:\/\/metal-badge.ch\/fr\/wp-json\/wp\/v2\/product\/37492","targetHints":{"allow":["GET"]}}],"collection":[{"href":"https:\/\/metal-badge.ch\/fr\/wp-json\/wp\/v2\/product"}],"about":[{"href":"https:\/\/metal-badge.ch\/fr\/wp-json\/wp\/v2\/types\/product"}],"replies":[{"embeddable":true,"href":"https:\/\/metal-badge.ch\/fr\/wp-json\/wp\/v2\/comments?post=37492"}],"wp:featuredmedia":[{"embeddable":true,"href":"https:\/\/metal-badge.ch\/fr\/wp-json\/wp\/v2\/media\/65495"}],"wp:attachment":[{"href":"https:\/\/metal-badge.ch\/fr\/wp-json\/wp\/v2\/media?parent=37492"}],"wp:term":[{"taxonomy":"product_brand","embeddable":true,"href":"https:\/\/metal-badge.ch\/fr\/wp-json\/wp\/v2\/product_brand?post=37492"},{"taxonomy":"product_cat","embeddable":true,"href":"https:\/\/metal-badge.ch\/fr\/wp-json\/wp\/v2\/product_cat?post=37492"},{"taxonomy":"product_tag","embeddable":true,"href":"https:\/\/metal-badge.ch\/fr\/wp-json\/wp\/v2\/product_tag?post=37492"}],"curies":[{"name":"wp","href":"https:\/\/api.w.org\/{rel}","templated":true}]}}