{"id":37471,"date":"2016-11-18T14:59:24","date_gmt":"2016-11-18T14:59:24","guid":{"rendered":"https:\/\/shop.metal-badge.ch\/?product=hoodie-bleu"},"modified":"2020-10-18T11:42:17","modified_gmt":"2020-10-18T09:42:17","slug":"hoodie-bleu","status":"publish","type":"product","link":"https:\/\/metal-badge.ch\/fr\/product\/37471\/hoodie-bleu\/","title":{"rendered":"Hoodie bleu"},"content":{"rendered":"<p>Hoodie tendance \u00e0 capuche avec coupe normale. Polaire 280 g en m\u00e9lange polyester \/ coton avec une partie ext\u00e9rieure pelucheuse et une partie int\u00e9rieure chaude. Avec les fermeture-\u00e9clair orange tendance et 3 poches ext\u00e9rieures, cet hoodie est encore mieux mis en valeur.<br \/>\nLe cordon orange \u00e9lastique sur la capuche et la taille peut \u00eatre ajust\u00e9 avec des boutons pression. L&rsquo;ourlet des manches est \u00e9lastique.<br \/>\nLe dispositif de bande autogrippante bleu sur le bras gauche et sur le torse \u00e0 droite sont tous les deux couleur hoodie. Les diff\u00e9rents patchs peuvent \u00eatre achet\u00e9s s\u00e9par\u00e9ment. Voir d\u00e9tails ci-dessous. Nous proposons les patchs suivants en 3D et caoutchouc.<br \/>\nPatch de torse : <strong>SWITZERLAND<\/strong> caoutchouc<br \/>\nPatchs pour bras en tissu : <strong>Schweizer Kreuz<\/strong> rond\u00a0<br \/>\nPatchs pour bras caoutchouc 3D : <strong>Logos IPA<\/strong> dans divers coloris<\/p>\n<p><strong>Information sur le produit :<\/strong><br \/>\nDispositif de bande autogrippante sur le bras : rond couleur tissu, diam\u00e8tre 7,5 cm<br \/>\nDispositif de bande autogrippante sur le torse \u00e0 droite : couleur tissu, largeur 8,0 cm \/ hauteur 1,5 cm<br \/>\nLavage en machine \u00e0 40\u00b0<br \/>\nPoids\u00a0: 540 gr.<br \/>\nGSM : 280 g\/m<sup>2<\/sup><br \/>\nOurlet \u00e9lastique des manches<br \/>\nCapuche avec cordon<br \/>\nDoux avec polaire<br \/>\nFermeture-\u00e9clair orange tendance<br \/>\n3 x poches ext\u00e9rieures avec fermeture-\u00e9clair<br \/>\nCouleur du hoodie : bleu<br \/>\nMat\u00e9riau : 95 % polyester \/ 5% coton<br \/>\nTailles : S, M, L, XL<\/p>\n<p>Hoodie tendance \u00e0 capuche avec coupe normale. Polaire 280 g en m\u00e9lange polyester \/ coton avec une partie ext\u00e9rieure pelucheuse et une partie int\u00e9rieure chaude. Avec les fermeture-\u00e9clair bleues tendance et 3 poches ext\u00e9rieures, cet hoodie est encore mieux mis en valeur.<br \/>\nLe cordon bleu \u00e9lastique sur la capuche et la taille peut \u00eatre ajust\u00e9 avec des boutons pression. L&rsquo;ourlet des manches est \u00e9lastique.<br \/>\nLe dispositif de bande autogrippante gris sur le bras gauche et sur le torse \u00e0 droite sont tous les deux dans la couleur de l&rsquo;hoodie. Les diff\u00e9rents patchs peuvent \u00eatre achet\u00e9s s\u00e9par\u00e9ment. Voir d\u00e9tails ci-dessous. Nous proposons les patchs suivants en 3D et caoutchouc.<br \/>\nPatch de torse : <strong>SWITZERLAND<\/strong> caoutchouc<br \/>\nPatchs pour bras en tissu : <strong>Schweizer Kreuz<\/strong> rond\u00a0<br \/>\nPatchs pour bras caoutchouc 3D : <strong>Logos IPA<\/strong> dans divers coloris<\/p>\n<p><strong>Information sur le produit :<\/strong><br \/>\nDispositif de bande autogrippante sur le bras : rond couleur tissu, diam\u00e8tre 7,5 cm<br \/>\nDispositif de bande autogrippante sur le torse \u00e0 droite : couleur tissu, largeur 8,0 cm \/ hauteur 1,5 cm<br \/>\nLavage en machine \u00e0 40\u00b0<br \/>\nPoids\u00a0: 540 gr.<br \/>\nGSM : 280 g\/m<sup>2<\/sup><br \/>\nOurlet \u00e9lastique des manches<br \/>\nCapuche avec cordon<br \/>\nDoux avec polaire<br \/>\nFermeture-\u00e9clair bleu tendance<br \/>\n3 x poches ext\u00e9rieures avec fermeture-\u00e9clair<br \/>\nColoris : gris<br \/>\nMat\u00e9riau : 95 % polyester \/ 5% coton<br \/>\nTailles : S, M, L, XL<\/p>\n<div class=\"d-patches\">\n<div><img decoding=\"async\" alt=\"SWITZERLAND\" src=\"https:\/\/metal-badge.ch\/wp-content\/uploads\/content\/2016-11-17_15.48.04_IMG_4806_thumb--h_2nd.jpg\" \/><br \/>\n<a href=\"https:\/\/metal-badge.ch\/product\/37441\/hochwertige-3d-rubber-patches-mit-switzerland-schriftzug\/\">SWITZERLAND<\/a><\/div>\n<div><img decoding=\"async\" alt=\"\ncroix suisse\" src=\"https:\/\/metal-badge.ch\/wp-content\/uploads\/content\/klett_schweizerkreuz_rund_JM5_7899_thumbed_2nd.jpg\" \/><br \/>\n<a href=\"https:\/\/metal-badge.ch\/product\/38040\/patch-schweiz-rund-mit-klett\/\">Croix Suisse<\/a><\/div>\n<div><img decoding=\"async\" alt=\"3D Rubber Patch\" src=\"https:\/\/metal-badge.ch\/wp-content\/uploads\/content\/IMG_4802_thumb_2nd.jpg\" \/><br \/>\n<a href=\"https:\/\/metal-badge.ch\/product\/38040\/patch-schweiz-rund-mit-klett\/\">bleu \/ jaune dor\u00e9<\/a><\/div>\n<div><img decoding=\"async\" alt=\"3D Rubber Patch\" src=\"https:\/\/metal-badge.ch\/wp-content\/uploads\/content\/IMG_4804_thumb_2nd.jpg\" \/><br \/>\n<a href=\"https:\/\/metal-badge.ch\/product\/37433\/hochwertige-3d-rubber-patches-mit-ipa-logo\/\">bleu \/ gris argent\u00e9<\/a><\/div>\n<div><img decoding=\"async\" alt=\"3D Rubber Patch\" src=\"https:\/\/metal-badge.ch\/wp-content\/uploads\/content\/IMG_4799_thumb_2nd.jpg\" \/><br \/>\n<a href=\"https:\/\/metal-badge.ch\/product\/37433\/hochwertige-3d-rubber-patches-mit-ipa-logo\/\">noir \/ jaune dor\u00e9<\/a><\/div>\n<div><img decoding=\"async\" alt=\"3D Rubber Patch\" src=\"https:\/\/metal-badge.ch\/wp-content\/uploads\/content\/IMG_4803_thumb_2nd.jpg\" \/><br \/>\n<a href=\"https:\/\/metal-badge.ch\/product\/37433\/hochwertige-3d-rubber-patches-mit-ipa-logo\/\">noir \/ gris argent\u00e9<\/a><\/div>\n<\/div>\n","protected":false},"excerpt":{"rendered":"<p>Hoodie tendance \u00e0 capuche avec coupe normale. Polaire 280 g en m\u00e9lange polyester \/ coton avec une partie ext\u00e9rieure pelucheuse et une partie int\u00e9rieure chaude. Avec les fermeture-\u00e9clair orange tendance et 3 poches ext\u00e9rieures, cet hoodie est encore mieux mis en valeur. Le cordon orange \u00e9lastique sur la capuche et la taille peut \u00eatre ajust\u00e9 [&hellip;]<\/p>\n","protected":false},"featured_media":71035,"comment_status":"open","ping_status":"closed","template":"","meta":{"inline_featured_image":false},"product_brand":[],"product_cat":[1263,1582],"product_tag":[1777,1761,1765],"class_list":{"0":"post-37471","1":"product","2":"type-product","3":"status-publish","4":"has-post-thumbnail","6":"product_cat-ipa-casual-wear-fr","7":"product_cat-sweats-a-capuche","8":"product_tag-camping-voyage","9":"product_tag-ipa-casual-wear-gadgets-fr","10":"product_tag-sport-outdoor-fr","12":"first","13":"instock","14":"taxable","15":"shipping-taxable","16":"purchasable","17":"product-type-simple"},"_links":{"self":[{"href":"https:\/\/metal-badge.ch\/fr\/wp-json\/wp\/v2\/product\/37471","targetHints":{"allow":["GET"]}}],"collection":[{"href":"https:\/\/metal-badge.ch\/fr\/wp-json\/wp\/v2\/product"}],"about":[{"href":"https:\/\/metal-badge.ch\/fr\/wp-json\/wp\/v2\/types\/product"}],"replies":[{"embeddable":true,"href":"https:\/\/metal-badge.ch\/fr\/wp-json\/wp\/v2\/comments?post=37471"}],"wp:featuredmedia":[{"embeddable":true,"href":"https:\/\/metal-badge.ch\/fr\/wp-json\/wp\/v2\/media\/71035"}],"wp:attachment":[{"href":"https:\/\/metal-badge.ch\/fr\/wp-json\/wp\/v2\/media?parent=37471"}],"wp:term":[{"taxonomy":"product_brand","embeddable":true,"href":"https:\/\/metal-badge.ch\/fr\/wp-json\/wp\/v2\/product_brand?post=37471"},{"taxonomy":"product_cat","embeddable":true,"href":"https:\/\/metal-badge.ch\/fr\/wp-json\/wp\/v2\/product_cat?post=37471"},{"taxonomy":"product_tag","embeddable":true,"href":"https:\/\/metal-badge.ch\/fr\/wp-json\/wp\/v2\/product_tag?post=37471"}],"curies":[{"name":"wp","href":"https:\/\/api.w.org\/{rel}","templated":true}]}}