{"id":37460,"date":"2016-11-18T11:03:12","date_gmt":"2016-11-18T11:03:12","guid":{"rendered":"https:\/\/shop.metal-badge.ch\/?product=veste-dexterieur-couleur-olive-sans-capuche"},"modified":"2023-01-10T03:06:43","modified_gmt":"2023-01-10T02:06:43","slug":"veste-dexterieur-couleur-olive-sans-capuche","status":"publish","type":"product","link":"https:\/\/metal-badge.ch\/fr\/product\/37460\/veste-dexterieur-couleur-olive-sans-capuche\/","title":{"rendered":"Veste d&rsquo;ext\u00e9rieur couleur olive sans capuche"},"content":{"rendered":"<p>Veste doubl\u00e9e pour plus de chaleur et de confort pendant les mois d&rsquo;hiver froids, pour la chasse ou les autres activit\u00e9s d&rsquo;ext\u00e9rieur. Avec col souple, doux. Le col peut \u00eatre retir\u00e9 ou install\u00e9 avec bande autogrippante. La veste en coton et polyester est hydrofuge, absolument coupe-vent et prot\u00e8ge du froid. La veste est respirante et peut \u00eatre \u00e9quip\u00e9e de 6 x poches ext\u00e9rieures. Les poches ext\u00e9rieures offrent un tr\u00e8s grand espace de rangement. Dans la doublure int\u00e9rieure, il y a \u00e0 la fois \u00e0 gauche et \u00e0 droite une grande poche. Les ourlets des manches peuvent \u00eatre ajust\u00e9s avec des boutons pression. La veste peut \u00eatre ferm\u00e9e avec une fermeture-\u00e9clair et une barre de boutons pression. La veste est de coupe longue et plisse ainsi magnifiquement au-dessus de la taille. Avec un cordon, la veste peut \u00eatre serr\u00e9e \u00e0 hauteur de taille ou ajust\u00e9e. Diverses appliques, patchs sur le bras, le torse et le dos.<\/p>\n<p>\u00a0<\/p>\n<p><strong>Information sur le produit :<\/strong><br \/>\nMarque : Free Army<br \/>\nCoupe-vent et r\u00e9sistant au froid<br \/>\nHydrofuge et respirant<br \/>\nTr\u00e8s r\u00e9sistante et reste s\u00e8che m\u00eame en cas de courte averse.<br \/>\nDiverses appliques, patchs sur le bras, le torse et le dos.<br \/>\nCouleur : Vert olive<br \/>\nMat\u00e9riau : 35 % coton \/ 65 % polyester<br \/>\nCoupe et longueur : coupe longue au-dessus de la taille<br \/>\nPoids\u00a0: 1200 gr.<br \/>\nCol : Peut \u00eatre retir\u00e9, syst\u00e8me de bande autogrippante<br \/>\nCol souple et doux<br \/>\nSyst\u00e8me de fermeture-\u00e9clair et au-dessus barre de boutons pression<br \/>\nAvec 4 x grandes poches ext\u00e9rieures et boutons pression<br \/>\nAvec 1 x grande poche int\u00e9rieure<br \/>\nTailles : S, M, L, XL coupe longue au-dessus de la taille<\/p>\n","protected":false},"excerpt":{"rendered":"<p>Veste doubl\u00e9e pour plus de chaleur et de confort pendant les mois d&rsquo;hiver froids, pour la chasse ou les autres activit\u00e9s d&rsquo;ext\u00e9rieur. Avec col souple, doux. Le col peut \u00eatre retir\u00e9 ou install\u00e9 avec bande autogrippante. La veste en coton et polyester est hydrofuge, absolument coupe-vent et prot\u00e8ge du froid. La veste est respirante et [&hellip;]<\/p>\n","protected":false},"featured_media":89861,"comment_status":"open","ping_status":"closed","template":"","meta":{"inline_featured_image":false},"product_brand":[],"product_cat":[2189],"product_tag":[],"class_list":{"0":"post-37460","1":"product","2":"type-product","3":"status-publish","4":"has-post-thumbnail","6":"product_cat-vetementsdeloisirs","8":"first","9":"instock","10":"taxable","11":"shipping-taxable","12":"purchasable","13":"product-type-simple"},"_links":{"self":[{"href":"https:\/\/metal-badge.ch\/fr\/wp-json\/wp\/v2\/product\/37460","targetHints":{"allow":["GET"]}}],"collection":[{"href":"https:\/\/metal-badge.ch\/fr\/wp-json\/wp\/v2\/product"}],"about":[{"href":"https:\/\/metal-badge.ch\/fr\/wp-json\/wp\/v2\/types\/product"}],"replies":[{"embeddable":true,"href":"https:\/\/metal-badge.ch\/fr\/wp-json\/wp\/v2\/comments?post=37460"}],"wp:featuredmedia":[{"embeddable":true,"href":"https:\/\/metal-badge.ch\/fr\/wp-json\/wp\/v2\/media\/89861"}],"wp:attachment":[{"href":"https:\/\/metal-badge.ch\/fr\/wp-json\/wp\/v2\/media?parent=37460"}],"wp:term":[{"taxonomy":"product_brand","embeddable":true,"href":"https:\/\/metal-badge.ch\/fr\/wp-json\/wp\/v2\/product_brand?post=37460"},{"taxonomy":"product_cat","embeddable":true,"href":"https:\/\/metal-badge.ch\/fr\/wp-json\/wp\/v2\/product_cat?post=37460"},{"taxonomy":"product_tag","embeddable":true,"href":"https:\/\/metal-badge.ch\/fr\/wp-json\/wp\/v2\/product_tag?post=37460"}],"curies":[{"name":"wp","href":"https:\/\/api.w.org\/{rel}","templated":true}]}}