{"id":37431,"date":"2016-11-17T14:34:23","date_gmt":"2016-11-17T14:34:23","guid":{"rendered":"https:\/\/shop.metal-badge.ch\/?product=la-veste-parfaite-dexterieur-daspect-sportif"},"modified":"2020-10-18T11:34:58","modified_gmt":"2020-10-18T09:34:58","slug":"la-veste-parfaite-dexterieur-daspect-sportif","status":"publish","type":"product","link":"https:\/\/metal-badge.ch\/fr\/product\/37431\/la-veste-parfaite-dexterieur-daspect-sportif\/","title":{"rendered":"La veste parfaite d&rsquo;ext\u00e9rieur d&rsquo;aspect sportif"},"content":{"rendered":"<p>Cette veste softshell grise convainc par ses fermetures-\u00e9clair s\u00e8ches orange tendance et une coupe sportive. Les fermeture-\u00e9clairs sont \u00e9tanches. Cette veste softshell est une compagne fonctionnelle par tous les temps. Respirante, coupe-vent, hydrofuge et tr\u00e8s agr\u00e9able \u00e0 porter. Cette veste softshell fait partie d&rsquo;un \u00e9quipement d&rsquo;ext\u00e9rieur optimal aussi bien dans les montagnes, sur mer ou en ville. Le mat\u00e9riau ind\u00e9chirable r\u00e9siste aux conditions les plus extr\u00eames. La veste p\u00e8se 970 g et peut \u00eatre rang\u00e9e dans le sac \u00e0 dos en cas de besoin. De nombreux d\u00e9tails tendance et pratiques \u00e0 la fois distinguent cette veste softshell. Ainsi, la capuche peut \u00eatre retir\u00e9e avec une fermeture-\u00e9clair. La capuche et la taille peuvent \u00eatre r\u00e9gl\u00e9es avec un cordon \u00e9lastique et des bloqueurs. Les deux poches lat\u00e9rales ext\u00e9rieures avec fermeture-\u00e9clair offre un grand espace de rangement. De plus, il y a une poche ext\u00e9rieure plus petite sur le torse \u00e0 gauche, \u00e9galement avec fermeture-\u00e9clair. Les extr\u00e9mit\u00e9s des manches peuvent \u00eatre ajust\u00e9es avec un caoutchouc \u00e9lastique. La veste est \u00e9quip\u00e9e sur les \u00e9paules et au bout des manches de bandes argent\u00e9es r\u00e9fl\u00e9chissants. Ainsi, le porteur peut \u00eatre vu dans la nuit.<\/p>\n<p>Le dispositif de bande autogrippante gris sur le bras gauche et sur le torse \u00e0 droite sont tous les deux gris. Les diff\u00e9rents patchs peuvent \u00eatre achet\u00e9s s\u00e9par\u00e9ment. Voir d\u00e9tails ci-dessous. Nous proposons les patchs suivants en 3D et caoutchouc.<br \/>\nPatch de torse : <strong>SWITZERLAND<\/strong> caoutchouc<br \/>\nPatchs pour bras en tissu : <strong>Schweizer Kreuz<\/strong> rond\u00a0<br \/>\nPatchs pour bras caoutchouc 3D : <strong>Logos IPA<\/strong> dans divers coloris<\/p>\n<p>&nbsp;<\/p>\n<p><strong>Information sur le produit :<\/strong><br \/>\nDispositif de bande autogrippante sur le bras : rond gris, diam\u00e8tre 7,5 cm<br \/>\nDispositif de bande autogrippante sur le torse \u00e0 droite : gris, largeur 8,0 cm \/ hauteur 1,5 cm<br \/>\nCouleur de veste : gris<br \/>\nEau, coupe-vent et respirant<br \/>\n\u00e9tanche &#8211; 4.0000 mm<br \/>\nLa capuche peut \u00eatre retir\u00e9e avec une fermeture-\u00e9clair<br \/>\nMentonni\u00e8re<br \/>\nBandes r\u00e9fl\u00e9chissantes sur l&rsquo;\u00e9paule et au bout des manches<br \/>\n3 x poches ext\u00e9rieures avec fermeture-\u00e9clair<br \/>\nFermeture-\u00e9clairs : Orange \u00ab\u00a0sealed zipper\u00a0\u00bb \u00e9tanche<br \/>\nPoids\u00a0: 970 gr.<br \/>\nGSM : 320 g\/m<sup>2<\/sup><br \/>\nMat\u00e9riau : 96 % polyester \/ 4 % spandex<br \/>\nFacile \u00e0 entretenir<br \/>\nTailles : S, M, L, XL<\/p>\n<div class=\"d-patches\">\n<div><img decoding=\"async\" src=\"https:\/\/metal-badge.ch\/wp-content\/uploads\/content\/2016-11-17_15.48.04_IMG_4806_thumb--h_3nd.jpg\" alt=\"SWITZERLAND\" \/><br \/>\n<a href=\"https:\/\/metal-badge.ch\/product\/37441\/hochwertige-3d-rubber-patches-mit-switzerland-schriftzug\/\">SWITZERLAND<\/a><\/div>\n<div><img decoding=\"async\" src=\"https:\/\/metal-badge.ch\/wp-content\/uploads\/content\/klett_schweizerkreuz_rund_JM5_7899_thumbed_3nd.jpg\" alt=\"Schweizer Kreuz\" \/><br \/>\n<a href=\"https:\/\/metal-badge.ch\/product\/38040\/patch-schweiz-rund-mit-klett\/\">Schweizer Kreuz<\/a><\/div>\n<div><img decoding=\"async\" src=\"https:\/\/metal-badge.ch\/wp-content\/uploads\/content\/IMG_4802_thumb_3nd.jpg\" alt=\"3D Rubber Patch\" \/><br \/>\n<a href=\"https:\/\/metal-badge.ch\/product\/37433\/hochwertige-3d-rubber-patches-mit-ipa-logo\/\">blau \/ gold gelb<\/a><\/div>\n<div><img decoding=\"async\" src=\"https:\/\/metal-badge.ch\/wp-content\/uploads\/content\/IMG_4804_thumb_3nd.jpg\" alt=\"3D Rubber Patch\" \/><br \/>\n<a href=\"https:\/\/metal-badge.ch\/product\/37433\/hochwertige-3d-rubber-patches-mit-ipa-logo\/\">blau \/ silber grau<\/a><\/div>\n<div><img decoding=\"async\" src=\"https:\/\/metal-badge.ch\/wp-content\/uploads\/content\/IMG_4799_thumb_3nd.jpg\" alt=\"3D Rubber Patch\" \/><br \/>\n<a href=\"https:\/\/metal-badge.ch\/product\/37433\/hochwertige-3d-rubber-patches-mit-ipa-logo\/\">schwarz \/ gold gelb<\/a><\/div>\n<div><img decoding=\"async\" src=\"https:\/\/metal-badge.ch\/wp-content\/uploads\/content\/IMG_4803_thumb_3nd.jpg\" alt=\"3D Rubber Patch\" \/><br \/>\n<a href=\"https:\/\/metal-badge.ch\/product\/37433\/hochwertige-3d-rubber-patches-mit-ipa-logo\/\">schwarz \/ silber grau<\/a><\/div>\n<\/div>\n<p><a class=\"fancybox\" href=\"https:\/\/metal-badge.ch\/wp-content\/uploads\/content\/Outdoor-jacke-preistabelle_2nd.gif\"><img decoding=\"async\" style=\"height: auto; width: 100%;\" title=\"Size Table\" src=\"https:\/\/metal-badge.ch\/wp-content\/uploads\/content\/Outdoor-jacke-preistabelle_2nd.gif\" alt=\"\"><\/a><\/p>\n<p>Normalgr\u00f6\u00dfen = Tailles normales<br \/>\nBrustumfang = Tour de poitrine<br \/>\nBundumfang = Tour de taille<br \/>\nR\u00fcckenl\u00e4nge = Longueur du dos<br \/>\n\u00c4rmell\u00e4nge = Longueur des manches<\/p>\n","protected":false},"excerpt":{"rendered":"<p>Cette veste softshell grise convainc par ses fermetures-\u00e9clair s\u00e8ches orange tendance et une coupe sportive. Les fermeture-\u00e9clairs sont \u00e9tanches. Cette veste softshell est une compagne fonctionnelle par tous les temps. Respirante, coupe-vent, hydrofuge et tr\u00e8s agr\u00e9able \u00e0 porter. Cette veste softshell fait partie d&rsquo;un \u00e9quipement d&rsquo;ext\u00e9rieur optimal aussi bien dans les montagnes, sur mer ou [&hellip;]<\/p>\n","protected":false},"featured_media":72267,"comment_status":"open","ping_status":"closed","template":"","meta":{"inline_featured_image":false},"product_brand":[],"product_cat":[1263],"product_tag":[1761],"class_list":{"0":"post-37431","1":"product","2":"type-product","3":"status-publish","4":"has-post-thumbnail","6":"product_cat-ipa-casual-wear-fr","7":"product_tag-ipa-casual-wear-gadgets-fr","9":"first","10":"instock","11":"taxable","12":"shipping-taxable","13":"purchasable","14":"product-type-simple"},"_links":{"self":[{"href":"https:\/\/metal-badge.ch\/fr\/wp-json\/wp\/v2\/product\/37431","targetHints":{"allow":["GET"]}}],"collection":[{"href":"https:\/\/metal-badge.ch\/fr\/wp-json\/wp\/v2\/product"}],"about":[{"href":"https:\/\/metal-badge.ch\/fr\/wp-json\/wp\/v2\/types\/product"}],"replies":[{"embeddable":true,"href":"https:\/\/metal-badge.ch\/fr\/wp-json\/wp\/v2\/comments?post=37431"}],"wp:featuredmedia":[{"embeddable":true,"href":"https:\/\/metal-badge.ch\/fr\/wp-json\/wp\/v2\/media\/72267"}],"wp:attachment":[{"href":"https:\/\/metal-badge.ch\/fr\/wp-json\/wp\/v2\/media?parent=37431"}],"wp:term":[{"taxonomy":"product_brand","embeddable":true,"href":"https:\/\/metal-badge.ch\/fr\/wp-json\/wp\/v2\/product_brand?post=37431"},{"taxonomy":"product_cat","embeddable":true,"href":"https:\/\/metal-badge.ch\/fr\/wp-json\/wp\/v2\/product_cat?post=37431"},{"taxonomy":"product_tag","embeddable":true,"href":"https:\/\/metal-badge.ch\/fr\/wp-json\/wp\/v2\/product_tag?post=37431"}],"curies":[{"name":"wp","href":"https:\/\/api.w.org\/{rel}","templated":true}]}}