{"id":37420,"date":"2016-11-17T08:14:22","date_gmt":"2016-11-17T08:14:22","guid":{"rendered":"https:\/\/shop.metal-badge.ch\/?product=pantalon-britannique-de-commando-couleur-camouflage"},"modified":"2020-10-18T11:47:33","modified_gmt":"2020-10-18T09:47:33","slug":"pantalon-britannique-de-commando-couleur-camouflage-2","status":"publish","type":"product","link":"https:\/\/metal-badge.ch\/fr\/product\/37420\/pantalon-britannique-de-commando-couleur-camouflage-2\/","title":{"rendered":"Pantalon britannique de commando Couleur camouflage"},"content":{"rendered":"<p>Pantalon commando coupe-vent, hydrofuge \u00ab\u00a0British Army\u00a0\u00bb dans le motif de couleur camouflage MTP (Multi-Terrain-Pattern). Ce pantalon est fait de coton et se pr\u00e9sente dans une forme d\u00e9contract\u00e9e. Avec de nombreuses poches pratiques. Deux poches \u00e0 l&rsquo;arri\u00e8re avec rabat et fermeture \u00e0 bouton pression et deux grandes poches de jambe, \u00e9galement avec fermeture \u00e0 bouton pression et deux poches int\u00e9gr\u00e9es lat\u00e9rales \u00e0 l&rsquo;avant. Bouton et fermeture-\u00e9clair sur la fente du pantalon. Convient particuli\u00e8rement aux chasseurs et pour toutes les activit\u00e9s d&rsquo;ext\u00e9rieur.<\/p>\n<p>\u00a0<\/p>\n<p><strong>Information sur le produit : <\/strong><br \/>\nMarque : Free Army<br \/>\nCouleur : Couleur camouflage MTP<br \/>\nPoids\u00a0: 650 gr.<br \/>\nBouton et fermeture-\u00e9clair sur la fente du pantalon.<br \/>\n2 x poches arri\u00e8re avec rabat et fermeture \u00e0 bouton pression<br \/>\n2 x grandes poches de jambe avec fermeture \u00e0 bouton pression<br \/>\n2 x poches int\u00e9gr\u00e9es lat\u00e9rales \u00e0 l&rsquo;avant<br \/>\nMat\u00e9riau : 100 % coton<br \/>\nTailles 30,31,32,33,34,36,38,40<\/p>\n<p><img decoding=\"async\" alt=\"Size Table\" src=\"https:\/\/metal-badge.ch\/wp-content\/uploads\/content\/size-table-tarnhose_2nd.gif\" style=\"height:auto; width:100%\" \/>\u00a0<\/p>\n<p><strong>Prix du pantalon : 48.- CHF <\/strong><br \/>\nPrix Veste avec pantalon : 99.-<br \/>\nPrix Veste : 55.-<\/p>\n<p><a href=\"https:\/\/metal-badge.ch\/product\/37400\/britische-kommandojacke-tarnfarben\/\"><img decoding=\"async\" alt=\"Jacket\" src=\"https:\/\/metal-badge.ch\/wp-content\/uploads\/content\/2016-11-15_15.36.57_tarnjacke_IMG_4765_jacke--d_thumb_2nd.jpg\" \/><br \/>\nVeste<\/a><\/p>\n","protected":false},"excerpt":{"rendered":"<p>Pantalon commando coupe-vent, hydrofuge \u00ab\u00a0British Army\u00a0\u00bb dans le motif de couleur camouflage MTP (Multi-Terrain-Pattern). Ce pantalon est fait de coton et se pr\u00e9sente dans une forme d\u00e9contract\u00e9e. Avec de nombreuses poches pratiques. Deux poches \u00e0 l&rsquo;arri\u00e8re avec rabat et fermeture \u00e0 bouton pression et deux grandes poches de jambe, \u00e9galement avec fermeture \u00e0 bouton pression [&hellip;]<\/p>\n","protected":false},"featured_media":37412,"comment_status":"open","ping_status":"closed","template":"","meta":{"inline_featured_image":false},"product_brand":[],"product_cat":[1614],"product_tag":[1769,1777,1773,1781,1765],"class_list":{"0":"post-37420","1":"product","2":"type-product","3":"status-publish","4":"has-post-thumbnail","6":"product_cat-pantalons-et-shorts","7":"product_tag-army-survival-fr","8":"product_tag-camping-voyage","9":"product_tag-chasse-peche","10":"product_tag-police-securite","11":"product_tag-sport-outdoor-fr","13":"first","14":"instock","15":"taxable","16":"shipping-taxable","17":"purchasable","18":"product-type-simple"},"_links":{"self":[{"href":"https:\/\/metal-badge.ch\/fr\/wp-json\/wp\/v2\/product\/37420","targetHints":{"allow":["GET"]}}],"collection":[{"href":"https:\/\/metal-badge.ch\/fr\/wp-json\/wp\/v2\/product"}],"about":[{"href":"https:\/\/metal-badge.ch\/fr\/wp-json\/wp\/v2\/types\/product"}],"replies":[{"embeddable":true,"href":"https:\/\/metal-badge.ch\/fr\/wp-json\/wp\/v2\/comments?post=37420"}],"wp:featuredmedia":[{"embeddable":true,"href":"https:\/\/metal-badge.ch\/fr\/wp-json\/wp\/v2\/media\/37412"}],"wp:attachment":[{"href":"https:\/\/metal-badge.ch\/fr\/wp-json\/wp\/v2\/media?parent=37420"}],"wp:term":[{"taxonomy":"product_brand","embeddable":true,"href":"https:\/\/metal-badge.ch\/fr\/wp-json\/wp\/v2\/product_brand?post=37420"},{"taxonomy":"product_cat","embeddable":true,"href":"https:\/\/metal-badge.ch\/fr\/wp-json\/wp\/v2\/product_cat?post=37420"},{"taxonomy":"product_tag","embeddable":true,"href":"https:\/\/metal-badge.ch\/fr\/wp-json\/wp\/v2\/product_tag?post=37420"}],"curies":[{"name":"wp","href":"https:\/\/api.w.org\/{rel}","templated":true}]}}