{"id":37388,"date":"2016-11-15T11:32:20","date_gmt":"2016-11-15T11:32:20","guid":{"rendered":"https:\/\/shop.metal-badge.ch\/?product=polo-a-manches-courtes-couleur-camouflage"},"modified":"2023-01-26T01:08:00","modified_gmt":"2023-01-26T00:08:00","slug":"polo-a-manches-courtes-couleur-camouflage","status":"publish","type":"product","link":"https:\/\/metal-badge.ch\/fr\/product\/37388\/polo-a-manches-courtes-couleur-camouflage\/","title":{"rendered":"Polo \u00e0 manches courtes, couleur camouflage"},"content":{"rendered":"<p>Polo \u00e0 manches courtes agr\u00e9able \u00e0 porte dans un motif camouflage. Facile \u00e0 entretenir et avec la coupe parfaite 95 % coton single jersey, 5 % Spandex, tr\u00e8s confortable. En \u00ab\u00a0\u00e9lasthanne\u00a0\u00bb \u00e9lastique et mat\u00e9riau de coton pelucheux. Boutonni\u00e8re \u00e0 trois boutons.<\/p>\n<p>Tailles : S, M, L, XL<\/p>\n","protected":false},"excerpt":{"rendered":"<p>Polo \u00e0 manches courtes agr\u00e9able \u00e0 porte dans un motif camouflage. Facile \u00e0 entretenir et avec la coupe parfaite 95 % coton single jersey, 5 % Spandex, tr\u00e8s confortable. En \u00ab\u00a0\u00e9lasthanne\u00a0\u00bb \u00e9lastique et mat\u00e9riau de coton pelucheux. Boutonni\u00e8re \u00e0 trois boutons. Tailles : S, M, L, XL<\/p>\n","protected":false},"featured_media":89869,"comment_status":"open","ping_status":"closed","template":"","meta":{"inline_featured_image":false},"product_brand":[],"product_cat":[1570],"product_tag":[1777,1765],"class_list":{"0":"post-37388","1":"product","2":"type-product","3":"status-publish","4":"has-post-thumbnail","6":"product_cat-t-shirts-polo-shirts-fr","7":"product_tag-camping-voyage","8":"product_tag-sport-outdoor-fr","10":"first","11":"instock","12":"taxable","13":"shipping-taxable","14":"purchasable","15":"product-type-simple"},"_links":{"self":[{"href":"https:\/\/metal-badge.ch\/fr\/wp-json\/wp\/v2\/product\/37388","targetHints":{"allow":["GET"]}}],"collection":[{"href":"https:\/\/metal-badge.ch\/fr\/wp-json\/wp\/v2\/product"}],"about":[{"href":"https:\/\/metal-badge.ch\/fr\/wp-json\/wp\/v2\/types\/product"}],"replies":[{"embeddable":true,"href":"https:\/\/metal-badge.ch\/fr\/wp-json\/wp\/v2\/comments?post=37388"}],"wp:featuredmedia":[{"embeddable":true,"href":"https:\/\/metal-badge.ch\/fr\/wp-json\/wp\/v2\/media\/89869"}],"wp:attachment":[{"href":"https:\/\/metal-badge.ch\/fr\/wp-json\/wp\/v2\/media?parent=37388"}],"wp:term":[{"taxonomy":"product_brand","embeddable":true,"href":"https:\/\/metal-badge.ch\/fr\/wp-json\/wp\/v2\/product_brand?post=37388"},{"taxonomy":"product_cat","embeddable":true,"href":"https:\/\/metal-badge.ch\/fr\/wp-json\/wp\/v2\/product_cat?post=37388"},{"taxonomy":"product_tag","embeddable":true,"href":"https:\/\/metal-badge.ch\/fr\/wp-json\/wp\/v2\/product_tag?post=37388"}],"curies":[{"name":"wp","href":"https:\/\/api.w.org\/{rel}","templated":true}]}}