{"id":37372,"date":"2016-11-12T14:38:58","date_gmt":"2016-11-12T14:38:58","guid":{"rendered":"https:\/\/shop.metal-badge.ch\/?product=surchaussons-jetables-blancs"},"modified":"2023-01-10T03:26:09","modified_gmt":"2023-01-10T02:26:09","slug":"surchaussons-jetables-blancs","status":"publish","type":"product","link":"https:\/\/metal-badge.ch\/fr\/product\/37372\/surchaussons-jetables-blancs\/","title":{"rendered":"Surchaussons jetables blancs"},"content":{"rendered":"<p>Surchaussons, antistatiques, disponibles en blanc, taille unique M et L, mod\u00e8le bas, bandes de fixation, cordons \u00e9lastiques \u00e0 la cheville, v\u00eatement de protection et accessoires en fibres infinies tr\u00e8s fines, tiss\u00e9es, en polyth\u00e9l\u00e8ne de grande densit\u00e9 pour une combinaison id\u00e9ale de protection, durabilit\u00e9 et un grand confort de port. Perm\u00e9able \u00e0 l&rsquo;air et \u00e0 la vapeur d&rsquo;eau, repousse les liquides \u00e0 base d&rsquo;eau et les brumes vaporis\u00e9es. Offre une tr\u00e8s grande barri\u00e8re contre les particules fines et les fibres avec une taille de plus d&rsquo;un microm\u00e8tre. De plus, ils peluchent peu et sont antistatiques. Aucun ajout de silicone.<br \/>\nCe type de v\u00eatement de protection et d&rsquo;accessoire est utilis\u00e9 dans la biotechnologie, l&rsquo;industrie pharmaceutique, la fabrication d&rsquo;appareils m\u00e9dicaux, l&rsquo;industrie \u00e9lectronique et dans la police, pour pr\u00e9lever les traces, chez les pompiers, dans la d\u00e9fense chimique et dans de nombreux autres domaines d&rsquo;utilisation.<\/p>\n<p>\u00a0<\/p>\n<p><strong>Information sur le produit : <\/strong><br \/>\nD\u00e9signation : Surchausson<br \/>\nCouleur : blanc<br \/>\nMat\u00e9riau : poly\u00e9thyl\u00e8ne<br \/>\n\u00c9paisseur du mat\u00e9riau : 60g\/m\u00b2<br \/>\nAntistatique<br \/>\nBonnes propri\u00e9t\u00e9s de protection<br \/>\nPoids : env. 20 g par paire<br \/>\nAvec \u00e9lastique \u00e0 la cheville<br \/>\nTailles : 16 x 41 cm \u00e9lastique \/ taille unique<br \/>\nPrix : paire. 1.60,- CHF<\/p>\n<p>\u00a0<\/p>\n<p>Pour les plus grandes quantit\u00e9s d&rsquo;achat, demander une offre<\/p>\n<p>Dans l&rsquo;assortiment, nous proposons \u00e9galement des <a href=\"https:\/\/metal-badge.ch\/fr\/product-category\/security-factory-fr\/vetements\/combinaisons-de-protection\/\">combinaisons anti-statiques<\/a> et des <a href=\"https:\/\/metal-badge.ch\/fr\/product-category\/security-factory-fr\/vetements\/protection-du-visage-masques\/\">masques de protection<\/a>.<\/p>\n","protected":false},"excerpt":{"rendered":"<p>Surchaussons, antistatiques, disponibles en blanc, taille unique M et L, mod\u00e8le bas, bandes de fixation, cordons \u00e9lastiques \u00e0 la cheville, v\u00eatement de protection et accessoires en fibres infinies tr\u00e8s fines, tiss\u00e9es, en polyth\u00e9l\u00e8ne de grande densit\u00e9 pour une combinaison id\u00e9ale de protection, durabilit\u00e9 et un grand confort de port. Perm\u00e9able \u00e0 l&rsquo;air et \u00e0 la [&hellip;]<\/p>\n","protected":false},"featured_media":37369,"comment_status":"open","ping_status":"closed","template":"","meta":{"inline_featured_image":false},"product_brand":[],"product_cat":[2197,1590],"product_tag":[],"class_list":{"0":"post-37372","1":"product","2":"type-product","3":"status-publish","4":"has-post-thumbnail","6":"product_cat-chaussuresetbottes","7":"product_cat-combinaisons-de-protection","9":"first","10":"instock","11":"taxable","12":"shipping-taxable","13":"purchasable","14":"product-type-simple"},"_links":{"self":[{"href":"https:\/\/metal-badge.ch\/fr\/wp-json\/wp\/v2\/product\/37372","targetHints":{"allow":["GET"]}}],"collection":[{"href":"https:\/\/metal-badge.ch\/fr\/wp-json\/wp\/v2\/product"}],"about":[{"href":"https:\/\/metal-badge.ch\/fr\/wp-json\/wp\/v2\/types\/product"}],"replies":[{"embeddable":true,"href":"https:\/\/metal-badge.ch\/fr\/wp-json\/wp\/v2\/comments?post=37372"}],"wp:featuredmedia":[{"embeddable":true,"href":"https:\/\/metal-badge.ch\/fr\/wp-json\/wp\/v2\/media\/37369"}],"wp:attachment":[{"href":"https:\/\/metal-badge.ch\/fr\/wp-json\/wp\/v2\/media?parent=37372"}],"wp:term":[{"taxonomy":"product_brand","embeddable":true,"href":"https:\/\/metal-badge.ch\/fr\/wp-json\/wp\/v2\/product_brand?post=37372"},{"taxonomy":"product_cat","embeddable":true,"href":"https:\/\/metal-badge.ch\/fr\/wp-json\/wp\/v2\/product_cat?post=37372"},{"taxonomy":"product_tag","embeddable":true,"href":"https:\/\/metal-badge.ch\/fr\/wp-json\/wp\/v2\/product_tag?post=37372"}],"curies":[{"name":"wp","href":"https:\/\/api.w.org\/{rel}","templated":true}]}}