{"id":37366,"date":"2016-11-12T11:38:51","date_gmt":"2016-11-12T11:38:51","guid":{"rendered":"https:\/\/shop.metal-badge.ch\/?product=combinaison-de-protection-jetable-de-qualite-avec-capuche"},"modified":"2024-10-08T07:43:26","modified_gmt":"2024-10-08T05:43:26","slug":"combinaison-de-protection-jetable-de-qualite-avec-capuche","status":"publish","type":"product","link":"https:\/\/metal-badge.ch\/fr\/product\/37366\/combinaison-de-protection-jetable-de-qualite-avec-capuche\/","title":{"rendered":"Combinaison de protection jetable de qualit\u00e9 avec capuche"},"content":{"rendered":"<p>confort et protection pour votre sant\u00e9<\/p>\n<p>Les combinaisons compl\u00e8tes servent de protection contre les mati\u00e8res dangereuses ou les poussi\u00e8res toxiques, les particules et les liquides. Ainsi, les combinaisons sont utilis\u00e9es dans les domaines les plus divers. La protection raisonnable de travail est n\u00e9cessaire, par ex. pour l&rsquo;inspection et la r\u00e9novation des zones avec risque d&rsquo;amiante. Les autres domaines d&rsquo;utilisation sont la transformation du m\u00e9tal, du bois, lors de l&rsquo;application de pesticides, la gestion des coloris et des vernis, la transformation de la r\u00e9sine et de la colle et pour les travaux de maintenance et de nettoyage. Ces combinaisons de protection conviennent notamment pour la police, dans le domaine du pr\u00e9l\u00e8vement de traces, pour les pompiers, la chimie, le domaine p\u00e9trolier ou les domaines dans lesquels les conditions de travail st\u00e9riles doivent \u00eatre maintenues. Ces combinaisons de protection l\u00e9g\u00e8res et antistatiques en mat\u00e9riau de qualit\u00e9 \u00e0 petits pores sont utilis\u00e9es dans de nombreux domaines de travail. Gr\u00e2ce \u00e0 la propri\u00e9t\u00e9 peu pelucheuse et antistatique, le mat\u00e9riau est r\u00e9sistant aux particules et aux fibres. Bon rapport qualit\u00e9-prix.<\/p>\n<p><strong>Homologations et normes :<\/strong><\/p>\n<p>CE cat\u00e9gorie III,\u200e&nbsp;EN 13034,\u200e&nbsp;EN ISO 13982-1:2004 Type 5 Combinaisons de protection \u00e9tanches aux particules,\u200e&nbsp;EN 1149-5 Propri\u00e9t\u00e9s antistatiques et r\u00e9duit le risque de formation d&rsquo;\u00e9tincelles,\u200e&nbsp;EN 13034:2005+A1:2009 Type 6 V\u00eatement de protection contre les produits chimiques liquides.<\/p>\n<p><strong>Information sur le produit :<\/strong><br \/>\nCombinaison jetable PP avec capuche blanche<br \/>\nRev\u00eatement sp\u00e9cial<br \/>\nparticuli\u00e8rement respirant<br \/>\nBonnes propri\u00e9t\u00e9s de barri\u00e8re et de protection<br \/>\nAntistatique<br \/>\navec caoutchouc aux manches, jambes et \u00e0 la taille avec un confort encore plus grand<br \/>\nCapuche avec caoutchouc \u00e9tanche (id\u00e9al pour masques)<br \/>\nCache de fermeture-\u00e9clair<br \/>\n\u00c9paisseur du mat\u00e9riau : 60g\/m\u00b2<br \/>\nPoids : env. 240 g<\/p>\n<p><strong>Dimensions :&nbsp; XL<\/strong><\/p>\n<table border=\"0\" cellspacing=\"1\" cellpadding=\"1\">\n<tbody>\n<tr>\n<td>&nbsp;<\/td>\n<td>&nbsp;<\/td>\n<\/tr>\n<tr>\n<td>Taille XL<\/td>\n<td>correspond \u00e0 une taille d&rsquo;env. 185 cm<\/td>\n<\/tr>\n<tr>\n<td>&nbsp;<\/td>\n<td>&nbsp;<\/td>\n<\/tr>\n<\/tbody>\n<\/table>\n<p>Prix : d\u00e8s 10 pc. respectivement 15 CHF<br \/>\nPour les plus grandes quantit\u00e9s d&rsquo;achat, demander une offre<\/p>\n<p>Dans l&rsquo;assortiment, nous proposons \u00e9galement des <a href=\"https:\/\/metal-badge.ch\/product\/37368\/einweg-schuhuberzug-weiss\/\">chaussons anti-statiques<\/a> et des <a href=\"https:\/\/metal-badge.ch\/fr\/product-category\/security-factory-fr\/vetements\/protection-du-visage-masques\/\">masques de protection<\/a>.<\/p>\n","protected":false},"excerpt":{"rendered":"<p>confort et protection pour votre sant\u00e9 Les combinaisons compl\u00e8tes servent de protection contre les mati\u00e8res dangereuses ou les poussi\u00e8res toxiques, les particules et les liquides. Ainsi, les combinaisons sont utilis\u00e9es dans les domaines les plus divers. La protection raisonnable de travail est n\u00e9cessaire, par ex. pour l&rsquo;inspection et la r\u00e9novation des zones avec risque d&rsquo;amiante. [&hellip;]<\/p>\n","protected":false},"featured_media":55728,"comment_status":"open","ping_status":"closed","template":"","meta":{"inline_featured_image":false},"product_brand":[],"product_cat":[1590],"product_tag":[1765],"class_list":{"0":"post-37366","1":"product","2":"type-product","3":"status-publish","4":"has-post-thumbnail","6":"product_cat-combinaisons-de-protection","7":"product_tag-sport-outdoor-fr","9":"first","10":"instock","11":"taxable","12":"shipping-taxable","13":"purchasable","14":"product-type-simple"},"_links":{"self":[{"href":"https:\/\/metal-badge.ch\/fr\/wp-json\/wp\/v2\/product\/37366","targetHints":{"allow":["GET"]}}],"collection":[{"href":"https:\/\/metal-badge.ch\/fr\/wp-json\/wp\/v2\/product"}],"about":[{"href":"https:\/\/metal-badge.ch\/fr\/wp-json\/wp\/v2\/types\/product"}],"replies":[{"embeddable":true,"href":"https:\/\/metal-badge.ch\/fr\/wp-json\/wp\/v2\/comments?post=37366"}],"wp:featuredmedia":[{"embeddable":true,"href":"https:\/\/metal-badge.ch\/fr\/wp-json\/wp\/v2\/media\/55728"}],"wp:attachment":[{"href":"https:\/\/metal-badge.ch\/fr\/wp-json\/wp\/v2\/media?parent=37366"}],"wp:term":[{"taxonomy":"product_brand","embeddable":true,"href":"https:\/\/metal-badge.ch\/fr\/wp-json\/wp\/v2\/product_brand?post=37366"},{"taxonomy":"product_cat","embeddable":true,"href":"https:\/\/metal-badge.ch\/fr\/wp-json\/wp\/v2\/product_cat?post=37366"},{"taxonomy":"product_tag","embeddable":true,"href":"https:\/\/metal-badge.ch\/fr\/wp-json\/wp\/v2\/product_tag?post=37366"}],"curies":[{"name":"wp","href":"https:\/\/api.w.org\/{rel}","templated":true}]}}