{"id":37358,"date":"2016-11-11T16:16:55","date_gmt":"2016-11-11T16:16:55","guid":{"rendered":"https:\/\/shop.metal-badge.ch\/?product=gilet-dintervention-tactique-bleu"},"modified":"2024-08-03T04:08:12","modified_gmt":"2024-08-03T02:08:12","slug":"gilet-dintervention-tactique-bleu","status":"publish","type":"product","link":"https:\/\/metal-badge.ch\/fr\/product\/37358\/gilet-dintervention-tactique-bleu\/","title":{"rendered":"Gilet d&rsquo;intervention tactique bleu"},"content":{"rendered":"<p>Gilet d&rsquo;intervention bleu en polyester solide Mesh 425 GSM Basic et tissu nylon 1000 denier avec un rev\u00eatement PU hydrofuge, le gilet avec de nombreux extras. Le gilet est disponible dans diverses tailles et se ferme sur l&rsquo;avant avec une fermeture-\u00e9clair YKK. Sur le dos, le gilet est \u00e9quip\u00e9e d&rsquo;une grande bande autogrippante et il est ainsi possible de retirer et d&rsquo;appliquer facilement l&rsquo;inscription <strong>SECURITY \/ POLICE \/ PARAMEDIC \/ FEUERWEHR etc<\/strong>. plastifi\u00e9e et r\u00e9fl\u00e9chissante. Les dimensions du panneau \u00e0 l&rsquo;arri\u00e8re est de 29 cm x 10 cm.<\/p>\n<p>\u00c0 l&rsquo;avant, sur le torse, \u00e0 droite, se trouve \u00e9galement un panneau d&rsquo;inscription r\u00e9fl\u00e9chissant, appliqu\u00e9 par bande autogrippante<strong> SECURITY \/ POLICE \/ PARAMEDIC \/ FEUERWEHR etc. <\/strong>dans les dimensions 12 cm x 4cm. Sur la poche de torse \u00e0 gauche se trouve une poche radio universelle qui peut \u00eatre adapt\u00e9e \u00e0 votre radio avec une bande autogrippante et des bandes \u00e9lastiques en caoutchouc. De plus, deux porte-stylos sont plac\u00e9s \u00e0 la m\u00eame hauteur. Sur la partie avant, il y a au total 5 poches spacieuses. Les deux grandes poches en bas sont \u00e9quip\u00e9es de respectivement une fermeture-\u00e9clair p\u00e9riph\u00e9rique. Les deux poches sont con\u00e7ues comme poches \u00e0 m\u00e9dicaments etc. et sont \u00e9quip\u00e9es de nombreux petits supports et compartiments \u00e9lastiques. Les trois autres poches poss\u00e8dent une fermeture \u00e0 bande autogrippante. Ces poches poss\u00e8dent \u00e9galement un tr\u00e8s grand espace de rangement.<\/p>\n<p>\u00c0 l&rsquo;avant et \u00e0 l&rsquo;arri\u00e8re, il y a sur le gilet des bandes de s\u00e9curit\u00e9 r\u00e9fl\u00e9chissantes. Ainsi, le porteur peut \u00eatre vu dans le noir. Sur le dos, il y a en plus une grande poche avec une fermeture \u00e9clair p\u00e9riph\u00e9rique. Cette poche dans les dimensions : largeur 30 cm \/ hauteur 17 cm \/ profondeur 6 cm offre un grand espace de rangement pour divers mat\u00e9riel.<\/p>\n<p><strong>Information sur le produit :<\/strong><\/p>\n<ul>\n<li>Le gilet peut \u00eatre encore mieux adapt\u00e9 au porteur sur le c\u00f4t\u00e9 avec trois boucles nylon et une fermeture rapide.<\/li>\n<li>Mat\u00e9riau : En polyester solide Mesh 425 GSM Basic et tissu nylon 1000 denier avec un rev\u00eatement PU hydrofuge.<\/li>\n<li>Couleur : bleu \/ noir<\/li>\n<li>Panneaux d&rsquo;inscription : Bande autogrippante rempla\u00e7able<\/li>\n<li>Dimensions 1 x poche ext\u00e9rieure avant : Largeur 13 cm \/ hauteur 13 cm \/ profondeur 4 cm avec bande autogrippante<\/li>\n<li>Dimensions 2 x poches ext\u00e9rieures avant : Largeur 17 cm \/ hauteur 10 cm \/ profondeur 5 cm avec bande autogrippante&nbsp;<\/li>\n<li>Dimensions 2 x poche ext\u00e9rieure avant : Largeur 21 cm \/ hauteur 15 cm \/ profondeur 7 cm avec fermeture-\u00e9clair<\/li>\n<li>Dimensions 1 x poche ext\u00e9rieure dos : Largeur 30 cm \/ hauteur 17 cm \/ profondeur 6 cm avec fermeture-\u00e9clair<\/li>\n<li>Dimensions : S, M, L, XL, 2XL<\/li>\n<li>Poids : 640 gr.<\/li>\n<li>Ajustement lat\u00e9ral de la taille avec des boucles en nylon et une fermeture rapide<\/li>\n<\/ul>\n<p><strong>Pour les commandes \u00e0 partir de 20 pc, propre inscription possible sur demande et prix r\u00e9duit garanti, veuillez nous contacter.<\/strong><\/p>\n","protected":false},"excerpt":{"rendered":"<p>Gilet d&rsquo;intervention bleu en polyester solide Mesh 425 GSM Basic et tissu nylon 1000 denier avec un rev\u00eatement PU hydrofuge, le gilet avec de nombreux extras. Le gilet est disponible dans diverses tailles et se ferme sur l&rsquo;avant avec une fermeture-\u00e9clair YKK. Sur le dos, le gilet est \u00e9quip\u00e9e d&rsquo;une grande bande autogrippante et il est ainsi possible de retirer et d&rsquo;appliquer facilement l&rsquo;inscription <strong>SECURITY \/ POLICE \/ PARAMEDIC \/ FEUERWEHR etc<\/strong>.<\/p>\n","protected":false},"featured_media":89873,"comment_status":"open","ping_status":"closed","template":"","meta":{"inline_featured_image":false},"product_brand":[],"product_cat":[2215,1606],"product_tag":[1765],"class_list":{"0":"post-37358","1":"product","2":"type-product","3":"status-publish","4":"has-post-thumbnail","6":"product_cat-vestes_tactiques","7":"product_cat-vetements-haute-visibilite-et-lumineux","8":"product_tag-sport-outdoor-fr","10":"first","11":"instock","12":"taxable","13":"shipping-taxable","14":"purchasable","15":"product-type-simple"},"_links":{"self":[{"href":"https:\/\/metal-badge.ch\/fr\/wp-json\/wp\/v2\/product\/37358","targetHints":{"allow":["GET"]}}],"collection":[{"href":"https:\/\/metal-badge.ch\/fr\/wp-json\/wp\/v2\/product"}],"about":[{"href":"https:\/\/metal-badge.ch\/fr\/wp-json\/wp\/v2\/types\/product"}],"replies":[{"embeddable":true,"href":"https:\/\/metal-badge.ch\/fr\/wp-json\/wp\/v2\/comments?post=37358"}],"wp:featuredmedia":[{"embeddable":true,"href":"https:\/\/metal-badge.ch\/fr\/wp-json\/wp\/v2\/media\/89873"}],"wp:attachment":[{"href":"https:\/\/metal-badge.ch\/fr\/wp-json\/wp\/v2\/media?parent=37358"}],"wp:term":[{"taxonomy":"product_brand","embeddable":true,"href":"https:\/\/metal-badge.ch\/fr\/wp-json\/wp\/v2\/product_brand?post=37358"},{"taxonomy":"product_cat","embeddable":true,"href":"https:\/\/metal-badge.ch\/fr\/wp-json\/wp\/v2\/product_cat?post=37358"},{"taxonomy":"product_tag","embeddable":true,"href":"https:\/\/metal-badge.ch\/fr\/wp-json\/wp\/v2\/product_tag?post=37358"}],"curies":[{"name":"wp","href":"https:\/\/api.w.org\/{rel}","templated":true}]}}