{"id":37337,"date":"2016-11-10T11:23:02","date_gmt":"2016-11-10T11:23:02","guid":{"rendered":"https:\/\/shop.metal-badge.ch\/?product=veste-dexterieur-couleur-olive-avec-capuche-amovible"},"modified":"2022-12-12T16:46:44","modified_gmt":"2022-12-12T15:46:44","slug":"veste-dexterieur-couleur-olive-avec-capuche-amovible","status":"publish","type":"product","link":"https:\/\/metal-badge.ch\/fr\/product\/37337\/veste-dexterieur-couleur-olive-avec-capuche-amovible\/","title":{"rendered":"Veste d&rsquo;ext\u00e9rieur couleur olive avec capuche amovible"},"content":{"rendered":"<p>Veste doubl\u00e9e pour plus de chaleur et de confort pendant les mois d&rsquo;hiver froids, pour la chasse ou les autres activit\u00e9s d&rsquo;ext\u00e9rieur. Avec une double int\u00e9rieure souple, douce en polaire. La veste en coton et polyester est hydrofuge, absolument coupe-vent et prot\u00e8ge du froid. M\u00eame la capuche est rembourr\u00e9e avec une mentonni\u00e8re refermable, syst\u00e8me \u00e0 deux boutons. De plus, le capuche peut \u00eatre retir\u00e9 avec une fermeture-\u00e9clair. La veste est respirante et peut \u00eatre \u00e9quip\u00e9e de 4 x poches ext\u00e9rieures. Deux poches ext\u00e9rieures sont refermables avec une fermeture-\u00e9clair. Les poches ext\u00e9rieures offrent un tr\u00e8s grand espace de rangement. Une grande poche est situ\u00e9e \u00e9galement dans la doublure int\u00e9rieure, respectivement \u00e0 gauche et \u00e0 droite. La veste peut \u00eatre ferm\u00e9e avec une fermeture-\u00e9clair et une barre de 6 x boutons pression. Avec un cordon \u00e9lastique et un bloqueur, la veste peut \u00eatre ajust\u00e9e et r\u00e9gl\u00e9e \u00e0 la taille. La veste est de coupe longue et plisse ainsi l\u00e9g\u00e8rement au-dessus de la taille.\u00a0\u00a0<\/p>\n<p>\u00a0<\/p>\n<p><strong>Information sur le produit : <\/strong><br \/>\nMarque : Free Army<br \/>\nCoupe-vent et r\u00e9sistant au froid<br \/>\nHydrofuge et respirant<br \/>\nTr\u00e8s r\u00e9sistante et reste s\u00e8che m\u00eame en cas de courte averse.<br \/>\nCouleur : Vert olive<br \/>\nMat\u00e9riau : 35 % coton \/ 65 % polyester<br \/>\nCoupe et longueur : Longue et plisse l\u00e9g\u00e8rement au-dessus de la taille<br \/>\nPoids\u00a0: 1100 gr.<br \/>\nCapuche : Peut \u00eatre retir\u00e9e avec une fermeture-\u00e9clair.<br \/>\nDoublure int\u00e9rieure polaire souple et douce<br \/>\nCapuche rembourr\u00e9e<br \/>\nSyst\u00e8me de fermeture-\u00e9clair et au-dessus barre de boutons pression<br \/>\nAvec 4 x grandes poches ext\u00e9rieures, dont deux avec fermeture-\u00e9clair<br \/>\nAvec 2 x grandes poches int\u00e9rieures<br \/>\nTailles : S, M, L, XL coupe normale<\/p>\n","protected":false},"excerpt":{"rendered":"<p>Veste doubl\u00e9e pour plus de chaleur et de confort pendant les mois d&rsquo;hiver froids, pour la chasse ou les autres activit\u00e9s d&rsquo;ext\u00e9rieur. Avec une double int\u00e9rieure souple, douce en polaire. La veste en coton et polyester est hydrofuge, absolument coupe-vent et prot\u00e8ge du froid. M\u00eame la capuche est rembourr\u00e9e avec une mentonni\u00e8re refermable, syst\u00e8me \u00e0 [&hellip;]<\/p>\n","protected":false},"featured_media":89875,"comment_status":"open","ping_status":"closed","template":"","meta":{"inline_featured_image":false},"product_brand":[],"product_cat":[2189],"product_tag":[],"class_list":{"0":"post-37337","1":"product","2":"type-product","3":"status-publish","4":"has-post-thumbnail","6":"product_cat-vetementsdeloisirs","8":"first","9":"instock","10":"taxable","11":"shipping-taxable","12":"purchasable","13":"product-type-simple"},"_links":{"self":[{"href":"https:\/\/metal-badge.ch\/fr\/wp-json\/wp\/v2\/product\/37337","targetHints":{"allow":["GET"]}}],"collection":[{"href":"https:\/\/metal-badge.ch\/fr\/wp-json\/wp\/v2\/product"}],"about":[{"href":"https:\/\/metal-badge.ch\/fr\/wp-json\/wp\/v2\/types\/product"}],"replies":[{"embeddable":true,"href":"https:\/\/metal-badge.ch\/fr\/wp-json\/wp\/v2\/comments?post=37337"}],"wp:featuredmedia":[{"embeddable":true,"href":"https:\/\/metal-badge.ch\/fr\/wp-json\/wp\/v2\/media\/89875"}],"wp:attachment":[{"href":"https:\/\/metal-badge.ch\/fr\/wp-json\/wp\/v2\/media?parent=37337"}],"wp:term":[{"taxonomy":"product_brand","embeddable":true,"href":"https:\/\/metal-badge.ch\/fr\/wp-json\/wp\/v2\/product_brand?post=37337"},{"taxonomy":"product_cat","embeddable":true,"href":"https:\/\/metal-badge.ch\/fr\/wp-json\/wp\/v2\/product_cat?post=37337"},{"taxonomy":"product_tag","embeddable":true,"href":"https:\/\/metal-badge.ch\/fr\/wp-json\/wp\/v2\/product_tag?post=37337"}],"curies":[{"name":"wp","href":"https:\/\/api.w.org\/{rel}","templated":true}]}}