{"id":37326,"date":"2016-11-10T10:50:46","date_gmt":"2016-11-10T10:50:46","guid":{"rendered":"https:\/\/shop.metal-badge.ch\/?product=veste-dexterieur-olive"},"modified":"2022-12-12T16:50:37","modified_gmt":"2022-12-12T15:50:37","slug":"veste-dexterieur-olive","status":"publish","type":"product","link":"https:\/\/metal-badge.ch\/fr\/product\/37326\/veste-dexterieur-olive\/","title":{"rendered":"Veste d&rsquo;ext\u00e9rieur olive"},"content":{"rendered":"<p>La veste avec les nombreux extras. Veste doubl\u00e9e pour plus de chaleur et de confort pendant les mois d&rsquo;hiver froids, pour la chasse ou les autres activit\u00e9s d&rsquo;ext\u00e9rieur. Avec une double int\u00e9rieure souple, douce. La veste en coton et polyester est hydrofuge, absolument coupe-vent et prot\u00e8ge du froid. M\u00eame la capuche est rembourr\u00e9e avec une mentonni\u00e8re refermable, syst\u00e8me \u00e0 deux boutons et cordon r\u00e9glable avec bloqueur. De plus, le capuche peut \u00eatre retir\u00e9 avec une fermeture-\u00e9clair. La veste est respirante et peut \u00eatre \u00e9quip\u00e9e de quatre poches ext\u00e9rieures. Deux poches ext\u00e9rieures sont refermables par des boutons pression. Les poches ext\u00e9rieures offrent un tr\u00e8s grand espace de rangement. Une grande poche est situ\u00e9e \u00e9galement dans la doublure int\u00e9rieure. Les manches et la taille se terminent avec un ourlet \u00e9lastique de 6,0 cm de large. La veste peut \u00eatre ferm\u00e9e avec une fermeture-\u00e9clair et une barre de 6 x boutons pression.<\/p>\n<p>De plus, la veste est renforc\u00e9e aux coudes avec patchs en polaire r\u00e9sistant. Les parties des \u00e9paules et du dos et deux caches de poche ext\u00e9rieure sont renforc\u00e9es avec les patchs ind\u00e9chirables.\u00a0\u00a0<\/p>\n<p>\u00a0<\/p>\n<p><strong>Information sur le produit : <\/strong><br \/>\nMarque : Free Army<br \/>\nCoupe-vent et r\u00e9sistant au froid<br \/>\nHydrofuge et respirant<br \/>\nTr\u00e8s r\u00e9sistante et reste s\u00e8che m\u00eame en cas de courte averse.<br \/>\nCouleur : Vert olive<br \/>\nMat\u00e9riau : 35 % coton \/ 65 % polyester<br \/>\nCoupe et longueur : Normal<br \/>\nPoids\u00a0: 1290 gr.<br \/>\nCapuche : Peut \u00eatre retir\u00e9e avec une fermeture-\u00e9clair.<br \/>\nLes coudes, les \u00e9paules et la partie du dos sont renforc\u00e9s de polaire ind\u00e9chirable.<br \/>\nDoublure int\u00e9rieure souple et douce<br \/>\nCapuche rembourr\u00e9e avec cordon<br \/>\nSyst\u00e8me de fermeture-\u00e9clair et au-dessus barre de boutons pression<br \/>\nFin des manches et taille avec ourlet \u00e9lastique<br \/>\nAvec 4 x grandes poches ext\u00e9rieures et boutons pression<br \/>\nAvec 1 x grande poche int\u00e9rieure<br \/>\nTailles : S, M, L, XL coupe normale<\/p>\n","protected":false},"excerpt":{"rendered":"<p>La veste avec les nombreux extras. Veste doubl\u00e9e pour plus de chaleur et de confort pendant les mois d&rsquo;hiver froids, pour la chasse ou les autres activit\u00e9s d&rsquo;ext\u00e9rieur. Avec une double int\u00e9rieure souple, douce. La veste en coton et polyester est hydrofuge, absolument coupe-vent et prot\u00e8ge du froid. M\u00eame la capuche est rembourr\u00e9e avec une [&hellip;]<\/p>\n","protected":false},"featured_media":89877,"comment_status":"open","ping_status":"closed","template":"","meta":{"inline_featured_image":false},"product_brand":[],"product_cat":[2189],"product_tag":[],"class_list":{"0":"post-37326","1":"product","2":"type-product","3":"status-publish","4":"has-post-thumbnail","6":"product_cat-vetementsdeloisirs","8":"first","9":"instock","10":"taxable","11":"shipping-taxable","12":"purchasable","13":"product-type-simple"},"_links":{"self":[{"href":"https:\/\/metal-badge.ch\/fr\/wp-json\/wp\/v2\/product\/37326","targetHints":{"allow":["GET"]}}],"collection":[{"href":"https:\/\/metal-badge.ch\/fr\/wp-json\/wp\/v2\/product"}],"about":[{"href":"https:\/\/metal-badge.ch\/fr\/wp-json\/wp\/v2\/types\/product"}],"replies":[{"embeddable":true,"href":"https:\/\/metal-badge.ch\/fr\/wp-json\/wp\/v2\/comments?post=37326"}],"wp:featuredmedia":[{"embeddable":true,"href":"https:\/\/metal-badge.ch\/fr\/wp-json\/wp\/v2\/media\/89877"}],"wp:attachment":[{"href":"https:\/\/metal-badge.ch\/fr\/wp-json\/wp\/v2\/media?parent=37326"}],"wp:term":[{"taxonomy":"product_brand","embeddable":true,"href":"https:\/\/metal-badge.ch\/fr\/wp-json\/wp\/v2\/product_brand?post=37326"},{"taxonomy":"product_cat","embeddable":true,"href":"https:\/\/metal-badge.ch\/fr\/wp-json\/wp\/v2\/product_cat?post=37326"},{"taxonomy":"product_tag","embeddable":true,"href":"https:\/\/metal-badge.ch\/fr\/wp-json\/wp\/v2\/product_tag?post=37326"}],"curies":[{"name":"wp","href":"https:\/\/api.w.org\/{rel}","templated":true}]}}