{"id":37315,"date":"2016-11-10T10:09:47","date_gmt":"2016-11-10T10:09:47","guid":{"rendered":"https:\/\/shop.metal-badge.ch\/?product=coupe-vent-ultra-leger-en-bleu"},"modified":"2016-11-10T10:13:18","modified_gmt":"2016-11-10T10:13:18","slug":"coupe-vent-ultra-leger-en-bleu","status":"publish","type":"product","link":"https:\/\/metal-badge.ch\/fr\/product\/37315\/coupe-vent-ultra-leger-en-bleu\/","title":{"rendered":"Coupe-vent ultra-l\u00e9ger en bleu"},"content":{"rendered":"<p>La veste de running extr\u00eamement l\u00e9g\u00e8re, coupe-vent et hydrofuge dans un mat\u00e9riau fonctionnel. Un vrai poids l\u00e9ger &#8211; voire un poids plume. \u00c0 peine 110 g. La veste est id\u00e9ale pour tous les types de sport de course. La veste peut \u00eatre rang\u00e9e de mani\u00e8re compacte dans le sac fourni et est ainsi adapt\u00e9e \u00e0 chaque poche de pantalon.<\/p>\n<p><strong>Information sur le produit : <\/strong><br \/>\nId\u00e9ale pour tous les sports de course<br \/>\nUltra-l\u00e9ger et coupe-vent<br \/>\nHydrofuge et anti-t\u00e2che<br \/>\nMat\u00e9riau : 100 % polyester, mat\u00e9riau l\u00e9ger<br \/>\nCapuche avec cordon<br \/>\nCordon \u00e0 la taille<br \/>\nFermeture-\u00e9clair continu pour une pose et un retrait rapides<br \/>\n2 x poches ext\u00e9rieures avec fermeture-\u00e9clair<br \/>\nTaille \u00e9lastique aux extr\u00e9mit\u00e9s des manches pour une tenue parfaite<br \/>\nPoids\u00a0: 110 g<br \/>\nCouleur : Bleu \/ fermeture-\u00e9clairs jaune<br \/>\n100 % polyester<\/p>\n","protected":false},"excerpt":{"rendered":"<p>La veste de running extr\u00eamement l\u00e9g\u00e8re, coupe-vent et hydrofuge dans un mat\u00e9riau fonctionnel. Un vrai poids l\u00e9ger &#8211; voire un poids plume. \u00c0 peine 110 g. La veste est id\u00e9ale pour tous les types de sport de course. La veste peut \u00eatre rang\u00e9e de mani\u00e8re compacte dans le sac fourni et est ainsi adapt\u00e9e \u00e0 [&hellip;]<\/p>\n","protected":false},"featured_media":55734,"comment_status":"open","ping_status":"closed","template":"","meta":{"inline_featured_image":false},"product_brand":[],"product_cat":[1598],"product_tag":[1773,1765],"class_list":{"0":"post-37315","1":"product","2":"type-product","3":"status-publish","4":"has-post-thumbnail","6":"product_cat-coupe-vent","7":"product_tag-chasse-peche","8":"product_tag-sport-outdoor-fr","10":"first","11":"instock","12":"taxable","13":"shipping-taxable","14":"purchasable","15":"product-type-simple"},"_links":{"self":[{"href":"https:\/\/metal-badge.ch\/fr\/wp-json\/wp\/v2\/product\/37315","targetHints":{"allow":["GET"]}}],"collection":[{"href":"https:\/\/metal-badge.ch\/fr\/wp-json\/wp\/v2\/product"}],"about":[{"href":"https:\/\/metal-badge.ch\/fr\/wp-json\/wp\/v2\/types\/product"}],"replies":[{"embeddable":true,"href":"https:\/\/metal-badge.ch\/fr\/wp-json\/wp\/v2\/comments?post=37315"}],"wp:featuredmedia":[{"embeddable":true,"href":"https:\/\/metal-badge.ch\/fr\/wp-json\/wp\/v2\/media\/55734"}],"wp:attachment":[{"href":"https:\/\/metal-badge.ch\/fr\/wp-json\/wp\/v2\/media?parent=37315"}],"wp:term":[{"taxonomy":"product_brand","embeddable":true,"href":"https:\/\/metal-badge.ch\/fr\/wp-json\/wp\/v2\/product_brand?post=37315"},{"taxonomy":"product_cat","embeddable":true,"href":"https:\/\/metal-badge.ch\/fr\/wp-json\/wp\/v2\/product_cat?post=37315"},{"taxonomy":"product_tag","embeddable":true,"href":"https:\/\/metal-badge.ch\/fr\/wp-json\/wp\/v2\/product_tag?post=37315"}],"curies":[{"name":"wp","href":"https:\/\/api.w.org\/{rel}","templated":true}]}}