{"id":37304,"date":"2016-11-10T09:20:00","date_gmt":"2016-11-10T09:20:00","guid":{"rendered":"https:\/\/shop.metal-badge.ch\/?product=masque-de-protection-ff-p3-avec-vanne-dexpiration"},"modified":"2020-11-06T14:47:11","modified_gmt":"2020-11-06T13:47:11","slug":"masque-de-protection-ff-p3-avec-vanne-dexpiration","status":"publish","type":"product","link":"https:\/\/metal-badge.ch\/fr\/product\/37304\/masque-de-protection-ff-p3-avec-vanne-dexpiration\/","title":{"rendered":"Masque de protection FF P3 avec vanne d&rsquo;expiration"},"content":{"rendered":"<p>Le masque de protection jetable sert \u00e0 de nombreux domaines d&rsquo;utilisation. Masque de protection contre les substances toxiques comme : les spores, les bact\u00e9ries, la poussi\u00e8re fine, les virus. Prot\u00e8ge des pand\u00e9mies comme les grippes, dont la grippe porcine et la grippe aviaire. Protection s\u00fbre des voies respiratoires. Masque de protection selon la classe de protection FF P3. Les masques FF P3 sont privil\u00e9gi\u00e9s dans les domaines chimique et technique ou sont utilis\u00e9s dans l&rsquo;industrie pharmaceutique. Ce masque offre une protection contre les particules toxiques, solides et liquides et est \u00e9quip\u00e9 avec d&rsquo;une vanne d&rsquo;expiration. Protection active des organes respiratoires des influences de travail n\u00e9gaties, par l&rsquo;air pollu\u00e9. Les masques filtrant les poussi\u00e8res fines de classe FF P3 garantissent la protection minimale v\u00e9rifi\u00e9e jusqu&rsquo;\u00e0 30 x la valeur MAK. Ils offrent un grand degr\u00e9 de s\u00e9curit\u00e9.<\/p>\n<p>\n<strong>Information sur le produit :<\/strong><br \/>\nMasque flexible de type FFP3<br \/>\nv\u00e9rifi\u00e9 selon la norme EN 149:2001<br \/>\nCouche ext\u00e9rieure en polypropyl\u00e8ne (SMS)<br \/>\nCouche int\u00e9rieure en polyester<br \/>\nMonture en aluminium et plastique<br \/>\nBandes \u00e9lastiques, avec oeillets de serrage<br \/>\nJoint en caoutchouc<br \/>\nContre les particules toxiques, solides et liquides<br \/>\nClasse de filtre FFP3 avec une puissance filtrante >99 %<br \/>\navec vanne d&rsquo;expiration, protection s\u00fbre des voies respiratoires<br \/>\nUltra-efficace, doux pour la peau et confortable<br \/>\nDimensions : Taille unique<br \/>\nPoids\u00a0: 32 g.<br \/>\nCouleur : blanc<br \/>\nPrix : 7.50 pc \/ 5 pc CHF 29,-<\/p>\n<p>\u00a0<\/p>\n<p><strong>Domaine d&rsquo;utilisation, par ex. : <\/strong><br \/>\nInstallations d&rsquo;incin\u00e9ration de d\u00e9chets \/ dans l&rsquo;industrie pharmaceutique<br \/>\ndans les domaines chimique et technique<\/p>\n","protected":false},"excerpt":{"rendered":"<p>Le masque de protection jetable sert \u00e0 de nombreux domaines d&rsquo;utilisation. Masque de protection contre les substances toxiques comme : les spores, les bact\u00e9ries, la poussi\u00e8re fine, les virus. Prot\u00e8ge des pand\u00e9mies comme les grippes, dont la grippe porcine et la grippe aviaire. Protection s\u00fbre des voies respiratoires. Masque de protection selon la classe de [&hellip;]<\/p>\n","protected":false},"featured_media":74663,"comment_status":"open","ping_status":"closed","template":"","meta":{"inline_featured_image":false},"product_brand":[],"product_cat":[1639],"product_tag":[1781,1765],"class_list":{"0":"post-37304","1":"product","2":"type-product","3":"status-publish","4":"has-post-thumbnail","6":"product_cat-protection-du-visage-masques","7":"product_tag-police-securite","8":"product_tag-sport-outdoor-fr","10":"first","11":"outofstock","12":"taxable","13":"shipping-taxable","14":"purchasable","15":"product-type-simple"},"_links":{"self":[{"href":"https:\/\/metal-badge.ch\/fr\/wp-json\/wp\/v2\/product\/37304","targetHints":{"allow":["GET"]}}],"collection":[{"href":"https:\/\/metal-badge.ch\/fr\/wp-json\/wp\/v2\/product"}],"about":[{"href":"https:\/\/metal-badge.ch\/fr\/wp-json\/wp\/v2\/types\/product"}],"replies":[{"embeddable":true,"href":"https:\/\/metal-badge.ch\/fr\/wp-json\/wp\/v2\/comments?post=37304"}],"wp:featuredmedia":[{"embeddable":true,"href":"https:\/\/metal-badge.ch\/fr\/wp-json\/wp\/v2\/media\/74663"}],"wp:attachment":[{"href":"https:\/\/metal-badge.ch\/fr\/wp-json\/wp\/v2\/media?parent=37304"}],"wp:term":[{"taxonomy":"product_brand","embeddable":true,"href":"https:\/\/metal-badge.ch\/fr\/wp-json\/wp\/v2\/product_brand?post=37304"},{"taxonomy":"product_cat","embeddable":true,"href":"https:\/\/metal-badge.ch\/fr\/wp-json\/wp\/v2\/product_cat?post=37304"},{"taxonomy":"product_tag","embeddable":true,"href":"https:\/\/metal-badge.ch\/fr\/wp-json\/wp\/v2\/product_tag?post=37304"}],"curies":[{"name":"wp","href":"https:\/\/api.w.org\/{rel}","templated":true}]}}