{"id":37284,"date":"2016-11-07T15:56:12","date_gmt":"2016-11-07T15:56:12","guid":{"rendered":"https:\/\/shop.metal-badge.ch\/?product=casquette-classique-des-etats-du-sud-confederate-army"},"modified":"2016-11-07T15:58:59","modified_gmt":"2016-11-07T15:58:59","slug":"casquette-classique-des-etats-du-sud-confederate-army","status":"publish","type":"product","link":"https:\/\/metal-badge.ch\/fr\/product\/37284\/casquette-classique-des-etats-du-sud-confederate-army\/","title":{"rendered":"Casquette classique des \u00c9tats du sud (confederate army)"},"content":{"rendered":"<p>La casquette gris anthracite a \u00e9t\u00e9 port\u00e9e par les \u00c9tats du Sud (confederate). Avec armes appliqu\u00e9es, crois\u00e9es. Avec cette casquette, vous \u00eates au point au niveau historique. Id\u00e9ale pour les moteurs et l&rsquo;ext\u00e9rieur Ou pour ceux qui recherchent l&rsquo;originalit\u00e9. La casquette est tr\u00e8s confortable \u00e0 porter et s&rsquo;adapte \u00e0 la forme de la t\u00eate.\u00a0<\/p>\n<p>\u00a0<\/p>\n<p><strong>Information sur le produit :<\/strong><\/p>\n<p>Coloris : gris<br \/>\nRenfort : Bande Hutin<br \/>\nRenfort : Sur le couvercle<br \/>\nVisi\u00e8re : Cuir et plastique<br \/>\nLongueur de la visi\u00e8re : 5 cm<br \/>\nMat\u00e9riau : Laine 70 % \/ acrylique 30 %<br \/>\nTailles : S, M, L, XL<\/p>\n<p>\u00a0<\/p>\n<p>Tableau des tailles : voir ci-dessous<\/p>\n<p><img decoding=\"async\" src=\"https:\/\/metal-badge.ch\/wp-content\/uploads\/content\/Size-Table_2nd.jpg\" alt=\"\"><\/p>\n<p>Gr\u00f6\u00dfe = Taille<\/p>\n<p>\u00a0<\/p>\n","protected":false},"excerpt":{"rendered":"<p>La casquette gris anthracite a \u00e9t\u00e9 port\u00e9e par les \u00c9tats du Sud (confederate). Avec armes appliqu\u00e9es, crois\u00e9es. Avec cette casquette, vous \u00eates au point au niveau historique. Id\u00e9ale pour les moteurs et l&rsquo;ext\u00e9rieur Ou pour ceux qui recherchent l&rsquo;originalit\u00e9. La casquette est tr\u00e8s confortable \u00e0 porter et s&rsquo;adapte \u00e0 la forme de la t\u00eate.\u00a0 \u00a0 [&hellip;]<\/p>\n","protected":false},"featured_media":89881,"comment_status":"open","ping_status":"closed","template":"","meta":{"inline_featured_image":false},"product_brand":[],"product_cat":[1622],"product_tag":[1777,1773,1765],"class_list":{"0":"post-37284","1":"product","2":"type-product","3":"status-publish","4":"has-post-thumbnail","6":"product_cat-cappes","7":"product_tag-camping-voyage","8":"product_tag-chasse-peche","9":"product_tag-sport-outdoor-fr","11":"first","12":"instock","13":"taxable","14":"shipping-taxable","15":"purchasable","16":"product-type-simple"},"_links":{"self":[{"href":"https:\/\/metal-badge.ch\/fr\/wp-json\/wp\/v2\/product\/37284","targetHints":{"allow":["GET"]}}],"collection":[{"href":"https:\/\/metal-badge.ch\/fr\/wp-json\/wp\/v2\/product"}],"about":[{"href":"https:\/\/metal-badge.ch\/fr\/wp-json\/wp\/v2\/types\/product"}],"replies":[{"embeddable":true,"href":"https:\/\/metal-badge.ch\/fr\/wp-json\/wp\/v2\/comments?post=37284"}],"wp:featuredmedia":[{"embeddable":true,"href":"https:\/\/metal-badge.ch\/fr\/wp-json\/wp\/v2\/media\/89881"}],"wp:attachment":[{"href":"https:\/\/metal-badge.ch\/fr\/wp-json\/wp\/v2\/media?parent=37284"}],"wp:term":[{"taxonomy":"product_brand","embeddable":true,"href":"https:\/\/metal-badge.ch\/fr\/wp-json\/wp\/v2\/product_brand?post=37284"},{"taxonomy":"product_cat","embeddable":true,"href":"https:\/\/metal-badge.ch\/fr\/wp-json\/wp\/v2\/product_cat?post=37284"},{"taxonomy":"product_tag","embeddable":true,"href":"https:\/\/metal-badge.ch\/fr\/wp-json\/wp\/v2\/product_tag?post=37284"}],"curies":[{"name":"wp","href":"https:\/\/api.w.org\/{rel}","templated":true}]}}