{"id":37277,"date":"2016-11-07T15:26:50","date_gmt":"2016-11-07T15:26:50","guid":{"rendered":"https:\/\/shop.metal-badge.ch\/?product=veste-dexterieur-olive"},"modified":"2023-01-10T02:44:26","modified_gmt":"2023-01-10T01:44:26","slug":"veste-dexterieur-olive-2","status":"publish","type":"product","link":"https:\/\/metal-badge.ch\/fr\/product\/37277\/veste-dexterieur-olive-2\/","title":{"rendered":"Veste d&rsquo;ext\u00e9rieur olive"},"content":{"rendered":"<p>Veste d&rsquo;ext\u00e9rieur doubl\u00e9e et confortable, id\u00e9ale pour les mois de demi-saison pendant la chasse et les autres activit\u00e9s d&rsquo;ext\u00e9rieur. La veste en coton et polyester est hydrofuge, coupe-vent et prot\u00e8ge du froid. Le col debout court de 5 cm peut \u00eatre ferm\u00e9 devant avec des boutons pression. La veste est respirante et peut \u00eatre \u00e9quip\u00e9e de 2 x poches ext\u00e9rieures. Dans la doublure int\u00e9rieure, il y a \u00e0 la fois \u00e0 gauche et \u00e0 droite une grande poche. Les ourlets des manches sont r\u00e9glables avec un bouton pression sur deux positions. La veste est ferm\u00e9e avec une fermeture-\u00e9clair<\/p>\n<p>\u00a0<\/p>\n<p><strong>Information sur le produit : <\/strong><\/p>\n<p>Marque : Free Army<br \/>\nVeste piqu\u00e9e devant<br \/>\nCol droit 5 cm avec bouton pression devant<br \/>\nCoupe-vent et r\u00e9sistant au froid<br \/>\nHydrofuge et respirant<br \/>\nR\u00e9sistante et reste s\u00e8che m\u00eame en cas de courte averse.<br \/>\nCouleur : Vert olive<br \/>\nMat\u00e9riau : 35 % coton \/ 65 % polyester<br \/>\nCoupe et longueur : Normal<br \/>\nPoids\u00a0: 850 g<br \/>\nFermeture-\u00e9clairs<br \/>\nOurlet des manches r\u00e9glables avec bouton pression sur deux positions<br \/>\nAvec 2 x grandes poches ext\u00e9rieures<br \/>\nAvec 2 x grandes poches int\u00e9rieures<br \/>\nTailles : S, M, L, XL coupe normale<\/p>\n","protected":false},"excerpt":{"rendered":"<p>Veste d&rsquo;ext\u00e9rieur doubl\u00e9e et confortable, id\u00e9ale pour les mois de demi-saison pendant la chasse et les autres activit\u00e9s d&rsquo;ext\u00e9rieur. La veste en coton et polyester est hydrofuge, coupe-vent et prot\u00e8ge du froid. Le col debout court de 5 cm peut \u00eatre ferm\u00e9 devant avec des boutons pression. La veste est respirante et peut \u00eatre \u00e9quip\u00e9e [&hellip;]<\/p>\n","protected":false},"featured_media":37269,"comment_status":"open","ping_status":"closed","template":"","meta":{"inline_featured_image":false},"product_brand":[],"product_cat":[2189],"product_tag":[],"class_list":{"0":"post-37277","1":"product","2":"type-product","3":"status-publish","4":"has-post-thumbnail","6":"product_cat-vetementsdeloisirs","8":"first","9":"instock","10":"taxable","11":"shipping-taxable","12":"purchasable","13":"product-type-simple"},"_links":{"self":[{"href":"https:\/\/metal-badge.ch\/fr\/wp-json\/wp\/v2\/product\/37277","targetHints":{"allow":["GET"]}}],"collection":[{"href":"https:\/\/metal-badge.ch\/fr\/wp-json\/wp\/v2\/product"}],"about":[{"href":"https:\/\/metal-badge.ch\/fr\/wp-json\/wp\/v2\/types\/product"}],"replies":[{"embeddable":true,"href":"https:\/\/metal-badge.ch\/fr\/wp-json\/wp\/v2\/comments?post=37277"}],"wp:featuredmedia":[{"embeddable":true,"href":"https:\/\/metal-badge.ch\/fr\/wp-json\/wp\/v2\/media\/37269"}],"wp:attachment":[{"href":"https:\/\/metal-badge.ch\/fr\/wp-json\/wp\/v2\/media?parent=37277"}],"wp:term":[{"taxonomy":"product_brand","embeddable":true,"href":"https:\/\/metal-badge.ch\/fr\/wp-json\/wp\/v2\/product_brand?post=37277"},{"taxonomy":"product_cat","embeddable":true,"href":"https:\/\/metal-badge.ch\/fr\/wp-json\/wp\/v2\/product_cat?post=37277"},{"taxonomy":"product_tag","embeddable":true,"href":"https:\/\/metal-badge.ch\/fr\/wp-json\/wp\/v2\/product_tag?post=37277"}],"curies":[{"name":"wp","href":"https:\/\/api.w.org\/{rel}","templated":true}]}}