{"id":37260,"date":"2016-11-07T12:35:16","date_gmt":"2016-11-07T12:35:16","guid":{"rendered":"https:\/\/shop.metal-badge.ch\/?product=gants-jetables-en-latex-naturel-poudre"},"modified":"2016-11-07T12:42:48","modified_gmt":"2016-11-07T12:42:48","slug":"gants-jetables-en-latex-naturel-poudre","status":"publish","type":"product","link":"https:\/\/metal-badge.ch\/fr\/product\/37260\/gants-jetables-en-latex-naturel-poudre\/","title":{"rendered":"Gants jetables en latex naturel poudr\u00e9"},"content":{"rendered":"<p>Encore plus doux que le vinyle mais non r\u00e9sistant aux huiles et aux graisses. Peuvent \u00eatre port\u00e9es des deux mains.<br \/>\nL\u00e9g\u00e8rement poudr\u00e9s, avec bord roulant. Bonne prise en main<br \/>\nCarton de 100 pi\u00e8ces<br \/>\nISO 13485-2003<br \/>\nEN 420 cat. 2, EN 455 1-4<br \/>\nCouleur : blanc<br \/>\nTaille : M &#8211; L<\/p>\n","protected":false},"excerpt":{"rendered":"<p>Encore plus doux que le vinyle mais non r\u00e9sistant aux huiles et aux graisses. Peuvent \u00eatre port\u00e9es des deux mains. L\u00e9g\u00e8rement poudr\u00e9s, avec bord roulant. Bonne prise en main Carton de 100 pi\u00e8ces ISO 13485-2003 EN 420 cat. 2, EN 455 1-4 Couleur : blanc Taille : M &#8211; L<\/p>\n","protected":false},"featured_media":89885,"comment_status":"open","ping_status":"closed","template":"","meta":{"inline_featured_image":false},"product_brand":[],"product_cat":[1643],"product_tag":[1781,1765],"class_list":{"0":"post-37260","1":"product","2":"type-product","3":"status-publish","4":"has-post-thumbnail","6":"product_cat-gants-gants-dintervention","7":"product_tag-police-securite","8":"product_tag-sport-outdoor-fr","10":"first","11":"instock","12":"taxable","13":"shipping-taxable","14":"purchasable","15":"product-type-simple"},"_links":{"self":[{"href":"https:\/\/metal-badge.ch\/fr\/wp-json\/wp\/v2\/product\/37260","targetHints":{"allow":["GET"]}}],"collection":[{"href":"https:\/\/metal-badge.ch\/fr\/wp-json\/wp\/v2\/product"}],"about":[{"href":"https:\/\/metal-badge.ch\/fr\/wp-json\/wp\/v2\/types\/product"}],"replies":[{"embeddable":true,"href":"https:\/\/metal-badge.ch\/fr\/wp-json\/wp\/v2\/comments?post=37260"}],"wp:featuredmedia":[{"embeddable":true,"href":"https:\/\/metal-badge.ch\/fr\/wp-json\/wp\/v2\/media\/89885"}],"wp:attachment":[{"href":"https:\/\/metal-badge.ch\/fr\/wp-json\/wp\/v2\/media?parent=37260"}],"wp:term":[{"taxonomy":"product_brand","embeddable":true,"href":"https:\/\/metal-badge.ch\/fr\/wp-json\/wp\/v2\/product_brand?post=37260"},{"taxonomy":"product_cat","embeddable":true,"href":"https:\/\/metal-badge.ch\/fr\/wp-json\/wp\/v2\/product_cat?post=37260"},{"taxonomy":"product_tag","embeddable":true,"href":"https:\/\/metal-badge.ch\/fr\/wp-json\/wp\/v2\/product_tag?post=37260"}],"curies":[{"name":"wp","href":"https:\/\/api.w.org\/{rel}","templated":true}]}}