{"id":37248,"date":"2016-11-01T13:44:03","date_gmt":"2016-11-01T13:44:03","guid":{"rendered":"https:\/\/shop.metal-badge.ch\/?product=gilet-dintervention-tactique-noir"},"modified":"2024-08-03T00:44:34","modified_gmt":"2024-08-02T22:44:34","slug":"gilet-dintervention-tactique-noir","status":"publish","type":"product","link":"https:\/\/metal-badge.ch\/fr\/product\/37248\/gilet-dintervention-tactique-noir\/","title":{"rendered":"Gilet d&rsquo;intervention tactique noir"},"content":{"rendered":"<p>Gilet d&rsquo;intervention noir en polyester solide Mesh 425 GSM Basic&nbsp; et tissu nylon 1000 denier avec un rev\u00eatement PU hydrofuge, le gilet avec de nombreux extras. Le gilet est disponible dans diverses tailles et se ferme sur l&rsquo;avant avec une fermeture-\u00e9clair YKK. Sur le dos, le gilet est \u00e9quip\u00e9e d&rsquo;une grande bande autogrippante et il est ainsi possible de retirer et d&rsquo;appliquer facilement l&rsquo;inscription <strong>SECURITY \/ POLICE \/ PARAMEDIC \/ FEUERWEHR etc<\/strong>. plastifi\u00e9e et r\u00e9fl\u00e9chissante. Les dimensions du panneau \u00e0 l&rsquo;arri\u00e8re est de 29 cm x 10 cm.<\/p>\n<p>Sur le dos, \u00e0 l&rsquo;ext\u00e9rieur, le gilet est \u00e9quip\u00e9 d&rsquo;un compartiment \u00e0 gants avec double fermeture-\u00e9clair.<\/p>\n<p>Les dimensions du compartiment du dos sont 15 x 15 cm. De plus, le compartiment est \u00e9quip\u00e9 \u00e0 l&rsquo;ext\u00e9rieur d&rsquo;un patch en cordura noir pour mettre des num\u00e9ros etc. sur le gilet.<\/p>\n<p><strong>\u00c0 l&rsquo;avant<\/strong>, sur le torse, \u00e0 droite, se trouve une fen\u00eatre d&rsquo;ID et \u00e0 gauche un panneau d&rsquo;inscription r\u00e9fl\u00e9chissant, appliqu\u00e9 par bande autogrippante <strong>SECURITY \/ POLICE<\/strong> <strong>\/ PARAMEDIC \/ FEUERWEHR etc.<\/strong> dans les dimensions 12 cm x 4cm. Dans la partie inf\u00e9rieure du gilet, il y a diverses poches.&nbsp;&nbsp;&nbsp;&nbsp;&nbsp; Une poche radio universelle qui peut \u00eatre adapt\u00e9e \u00e0 votre radio avec une bande autogrippante et des bandes \u00e9lastiques en caoutchouc. Poche \u00e0 menottes, poche \u00e0 lampe de poche et une autre grande poche \u00e0 l&rsquo;avant pour un gilet encore plus int\u00e9ressant. Deux grands compartiments \u00e0 pistolet des deux c\u00f4t\u00e9s pour les gauchers et droitiers sont plac\u00e9s \u00e0 l&rsquo;avant avec des fermeture-\u00e9clairs sous les poches et sont bien accessibles. <strong><em>\u00c9paule avant,<\/em><\/strong> des deux c\u00f4t\u00e9s, des fermetures rapides sont plac\u00e9es pour le micro, le porte-stylo etc.<\/p>\n<p>La grande fermeture-\u00e9clair m\u00e9diane \u00e0 l&rsquo;avant est cach\u00e9e par une barre avec 3 boutons pression. La barre de fermeture-\u00e9clair est \u00e9quip\u00e9e en place d&rsquo;une bande autogrippante et peut \u00eatre \u00e9quip\u00e9e en cas de besoin de panneaux d&rsquo;inscription. La barre est recouverte de mani\u00e8re standard d&rsquo;une bande autogrippante noire neutre.<\/p>\n<p>\u00c0 l&rsquo;avant et \u00e0 l&rsquo;arri\u00e8re, il y a sur le gilet des bandes de s\u00e9curit\u00e9 r\u00e9fl\u00e9chissantes. Ainsi, le porteur peut \u00eatre vu dans le noir. Le gilet est \u00e9quip\u00e9 en&nbsp; bas de 4 boucles nylon, 2 avant et 2 arri\u00e8re pour la fixation sur la ceinture. Il est possible de r\u00e9gler leur taille au choix avec une bande autogrippante. Le gilet peut \u00eatre ouvert en bas et en haut dans la zone des \u00e9paules par une fermeture \u00e0 bande autogrippante et ainsi \u00eatre encre mieux adapt\u00e9 au porteur. Le gilet est \u00e9quip\u00e9 en haut d&rsquo;une poign\u00e9e de transport.<\/p>\n<p><strong>Information sur le produit :<\/strong><\/p>\n<ul>\n<li>Le gilet peut \u00eatre ouvert sur les c\u00f4t\u00e9s et en haut dans la zone des \u00e9paules par une fermeture \u00e0 bande autogrippante et ainsi \u00eatre encre mieux adapt\u00e9 au porteur.<\/li>\n<li>Mat\u00e9riau : En polyester solide Mesh 425 GSM Basic et tissu nylon 1000 denier avec un rev\u00eatement PU hydrofuge.<\/li>\n<li>Avec bandes de s\u00e9curit\u00e9 cousues r\u00e9fl\u00e9chissant<\/li>\n<li>Panneaux d&rsquo;inscription : Bande autogrippante rempla\u00e7able<\/li>\n<li>Poign\u00e9e de transport<\/li>\n<li>Fermetures rapides \u00c9paule avant pour micro<\/li>\n<li>Porte-stylo<\/li>\n<li>Couleur : noir<\/li>\n<li>Dimensions : S, M, L, XL, 2XL<\/li>\n<li>Poids : 840 gr.<\/li>\n<\/ul>\n<p><strong>Pour les commandes \u00e0 partir de 20 pc, propre inscription possible sur demande et prix r\u00e9duit garanti, veuillez nous contacter<\/strong><\/p>\n","protected":false},"excerpt":{"rendered":"<p>Gilet d&rsquo;intervention noir en polyester solide Mesh 425 GSM Basic&nbsp; et tissu nylon 1000 denier avec un rev\u00eatement PU hydrofuge, le gilet avec de nombreux extras. Le gilet est disponible dans diverses tailles et se ferme sur l&rsquo;avant avec une fermeture-\u00e9clair YKK. Sur le dos, le gilet est \u00e9quip\u00e9e d&rsquo;une grande bande autogrippante et il est ainsi possible de retirer et d&rsquo;appliquer facilement l&rsquo;inscription <strong>SECURITY \/ POLICE \/ PARAMEDIC \/ FEUERWEHR etc<\/strong>.<\/p>\n","protected":false},"featured_media":37242,"comment_status":"open","ping_status":"closed","template":"","meta":{"inline_featured_image":false},"product_brand":[],"product_cat":[2215,1606],"product_tag":[1765],"class_list":{"0":"post-37248","1":"product","2":"type-product","3":"status-publish","4":"has-post-thumbnail","6":"product_cat-vestes_tactiques","7":"product_cat-vetements-haute-visibilite-et-lumineux","8":"product_tag-sport-outdoor-fr","10":"first","11":"instock","12":"taxable","13":"shipping-taxable","14":"purchasable","15":"product-type-simple"},"_links":{"self":[{"href":"https:\/\/metal-badge.ch\/fr\/wp-json\/wp\/v2\/product\/37248","targetHints":{"allow":["GET"]}}],"collection":[{"href":"https:\/\/metal-badge.ch\/fr\/wp-json\/wp\/v2\/product"}],"about":[{"href":"https:\/\/metal-badge.ch\/fr\/wp-json\/wp\/v2\/types\/product"}],"replies":[{"embeddable":true,"href":"https:\/\/metal-badge.ch\/fr\/wp-json\/wp\/v2\/comments?post=37248"}],"wp:featuredmedia":[{"embeddable":true,"href":"https:\/\/metal-badge.ch\/fr\/wp-json\/wp\/v2\/media\/37242"}],"wp:attachment":[{"href":"https:\/\/metal-badge.ch\/fr\/wp-json\/wp\/v2\/media?parent=37248"}],"wp:term":[{"taxonomy":"product_brand","embeddable":true,"href":"https:\/\/metal-badge.ch\/fr\/wp-json\/wp\/v2\/product_brand?post=37248"},{"taxonomy":"product_cat","embeddable":true,"href":"https:\/\/metal-badge.ch\/fr\/wp-json\/wp\/v2\/product_cat?post=37248"},{"taxonomy":"product_tag","embeddable":true,"href":"https:\/\/metal-badge.ch\/fr\/wp-json\/wp\/v2\/product_tag?post=37248"}],"curies":[{"name":"wp","href":"https:\/\/api.w.org\/{rel}","templated":true}]}}