{"id":37239,"date":"2016-10-31T15:34:32","date_gmt":"2016-10-31T15:34:32","guid":{"rendered":"https:\/\/shop.metal-badge.ch\/?product=gilet-dintervention-tactique-jaune-fluo"},"modified":"2024-11-28T00:17:24","modified_gmt":"2024-11-27T23:17:24","slug":"gilet-dintervention-tactique-jaune-fluo-2","status":"publish","type":"product","link":"https:\/\/metal-badge.ch\/fr\/product\/37239\/gilet-dintervention-tactique-jaune-fluo-2\/","title":{"rendered":"Gilet d&rsquo;intervention tactique jaune fluo"},"content":{"rendered":"<p>Gilet d&rsquo;intervention jaune fluo en polyester solide Mesh 425 GSM Basic et tissu nylon 1000 denier avec un rev\u00eatement PU hydrofuge et de nombreux extras. Le gilet est disponible dans diverses tailles et se ferme sur l&rsquo;avant avec une fermeture-\u00e9clair YKK. Sur le dos, le gilet est \u00e9quip\u00e9 d&rsquo;une grande bande autogrippante, et il est ainsi possible de retirer et d&rsquo;appliquer facilement l&rsquo;inscription <strong>SICHERHEIT SECURITY SECURITE<\/strong> <strong> \/ POLIZEI POLICE POLIZIA<\/strong>&nbsp;plastifi\u00e9e et r\u00e9fl\u00e9chissante. Les dimensions du panneau \u00e0 l&rsquo;arri\u00e8re est de 29 cm x 10 cm.<\/p>\n<p>Une grande poche ext\u00e9rieure est plac\u00e9e sur le dos avec une bande autogrippante. La poche offre un grand espace de rangement. De plus, une seconde bande autogrippante est pr\u00e9sente sur le couvercle. Les dimensions de la poche de dos : Largeur 22 cm \/ hauteur 24cm \/ profondeur 12cm<\/p>\n<p><strong>\u00c0 l&rsquo;avant<\/strong>, sur le torse, \u00e0 droite, se trouve une fen\u00eatre d&rsquo;ID et \u00e0 gauche un panneau d&rsquo;inscription r\u00e9fl\u00e9chissant, appliqu\u00e9 par bande autogrippante <strong>SICHERHEIT SECURITY SECURITE<\/strong> <strong> \/ POLIZEI POLICE POLIZIA.<\/strong> dans les dimensions 11 cm x 4cm. En plus, il y a \u00e0 droite et \u00e0 gauche une languette en cordura. Dans la partie inf\u00e9rieure, le gilet est \u00e9quip\u00e9 de diverses poches. Au total, le gilet est \u00e9quip\u00e9 \u00e0 l&rsquo;avant, au total, de 7 poches multifonctions Une poche radio universelle qui peut \u00eatre adapt\u00e9e \u00e0 votre radio avec une bande autogrippante et des bandes \u00e9lastiques en caoutchouc. Poche \u00e0 menottes, poche \u00e0 lampe de poche, poche \u00e0 t\u00e9l\u00e9phone portable etc. Sous les poches \u00e0 l&rsquo;avant et accessibles avec une fermeture-\u00e9clair lat\u00e9rale, il y a des deux c\u00f4t\u00e9s encore deux grands compartiments de rangement pour le pistolet ou d&rsquo;autres objets.<\/p>\n<p>La fermeture-\u00e9clair m\u00e9diane YKK \u00e0 l&rsquo;avant est cach\u00e9e par une barre avec 3 boutons pression. La barre de fermeture-\u00e9clair est \u00e9quip\u00e9e en place d&rsquo;une bande autogrippante et peut \u00eatre \u00e9quip\u00e9e en cas de besoin de panneaux d&rsquo;inscription. La barre est recouverte de mani\u00e8re standard d&rsquo;une bande autogrippante jaune.<\/p>\n<p>\u00c0 l&rsquo;avant et \u00e0 l&rsquo;arri\u00e8re, il y a sur le gilet des bandes de s\u00e9curit\u00e9 bleues \/ argent\u00e9es r\u00e9fl\u00e9chissantes. Ainsi, le porteur peut \u00eatre vu dans le noir. Le gilet est \u00e9quip\u00e9 en bas de 4 \u0153illets m\u00e9talliques sur la ceinture, sur le c\u00f4t\u00e9 de respectivement 3 fermetures rapides et boucles en nylon. Dans la zone de l&rsquo;\u00e9paule, des deux c\u00f4t\u00e9s, avec une fermeture \u00e0 bande autogrippante, il est possible de l&rsquo;ajuster encore mieux au porteur. Dans la zone de l&rsquo;\u00e9paule \u00e0 droite et \u00e0 gauche, un \u0153illet m\u00e9tallique est plac\u00e9 en plus. Le gilet est \u00e9quip\u00e9 en haut d&rsquo;une poign\u00e9e de transport.<\/p>\n<p><strong>Information sur le produit :<\/strong><\/p>\n<ul>\n<li>Mat\u00e9riau : En polyester solide Mesh 425 GSM Basic et tissu nylon 1000 denier avec un rev\u00eatement PU hydrofuge.<\/li>\n<li>Le gilet peut \u00eatre encore mieux adapt\u00e9 au porteur sur le c\u00f4t\u00e9 avec trois boucles nylon et une fermeture rapide.<\/li>\n<li>Le gilet peut \u00eatre ouvert en haut dans la zone des \u00e9paules par une fermeture \u00e0 bande autogrippante et ainsi \u00eatre encre mieux adapt\u00e9 au porteur.<\/li>\n<li>Poign\u00e9e de transport<\/li>\n<li>Porte-cl\u00e9s \/ Support<\/li>\n<li>Diverses languettes de fixation et \u0153illets en m\u00e9tal<\/li>\n<li>Avec bandes de s\u00e9curit\u00e9 cousues bleu\/argent<\/li>\n<li>r\u00e9fl\u00e9chissant<\/li>\n<li>Panneaux d&rsquo;inscription : Bande autogrippante rempla\u00e7able<\/li>\n<li>Poche arri\u00e8re : 1 x grande poche sur le dos avec bande autogrippante<\/li>\n<li>Poches avant :&nbsp;&nbsp; 7 x poches multifonctions<\/li>\n<li>Couleur : jaune fluo<\/li>\n<li>Dimensions : S, M, L, XL, 2XL<\/li>\n<li>Poids : 840 gr.<\/li>\n<\/ul>\n<p><strong>Pour les commandes \u00e0 partir de 20 pc, propre inscription possible sur demande et prix r\u00e9duit garanti, veuillez nous contacter.<\/strong><\/p>\n","protected":false},"excerpt":{"rendered":"<p>Gilet d&rsquo;intervention jaune fluo en polyester solide Mesh 425 GSM Basic et tissu nylon 1000 denier avec un rev\u00eatement PU hydrofuge, le gilet avec de nombreux extras. Le gilet est disponible dans diverses tailles et se ferme sur l&rsquo;avant avec une fermeture-\u00e9clair YKK. Sur le dos, le gilet est \u00e9quip\u00e9e d&rsquo;une grande bande autogrippante et il est ainsi possible de retirer et d&rsquo;appliquer facilement l&rsquo;inscription <strong>SICHERHEIT SECURITY SECURITE<\/strong> <strong> \/ POLIZEI POLICE POLIZIA<\/strong>.<\/p>\n","protected":false},"featured_media":56798,"comment_status":"open","ping_status":"closed","template":"","meta":{"inline_featured_image":false},"product_brand":[],"product_cat":[2215,1606],"product_tag":[1765],"class_list":{"0":"post-37239","1":"product","2":"type-product","3":"status-publish","4":"has-post-thumbnail","6":"product_cat-vestes_tactiques","7":"product_cat-vetements-haute-visibilite-et-lumineux","8":"product_tag-sport-outdoor-fr","10":"first","11":"instock","12":"taxable","13":"shipping-taxable","14":"purchasable","15":"product-type-simple"},"_links":{"self":[{"href":"https:\/\/metal-badge.ch\/fr\/wp-json\/wp\/v2\/product\/37239","targetHints":{"allow":["GET"]}}],"collection":[{"href":"https:\/\/metal-badge.ch\/fr\/wp-json\/wp\/v2\/product"}],"about":[{"href":"https:\/\/metal-badge.ch\/fr\/wp-json\/wp\/v2\/types\/product"}],"replies":[{"embeddable":true,"href":"https:\/\/metal-badge.ch\/fr\/wp-json\/wp\/v2\/comments?post=37239"}],"wp:featuredmedia":[{"embeddable":true,"href":"https:\/\/metal-badge.ch\/fr\/wp-json\/wp\/v2\/media\/56798"}],"wp:attachment":[{"href":"https:\/\/metal-badge.ch\/fr\/wp-json\/wp\/v2\/media?parent=37239"}],"wp:term":[{"taxonomy":"product_brand","embeddable":true,"href":"https:\/\/metal-badge.ch\/fr\/wp-json\/wp\/v2\/product_brand?post=37239"},{"taxonomy":"product_cat","embeddable":true,"href":"https:\/\/metal-badge.ch\/fr\/wp-json\/wp\/v2\/product_cat?post=37239"},{"taxonomy":"product_tag","embeddable":true,"href":"https:\/\/metal-badge.ch\/fr\/wp-json\/wp\/v2\/product_tag?post=37239"}],"curies":[{"name":"wp","href":"https:\/\/api.w.org\/{rel}","templated":true}]}}