{"id":37228,"date":"2016-10-28T11:07:18","date_gmt":"2016-10-28T11:07:18","guid":{"rendered":"https:\/\/shop.metal-badge.ch\/?product=veste-dexterieur-couleur-olive-en-style-manchester-tendance"},"modified":"2023-01-10T02:55:14","modified_gmt":"2023-01-10T01:55:14","slug":"veste-dexterieur-couleur-olive-en-style-manchester-tendance","status":"publish","type":"product","link":"https:\/\/metal-badge.ch\/fr\/product\/37228\/veste-dexterieur-couleur-olive-en-style-manchester-tendance\/","title":{"rendered":"Veste d&rsquo;ext\u00e9rieur couleur olive en style Manchester tendance"},"content":{"rendered":"<p>Veste tendance, manches, \u00e9paules et partie avant dans le style Manchester tendance avec les c\u00f4tes en longueur. Veste doubl\u00e9e pour plus de chaleur et de confort pendant les mois d&rsquo;hiver froids, pour la chasse ou les autres activit\u00e9s d&rsquo;ext\u00e9rieur. Doublure int\u00e9rieur \u00e0 carreaux. La veste en coton et polyester est hydrofuge, absolument coupe-vent et prot\u00e8ge du froid. M\u00eame la capuche est rembourr\u00e9e et peut \u00eatre r\u00e9gl\u00e9e avec le cordon et le bloqueur. De plus, le capuche peut \u00eatre retir\u00e9 avec une fermeture-\u00e9clair. La veste est respirante et peut \u00eatre \u00e9quip\u00e9e de 6 x poches ext\u00e9rieures. 5 x poches ext\u00e9rieures sont refermables avec des boutons pression et 1 x avec une fermeture-\u00e9clair. Les poches ext\u00e9rieures offrent un tr\u00e8s grand espace de rangement. Dans le rembourrage int\u00e9rieur, il y a 2 x poches avec fermeture \u00e9clair. Les manches et la taille se terminent avec un ourlet \u00e9lastique de 6,0 cm de large. La veste peut \u00eatre ferm\u00e9e avec une fermeture-\u00e9clair et une barre de 3 x boutons pression.<\/p>\n<p>\u00a0<\/p>\n<p><strong>Information sur le produit : <\/strong><\/p>\n<p>Marque : Free Army<br \/>\nCoupe-vent et r\u00e9sistant au froid<br \/>\nHydrofuge et respirant<br \/>\nTr\u00e8s r\u00e9sistante et reste s\u00e8che m\u00eame en cas de courte averse.<br \/>\nCouleur : Vert olive<br \/>\nMat\u00e9riau : 35 % coton \/ 65 % polyester<br \/>\nCoupe et longueur : Normal<br \/>\nPoids\u00a0: 1290 gr.<br \/>\nCapuche : Peut \u00eatre retir\u00e9e avec une fermeture-\u00e9clair.<br \/>\nCapuche rembourr\u00e9e avec cordon<br \/>\nSyst\u00e8me de fermeture-\u00e9clair et au-dessus barre de boutons pression<br \/>\nFin des manches et taille avec ourlet \u00e9lastique<br \/>\nAvec 5 x grandes poches ext\u00e9rieures et boutons pression<br \/>\nAvec 1 x poche ext\u00e9rieure avec fermeture-\u00e9clair<br \/>\nAvec 2 x grandes poches int\u00e9rieures avec fermeture-\u00e9clair<br \/>\nTailles : S, M, L, XL coupe normale<\/p>\n","protected":false},"excerpt":{"rendered":"<p>Veste tendance, manches, \u00e9paules et partie avant dans le style Manchester tendance avec les c\u00f4tes en longueur. Veste doubl\u00e9e pour plus de chaleur et de confort pendant les mois d&rsquo;hiver froids, pour la chasse ou les autres activit\u00e9s d&rsquo;ext\u00e9rieur. Doublure int\u00e9rieur \u00e0 carreaux. La veste en coton et polyester est hydrofuge, absolument coupe-vent et prot\u00e8ge [&hellip;]<\/p>\n","protected":false},"featured_media":89889,"comment_status":"open","ping_status":"closed","template":"","meta":{"inline_featured_image":false},"product_brand":[],"product_cat":[2189],"product_tag":[],"class_list":{"0":"post-37228","1":"product","2":"type-product","3":"status-publish","4":"has-post-thumbnail","6":"product_cat-vetementsdeloisirs","8":"first","9":"instock","10":"taxable","11":"shipping-taxable","12":"purchasable","13":"product-type-simple"},"_links":{"self":[{"href":"https:\/\/metal-badge.ch\/fr\/wp-json\/wp\/v2\/product\/37228","targetHints":{"allow":["GET"]}}],"collection":[{"href":"https:\/\/metal-badge.ch\/fr\/wp-json\/wp\/v2\/product"}],"about":[{"href":"https:\/\/metal-badge.ch\/fr\/wp-json\/wp\/v2\/types\/product"}],"replies":[{"embeddable":true,"href":"https:\/\/metal-badge.ch\/fr\/wp-json\/wp\/v2\/comments?post=37228"}],"wp:featuredmedia":[{"embeddable":true,"href":"https:\/\/metal-badge.ch\/fr\/wp-json\/wp\/v2\/media\/89889"}],"wp:attachment":[{"href":"https:\/\/metal-badge.ch\/fr\/wp-json\/wp\/v2\/media?parent=37228"}],"wp:term":[{"taxonomy":"product_brand","embeddable":true,"href":"https:\/\/metal-badge.ch\/fr\/wp-json\/wp\/v2\/product_brand?post=37228"},{"taxonomy":"product_cat","embeddable":true,"href":"https:\/\/metal-badge.ch\/fr\/wp-json\/wp\/v2\/product_cat?post=37228"},{"taxonomy":"product_tag","embeddable":true,"href":"https:\/\/metal-badge.ch\/fr\/wp-json\/wp\/v2\/product_tag?post=37228"}],"curies":[{"name":"wp","href":"https:\/\/api.w.org\/{rel}","templated":true}]}}