{"id":37188,"date":"2016-10-25T18:34:19","date_gmt":"2016-10-25T18:34:19","guid":{"rendered":"https:\/\/shop.metal-badge.ch\/?product=photographer-panneau-en-plastique"},"modified":"2016-11-09T10:11:50","modified_gmt":"2016-11-09T10:11:50","slug":"photographer-panneau-en-plastique","status":"publish","type":"product","link":"https:\/\/metal-badge.ch\/fr\/product\/37188\/photographer-panneau-en-plastique\/","title":{"rendered":"PHOTOGRAPHER Panneau en plastique"},"content":{"rendered":"<p>Panneau d&rsquo;intervention \u00e0 fixer sur le pare-soleil<\/p>\n<p>Ce panneau en plastique, flexible et souple, peut \u00eatre install\u00e9 sur n&rsquo;importe quel pare-soleil de v\u00e9hicule gr\u00e2ce \u00e0 sa conception. Est tir\u00e9 sans outil au-dessus du pare-soleil En intervention, il suffit de rabattre le pare-soleil vers le bas pour faire appara\u00eetre le panneau. L&rsquo;inscription de nos panneaux est r\u00e9fl\u00e9chissante et convient ainsi aux interventions de nuit. Nous proposons les inscriptions suivantes dans divers coloris.<\/p>\n<p>Sur demande, d&rsquo;autres inscriptions sont disponibles contre un suppl\u00e9ment.<\/p>\n<p>\u00a0<\/p>\n<p><strong>Description du produit :<\/strong><\/p>\n<p>Dimensions : Largeur 33 cm \/ hauteur 12,5 cm<br \/>\nMat\u00e9riau : Plastique dans divers coloris<br \/>\nInscription r\u00e9fl\u00e9chissante<br \/>\nRecouvrir tout simplement la fixation sur le pare-soleil sans outil<br \/>\nColoris : Selon les photos et la description<br \/>\nPoids : 200 g.<\/p>\n","protected":false},"excerpt":{"rendered":"<p>Panneau d&rsquo;intervention \u00e0 fixer sur le pare-soleil Ce panneau en plastique, flexible et souple, peut \u00eatre install\u00e9 sur n&rsquo;importe quel pare-soleil de v\u00e9hicule gr\u00e2ce \u00e0 sa conception. Est tir\u00e9 sans outil au-dessus du pare-soleil En intervention, il suffit de rabattre le pare-soleil vers le bas pour faire appara\u00eetre le panneau. L&rsquo;inscription de nos panneaux est [&hellip;]<\/p>\n","protected":false},"featured_media":89897,"comment_status":"open","ping_status":"closed","template":"","meta":{"inline_featured_image":false},"product_brand":[],"product_cat":[2295,1671],"product_tag":[1781,1793],"class_list":{"0":"post-37188","1":"product","2":"type-product","3":"status-publish","4":"has-post-thumbnail","6":"product_cat-panneau-en-plastique-voiture","7":"product_cat-signes-pour-vehicules","8":"product_tag-police-securite","9":"product_tag-vehicule-route","11":"first","12":"instock","13":"taxable","14":"shipping-taxable","15":"purchasable","16":"product-type-simple"},"_links":{"self":[{"href":"https:\/\/metal-badge.ch\/fr\/wp-json\/wp\/v2\/product\/37188","targetHints":{"allow":["GET"]}}],"collection":[{"href":"https:\/\/metal-badge.ch\/fr\/wp-json\/wp\/v2\/product"}],"about":[{"href":"https:\/\/metal-badge.ch\/fr\/wp-json\/wp\/v2\/types\/product"}],"replies":[{"embeddable":true,"href":"https:\/\/metal-badge.ch\/fr\/wp-json\/wp\/v2\/comments?post=37188"}],"wp:featuredmedia":[{"embeddable":true,"href":"https:\/\/metal-badge.ch\/fr\/wp-json\/wp\/v2\/media\/89897"}],"wp:attachment":[{"href":"https:\/\/metal-badge.ch\/fr\/wp-json\/wp\/v2\/media?parent=37188"}],"wp:term":[{"taxonomy":"product_brand","embeddable":true,"href":"https:\/\/metal-badge.ch\/fr\/wp-json\/wp\/v2\/product_brand?post=37188"},{"taxonomy":"product_cat","embeddable":true,"href":"https:\/\/metal-badge.ch\/fr\/wp-json\/wp\/v2\/product_cat?post=37188"},{"taxonomy":"product_tag","embeddable":true,"href":"https:\/\/metal-badge.ch\/fr\/wp-json\/wp\/v2\/product_tag?post=37188"}],"curies":[{"name":"wp","href":"https:\/\/api.w.org\/{rel}","templated":true}]}}