{"id":36558,"date":"2016-07-20T18:06:55","date_gmt":"2016-07-20T18:06:55","guid":{"rendered":"https:\/\/shop.metal-badge.ch\/?product=etui-en-cuir-ambitious-sans-badge"},"modified":"2023-07-31T20:56:33","modified_gmt":"2023-07-31T18:56:33","slug":"etui-porte-badge-tendance-en-cuir-ambitious-sans-badge","status":"publish","type":"product","link":"https:\/\/metal-badge.ch\/fr\/product\/36558\/etui-porte-badge-tendance-en-cuir-ambitious-sans-badge\/","title":{"rendered":"\u00c9tui porte-badge tendance en cuir \u201cAmbitious\u201d (sans badge)"},"content":{"rendered":"<p><strong>\u00c9tui porte-badge tendance en cuir de vache (sans badge)<\/strong><\/p>\n<p>\u00c9tui en cuir de vache tendance avec deux fen\u00eatres pour documents d&rsquo;identit\u00e9.<\/p>\n<p>L&rsquo;\u00e9tui a trois c\u00f4t\u00e9s repliables munis d&rsquo;un bouton pression, pour au moins 24 cartes de cr\u00e9dit. Les billets peuvent facilement \u00eatre coinc\u00e9s dans l&rsquo;\u00e9tui avec l&rsquo;\u00e9trier m\u00e9tallique. Le badge peut \u00eatre cach\u00e9 \u00e0 l&rsquo;int\u00e9rieur ou port\u00e9 de mani\u00e8re visible \u00e0 l&rsquo;ext\u00e9rieur.&nbsp;<\/p>\n<p>Dimensions de l&rsquo;\u00e9tui&nbsp;:&nbsp; Hauteur 7,8 cm \/ Largeur 11,0 cm.<\/p>\n","protected":false},"excerpt":{"rendered":"<p>\u00c9tui porte-badge tendance en cuir de vache (sans badge). Cet \u00e9tui de haute qualit\u00e9, avec deux fen\u00eatres pour documents d&rsquo;identit\u00e9, remplit toutes les attentes.<\/p>\n","protected":false},"featured_media":89989,"comment_status":"open","ping_status":"closed","template":"","meta":{"inline_featured_image":false},"product_brand":[],"product_cat":[907,947],"product_tag":[1777],"class_list":{"0":"post-36558","1":"product","2":"type-product","3":"status-publish","4":"has-post-thumbnail","6":"product_cat-etuis-en-cuir-sans-badge","7":"product_cat-portemonnaies-etuis-en-cuir","8":"product_tag-camping-voyage","10":"first","11":"instock","12":"taxable","13":"shipping-taxable","14":"purchasable","15":"product-type-simple"},"_links":{"self":[{"href":"https:\/\/metal-badge.ch\/fr\/wp-json\/wp\/v2\/product\/36558","targetHints":{"allow":["GET"]}}],"collection":[{"href":"https:\/\/metal-badge.ch\/fr\/wp-json\/wp\/v2\/product"}],"about":[{"href":"https:\/\/metal-badge.ch\/fr\/wp-json\/wp\/v2\/types\/product"}],"replies":[{"embeddable":true,"href":"https:\/\/metal-badge.ch\/fr\/wp-json\/wp\/v2\/comments?post=36558"}],"wp:featuredmedia":[{"embeddable":true,"href":"https:\/\/metal-badge.ch\/fr\/wp-json\/wp\/v2\/media\/89989"}],"wp:attachment":[{"href":"https:\/\/metal-badge.ch\/fr\/wp-json\/wp\/v2\/media?parent=36558"}],"wp:term":[{"taxonomy":"product_brand","embeddable":true,"href":"https:\/\/metal-badge.ch\/fr\/wp-json\/wp\/v2\/product_brand?post=36558"},{"taxonomy":"product_cat","embeddable":true,"href":"https:\/\/metal-badge.ch\/fr\/wp-json\/wp\/v2\/product_cat?post=36558"},{"taxonomy":"product_tag","embeddable":true,"href":"https:\/\/metal-badge.ch\/fr\/wp-json\/wp\/v2\/product_tag?post=36558"}],"curies":[{"name":"wp","href":"https:\/\/api.w.org\/{rel}","templated":true}]}}