{"id":36023,"date":"2016-07-16T10:14:16","date_gmt":"2016-07-16T10:14:16","guid":{"rendered":"https:\/\/shop.metal-badge.ch\/?product=ipa-suisse-coin-piece-petite"},"modified":"2016-07-16T10:31:02","modified_gmt":"2016-07-16T10:31:02","slug":"ipa-suisse-coin-piece-petite","status":"publish","type":"product","link":"https:\/\/metal-badge.ch\/fr\/product\/36023\/ipa-suisse-coin-piece-petite\/","title":{"rendered":"IPA Suisse Coin \/ Pi\u00e8ce &#8211; petite"},"content":{"rendered":"<p>IPA Coin \/ Pi\u00e8ce en 3D Version or brilliant.<\/p>\n<p>M\u00e9tal, alliage zinc, grav\u00e9 et \u00e9maill\u00e9 en \u00e9mail soft (teintes en aplat).<\/p>\n<p>Des deux c\u00f4t\u00e9s avec logo IPA \/ verso badge IPA. Coin \/ Pi\u00e8ce livr\u00e9e dans une bo\u00eete acrylique adapt\u00e9e.<\/p>\n<p>Poids Pi\u00e8ce petit :\u00a0 44 g.<\/p>\n<p>Diam\u00e8tre Pi\u00e8ce petite:\u00a0 45 mm<\/p>\n","protected":false},"excerpt":{"rendered":"<p>IPA Coin \/ Pi\u00e8ce en 3D Version or brilliant. M\u00e9tal, alliage zinc, grav\u00e9 et \u00e9maill\u00e9 en \u00e9mail soft (teintes en aplat). Des deux c\u00f4t\u00e9s avec logo IPA \/ verso badge IPA. Coin \/ Pi\u00e8ce livr\u00e9e dans une bo\u00eete acrylique adapt\u00e9e. Poids Pi\u00e8ce petit :\u00a0 44 g. Diam\u00e8tre Pi\u00e8ce petite:\u00a0 45 mm<\/p>\n","protected":false},"featured_media":90069,"comment_status":"open","ping_status":"closed","template":"","meta":{"inline_featured_image":false},"product_brand":[],"product_cat":[1536],"product_tag":[1761],"class_list":{"0":"post-36023","1":"product","2":"type-product","3":"status-publish","4":"has-post-thumbnail","6":"product_cat-ipa-gadgets-fr","7":"product_tag-ipa-casual-wear-gadgets-fr","9":"first","10":"instock","11":"taxable","12":"shipping-taxable","13":"purchasable","14":"product-type-simple"},"_links":{"self":[{"href":"https:\/\/metal-badge.ch\/fr\/wp-json\/wp\/v2\/product\/36023","targetHints":{"allow":["GET"]}}],"collection":[{"href":"https:\/\/metal-badge.ch\/fr\/wp-json\/wp\/v2\/product"}],"about":[{"href":"https:\/\/metal-badge.ch\/fr\/wp-json\/wp\/v2\/types\/product"}],"replies":[{"embeddable":true,"href":"https:\/\/metal-badge.ch\/fr\/wp-json\/wp\/v2\/comments?post=36023"}],"wp:featuredmedia":[{"embeddable":true,"href":"https:\/\/metal-badge.ch\/fr\/wp-json\/wp\/v2\/media\/90069"}],"wp:attachment":[{"href":"https:\/\/metal-badge.ch\/fr\/wp-json\/wp\/v2\/media?parent=36023"}],"wp:term":[{"taxonomy":"product_brand","embeddable":true,"href":"https:\/\/metal-badge.ch\/fr\/wp-json\/wp\/v2\/product_brand?post=36023"},{"taxonomy":"product_cat","embeddable":true,"href":"https:\/\/metal-badge.ch\/fr\/wp-json\/wp\/v2\/product_cat?post=36023"},{"taxonomy":"product_tag","embeddable":true,"href":"https:\/\/metal-badge.ch\/fr\/wp-json\/wp\/v2\/product_tag?post=36023"}],"curies":[{"name":"wp","href":"https:\/\/api.w.org\/{rel}","templated":true}]}}