{"id":35525,"date":"2016-04-09T09:35:32","date_gmt":"2016-04-09T09:35:32","guid":{"rendered":"https:\/\/shop.metal-badge.ch\/?product=etui-en-cuir-superieur-lutteur-suisse"},"modified":"2020-12-21T20:40:49","modified_gmt":"2020-12-21T19:40:49","slug":"etui-en-cuir-superieur-lutteur-suisse","status":"publish","type":"product","link":"https:\/\/metal-badge.ch\/fr\/product\/35525\/etui-en-cuir-superieur-lutteur-suisse\/","title":{"rendered":"\u00c9tui en cuir \u00ab\u00a0sup\u00e9rieur\u00a0\u00bb Lutteur Suisse"},"content":{"rendered":"<p>Cet \u00e9tui en cuir de vache brun pr\u00e9sente un rapport qualit\u00e9-prix avantageux. \u00c9tui brun en cuir r\u00e9sistant, de qualit\u00e9 sup\u00e9rieure avec deux fen\u00eatres de visualisation pour document d&rsquo;identit\u00e9 et neuf compartiments pour cartes de cr\u00e9dit en tout qui permettent de ranger jusqu&rsquo;\u00e0 27 cartes de cr\u00e9dit. L&rsquo;\u00e9tui comporte un grand compartiment pour les pi\u00e8ces muni d&rsquo;un bouton pression. De plus, deux compartiments pour billets ou tickets de caisse offrent encore plus de place. Deux compartiments suppl\u00e9mentaires pour diff\u00e9rents papiers, notes, etc. compl\u00e8tent cet \u00e9tui. L&rsquo;ouverture\/badge se trouve \u00e0 l&rsquo;ext\u00e9rieur de l&rsquo;\u00e9tui.<\/p>\n<p>Taille \/ dimensions : Hauteur de l&rsquo;\u00e9tui : 9,3 cm \/ Longueur : 13,5 cm<\/p>\n<p>Coffret cadeau (stylo \u00e0 bille, porte-cl\u00e9s et \u00e9tui avec badge)<\/p>\n<p><a class=\"fresco\" href=\"https:\/\/metal-badge.ch\/wp-content\/uploads\/2020\/10\/geschenkbox_Superior_L.jpg\" data-fresco-group=\"geschenkbox\"><img decoding=\"async\" title=\" Gift box \" src=\"https:\/\/metal-badge.ch\/wp-content\/uploads\/content\/geschenkbox_Superior_S_2nd.jpg\" alt=\"Gift box\" border=\"0\" hspace=\"1\" vspace=\"1\" \/><\/a> <a class=\"fresco\" href=\"https:\/\/metal-badge.ch\/wp-content\/uploads\/2020\/10\/geschenkbox2_diplomat.jpg\" data-fresco-group=\"geschenkbox\"><img decoding=\"async\" title=\" Geschenkbox \" src=\"https:\/\/metal-badge.ch\/wp-content\/uploads\/content\/geschenkbox2_diplomat_thumb.jpg\" alt=\"Geschenkbox\" border=\"0\" hspace=\"1\" vspace=\"1\" \/><\/a><\/p>\n","protected":false},"excerpt":{"rendered":"<p>Cet \u00e9tui en cuir de vache brun pr\u00e9sente un rapport qualit\u00e9-prix avantageux. \u00c9tui brun en cuir r\u00e9sistant, de qualit\u00e9 sup\u00e9rieure avec deux fen\u00eatres de visualisation pour document d&rsquo;identit\u00e9 et neuf compartiments pour cartes de cr\u00e9dit en tout qui permettent de ranger jusqu&rsquo;\u00e0 27 cartes de cr\u00e9dit. L&rsquo;\u00e9tui comporte un grand compartiment pour les pi\u00e8ces muni [&hellip;]<\/p>\n","protected":false},"featured_media":35517,"comment_status":"open","ping_status":"closed","template":"","meta":{"inline_featured_image":false},"product_brand":[],"product_cat":[1131,2367],"product_tag":[],"class_list":{"0":"post-35525","1":"product","2":"type-product","3":"status-publish","4":"has-post-thumbnail","6":"product_cat-lutteur-suisse","7":"product_cat-lutteur-suisse-fr","9":"first","10":"instock","11":"taxable","12":"shipping-taxable","13":"purchasable","14":"product-type-simple"},"_links":{"self":[{"href":"https:\/\/metal-badge.ch\/fr\/wp-json\/wp\/v2\/product\/35525","targetHints":{"allow":["GET"]}}],"collection":[{"href":"https:\/\/metal-badge.ch\/fr\/wp-json\/wp\/v2\/product"}],"about":[{"href":"https:\/\/metal-badge.ch\/fr\/wp-json\/wp\/v2\/types\/product"}],"replies":[{"embeddable":true,"href":"https:\/\/metal-badge.ch\/fr\/wp-json\/wp\/v2\/comments?post=35525"}],"wp:featuredmedia":[{"embeddable":true,"href":"https:\/\/metal-badge.ch\/fr\/wp-json\/wp\/v2\/media\/35517"}],"wp:attachment":[{"href":"https:\/\/metal-badge.ch\/fr\/wp-json\/wp\/v2\/media?parent=35525"}],"wp:term":[{"taxonomy":"product_brand","embeddable":true,"href":"https:\/\/metal-badge.ch\/fr\/wp-json\/wp\/v2\/product_brand?post=35525"},{"taxonomy":"product_cat","embeddable":true,"href":"https:\/\/metal-badge.ch\/fr\/wp-json\/wp\/v2\/product_cat?post=35525"},{"taxonomy":"product_tag","embeddable":true,"href":"https:\/\/metal-badge.ch\/fr\/wp-json\/wp\/v2\/product_tag?post=35525"}],"curies":[{"name":"wp","href":"https:\/\/api.w.org\/{rel}","templated":true}]}}