{"id":34586,"date":"2016-02-16T12:07:27","date_gmt":"2016-02-16T12:07:27","guid":{"rendered":"https:\/\/shop.metal-badge.ch\/?product=ipa-suisse-coin-piece-grande"},"modified":"2020-09-29T15:39:55","modified_gmt":"2020-09-29T13:39:55","slug":"ipa-suisse-coin-piece-grande-2","status":"publish","type":"product","link":"https:\/\/metal-badge.ch\/fr\/product\/34586\/ipa-suisse-coin-piece-grande-2\/","title":{"rendered":"IPA Suisse Coin \/ Pi\u00e8ce &#8211; grande"},"content":{"rendered":"<p>IPA Coin \/ Pi\u00e8ce en 3D Version argent mat.<\/p>\n<p>M\u00e9tal, alliage zinc, grav\u00e9 et \u00e9maill\u00e9 en \u00e9mail soft (teintes en aplat).<\/p>\n<p>Des deux c\u00f4t\u00e9s avec logo IPA \/ verso badge IPA. Coin \/ Pi\u00e8ce livr\u00e9e dans une bo\u00eete acrylique adapt\u00e9e.<\/p>\n<p>Poids Pi\u00e8ce grande: 68 g.<\/p>\n<p>Diam\u00e8tre Pi\u00e8ce grande: 55 mm<\/p>\n","protected":false},"excerpt":{"rendered":"<p>IPA Coin \/ Pi\u00e8ce en 3D Version argent mat. M\u00e9tal, alliage zinc, grav\u00e9 et \u00e9maill\u00e9 en \u00e9mail soft (teintes en aplat). Des deux c\u00f4t\u00e9s avec logo IPA \/ verso badge IPA. Coin \/ Pi\u00e8ce livr\u00e9e dans une bo\u00eete acrylique adapt\u00e9e. Poids Pi\u00e8ce grande: 68 g. Diam\u00e8tre Pi\u00e8ce grande: 55 mm<\/p>\n","protected":false},"featured_media":34576,"comment_status":"open","ping_status":"closed","template":"","meta":{"inline_featured_image":false},"product_brand":[],"product_cat":[1536],"product_tag":[1761],"class_list":{"0":"post-34586","1":"product","2":"type-product","3":"status-publish","4":"has-post-thumbnail","6":"product_cat-ipa-gadgets-fr","7":"product_tag-ipa-casual-wear-gadgets-fr","9":"first","10":"instock","11":"taxable","12":"shipping-taxable","13":"purchasable","14":"product-type-simple"},"_links":{"self":[{"href":"https:\/\/metal-badge.ch\/fr\/wp-json\/wp\/v2\/product\/34586","targetHints":{"allow":["GET"]}}],"collection":[{"href":"https:\/\/metal-badge.ch\/fr\/wp-json\/wp\/v2\/product"}],"about":[{"href":"https:\/\/metal-badge.ch\/fr\/wp-json\/wp\/v2\/types\/product"}],"replies":[{"embeddable":true,"href":"https:\/\/metal-badge.ch\/fr\/wp-json\/wp\/v2\/comments?post=34586"}],"wp:featuredmedia":[{"embeddable":true,"href":"https:\/\/metal-badge.ch\/fr\/wp-json\/wp\/v2\/media\/34576"}],"wp:attachment":[{"href":"https:\/\/metal-badge.ch\/fr\/wp-json\/wp\/v2\/media?parent=34586"}],"wp:term":[{"taxonomy":"product_brand","embeddable":true,"href":"https:\/\/metal-badge.ch\/fr\/wp-json\/wp\/v2\/product_brand?post=34586"},{"taxonomy":"product_cat","embeddable":true,"href":"https:\/\/metal-badge.ch\/fr\/wp-json\/wp\/v2\/product_cat?post=34586"},{"taxonomy":"product_tag","embeddable":true,"href":"https:\/\/metal-badge.ch\/fr\/wp-json\/wp\/v2\/product_tag?post=34586"}],"curies":[{"name":"wp","href":"https:\/\/api.w.org\/{rel}","templated":true}]}}