{"id":34565,"date":"2016-02-16T11:10:54","date_gmt":"2016-02-16T11:10:54","guid":{"rendered":"https:\/\/shop.metal-badge.ch\/?product=petite-broche-ipa-suisse-en-3d-fermeture-butterfly"},"modified":"2016-02-17T08:56:22","modified_gmt":"2016-02-17T08:56:22","slug":"petite-broche-ipa-suisse-en-3d-fermeture-butterfly","status":"publish","type":"product","link":"https:\/\/metal-badge.ch\/fr\/product\/34565\/petite-broche-ipa-suisse-en-3d-fermeture-butterfly\/","title":{"rendered":"Petite broche IPA Suisse en 3D, Fermeture Butterfly"},"content":{"rendered":"<p>Petite broche IPA en 3D. En version or brillant ou argent mat.<br \/>\nM\u00e9tal, alliage zinc, grav\u00e9 et \u00e9maill\u00e9 en \u00e9mail dur (teintes en aplat).<br \/>\nPoids:\u00a0 6 g.<br \/>\nDimensions: Hauteur 3.5 cm \/ largeur 2.3 cm<br \/>\nFermeture: Fermeture Butterfly<\/p>\n","protected":false},"excerpt":{"rendered":"<p>Petite broche IPA en 3D. En version or brillant ou argent mat. M\u00e9tal, alliage zinc, grav\u00e9 et \u00e9maill\u00e9 en \u00e9mail dur (teintes en aplat). Poids:\u00a0 6 g. Dimensions: Hauteur 3.5 cm \/ largeur 2.3 cm Fermeture: Fermeture Butterfly<\/p>\n","protected":false},"featured_media":90157,"comment_status":"open","ping_status":"closed","template":"","meta":{"inline_featured_image":false},"product_brand":[],"product_cat":[1536],"product_tag":[1761],"class_list":{"0":"post-34565","1":"product","2":"type-product","3":"status-publish","4":"has-post-thumbnail","6":"product_cat-ipa-gadgets-fr","7":"product_tag-ipa-casual-wear-gadgets-fr","9":"first","10":"instock","11":"taxable","12":"shipping-taxable","13":"purchasable","14":"product-type-simple"},"_links":{"self":[{"href":"https:\/\/metal-badge.ch\/fr\/wp-json\/wp\/v2\/product\/34565","targetHints":{"allow":["GET"]}}],"collection":[{"href":"https:\/\/metal-badge.ch\/fr\/wp-json\/wp\/v2\/product"}],"about":[{"href":"https:\/\/metal-badge.ch\/fr\/wp-json\/wp\/v2\/types\/product"}],"replies":[{"embeddable":true,"href":"https:\/\/metal-badge.ch\/fr\/wp-json\/wp\/v2\/comments?post=34565"}],"wp:featuredmedia":[{"embeddable":true,"href":"https:\/\/metal-badge.ch\/fr\/wp-json\/wp\/v2\/media\/90157"}],"wp:attachment":[{"href":"https:\/\/metal-badge.ch\/fr\/wp-json\/wp\/v2\/media?parent=34565"}],"wp:term":[{"taxonomy":"product_brand","embeddable":true,"href":"https:\/\/metal-badge.ch\/fr\/wp-json\/wp\/v2\/product_brand?post=34565"},{"taxonomy":"product_cat","embeddable":true,"href":"https:\/\/metal-badge.ch\/fr\/wp-json\/wp\/v2\/product_cat?post=34565"},{"taxonomy":"product_tag","embeddable":true,"href":"https:\/\/metal-badge.ch\/fr\/wp-json\/wp\/v2\/product_tag?post=34565"}],"curies":[{"name":"wp","href":"https:\/\/api.w.org\/{rel}","templated":true}]}}