{"id":34557,"date":"2016-02-16T10:52:50","date_gmt":"2016-02-16T10:52:50","guid":{"rendered":"https:\/\/shop.metal-badge.ch\/?product=ipa-suisse-porte-cles"},"modified":"2016-02-17T08:58:22","modified_gmt":"2016-02-17T08:58:22","slug":"ipa-suisse-porte-cles","status":"publish","type":"product","link":"https:\/\/metal-badge.ch\/fr\/product\/34557\/ipa-suisse-porte-cles\/","title":{"rendered":"IPA Suisse Porte-cl\u00e9s"},"content":{"rendered":"<p>Porte-cl\u00e9s, badge IPA en 3D. En version or brillant ou argent mat.<br \/>\nM\u00e9tal, alliage zinc, grav\u00e9 et \u00e9maill\u00e9 en \u00e9mail dur (teintes en aplat).<br \/>\nPoids:\u00a0 26 g.<br \/>\nDimensions Accroche du badge: Hauteur 5.0 cm \/ largeur 3.5 cm<\/p>\n","protected":false},"excerpt":{"rendered":"<p>Porte-cl\u00e9s, badge IPA en 3D. En version or brillant ou argent mat. M\u00e9tal, alliage zinc, grav\u00e9 et \u00e9maill\u00e9 en \u00e9mail dur (teintes en aplat). Poids:\u00a0 26 g. Dimensions Accroche du badge: Hauteur 5.0 cm \/ largeur 3.5 cm<\/p>\n","protected":false},"featured_media":90159,"comment_status":"open","ping_status":"closed","template":"","meta":{"inline_featured_image":false},"product_brand":[],"product_cat":[1536],"product_tag":[1761],"class_list":{"0":"post-34557","1":"product","2":"type-product","3":"status-publish","4":"has-post-thumbnail","6":"product_cat-ipa-gadgets-fr","7":"product_tag-ipa-casual-wear-gadgets-fr","9":"first","10":"instock","11":"taxable","12":"shipping-taxable","13":"purchasable","14":"product-type-simple"},"_links":{"self":[{"href":"https:\/\/metal-badge.ch\/fr\/wp-json\/wp\/v2\/product\/34557","targetHints":{"allow":["GET"]}}],"collection":[{"href":"https:\/\/metal-badge.ch\/fr\/wp-json\/wp\/v2\/product"}],"about":[{"href":"https:\/\/metal-badge.ch\/fr\/wp-json\/wp\/v2\/types\/product"}],"replies":[{"embeddable":true,"href":"https:\/\/metal-badge.ch\/fr\/wp-json\/wp\/v2\/comments?post=34557"}],"wp:featuredmedia":[{"embeddable":true,"href":"https:\/\/metal-badge.ch\/fr\/wp-json\/wp\/v2\/media\/90159"}],"wp:attachment":[{"href":"https:\/\/metal-badge.ch\/fr\/wp-json\/wp\/v2\/media?parent=34557"}],"wp:term":[{"taxonomy":"product_brand","embeddable":true,"href":"https:\/\/metal-badge.ch\/fr\/wp-json\/wp\/v2\/product_brand?post=34557"},{"taxonomy":"product_cat","embeddable":true,"href":"https:\/\/metal-badge.ch\/fr\/wp-json\/wp\/v2\/product_cat?post=34557"},{"taxonomy":"product_tag","embeddable":true,"href":"https:\/\/metal-badge.ch\/fr\/wp-json\/wp\/v2\/product_tag?post=34557"}],"curies":[{"name":"wp","href":"https:\/\/api.w.org\/{rel}","templated":true}]}}