{"id":34525,"date":"2016-02-16T09:43:24","date_gmt":"2016-02-16T09:43:24","guid":{"rendered":"https:\/\/shop.metal-badge.ch\/?product=us-gourde-78-style-500-ml"},"modified":"2020-09-29T17:47:12","modified_gmt":"2020-09-29T15:47:12","slug":"us-gourde-78-style-500-ml-2","status":"publish","type":"product","link":"https:\/\/metal-badge.ch\/fr\/product\/34525\/us-gourde-78-style-500-ml-2\/","title":{"rendered":"US Gourde 78-Style 500 ml"},"content":{"rendered":"<p>Id\u00e9al pour l&rsquo;ext\u00e9rieur, le camping, la randonn\u00e9e, la p\u00eache etc.\u00a0\u00a0\u00a0\u00a0\u00a0\u00a0\u00a0\u00a0\u00a0<br \/>\n\u00a0\u00a0\u00a0\u00a0\u00a0\u00a0\u00a0\u00a0\u00a0\u00a0\u00a0\u00a0\u00a0\u00a0\u00a0\u00a0\u00a0\u00a0\u00a0\u00a0\u00a0\u00a0\u00a0\u00a0\u00a0\u00a0\u00a0\u00a0\u00a0\u00a0\u00a0<br \/>\nLa 78-Style Army Bottle est fait de plastique sans BPA dans le mat\u00e9riau Tritan \u2122 Copolyester. Cette gourde est l\u00e9g\u00e8re, solide et r\u00e9sistante aux chocs. Gr\u00e2ce \u00e0 sa structure rugueuse, la bouteille poss\u00e8de une bonne prise en main. Par son look transparent, il est plus facile de v\u00e9rifier son niveau de remplissage et sa propret\u00e9.<br \/>\nLe couvercle \u00e0 vis est fix\u00e9 avec une boucle de s\u00e9curit\u00e9 sur le cou de la gourde. La bouteille est disponible dans les coloris transparents olive et marron ainsi que dans deux dimensions diff\u00e9rentes. Nous proposons des gourdes de 1000 ml et de 500 ml. La gourde est livr\u00e9e dans un joli emballage. Nous proposons \u00e9galement les \u00e9tuis avec dragonnes correspondants.<\/p>\n<p>\u00a0<\/p>\n<p>Description du produit :<\/p>\n<p>Mat\u00e9riau: plastique tritane sans BPA<br \/>\nPoids: 145 g.<br \/>\nVolume 500 ml\u00a0<br \/>\nCouleur: olive\u00a0\u00a0\u00a0\u00a0\u00a0 \u00a0\u00a0\u00a0\u00a0\u00a0\u00a0\u00a0\u00a0\u00a0\u00a0\u00a0\u00a0\u00a0\u00a0\u00a0\u00a0\u00a0\u00a0\u00a0\u00a0\u00a0\u00a0\u00a0\u00a0\u00a0\u00a0\u00a0\u00a0\u00a0\u00a0\u00a0\u00a0\u00a0\u00a0\u00a0\u00a0\u00a0\u00a0\u00a0\u00a0\u00a0\u00a0\u00a0\u00a0\u00a0\u00a0\u00a0\u00a0\u00a0\u00a0\u00a0\u00a0\u00a0\u00a0\u00a0\u00a0\u00a0\u00a0\u00a0\u00a0\u00a0\u00a0\u00a0\u00a0\u00a0\u00a0\u00a0\u00a0\u00a0\u00a0\u00a0\u00a0\u00a0\u00a0\u00a0\u00a0\u00a0\u00a0\u00a0\u00a0\u00a0\u00a0\u00a0\u00a0\u00a0\u00a0\u00a0\u00a0\u00a0\u00a0\u00a0\u00a0<br \/>\nDimensions:\u00a0 hauteur 17.5 cm x largeur 9.0 cm x 5.5 cm profondeur<br \/>\n\u00a0<\/p>\n<p>\u00a0<\/p>\n","protected":false},"excerpt":{"rendered":"<p>Id\u00e9al pour l&rsquo;ext\u00e9rieur, le camping, la randonn\u00e9e, la p\u00eache etc.\u00a0\u00a0\u00a0\u00a0\u00a0\u00a0\u00a0\u00a0\u00a0 \u00a0\u00a0\u00a0\u00a0\u00a0\u00a0\u00a0\u00a0\u00a0\u00a0\u00a0\u00a0\u00a0\u00a0\u00a0\u00a0\u00a0\u00a0\u00a0\u00a0\u00a0\u00a0\u00a0\u00a0\u00a0\u00a0\u00a0\u00a0\u00a0\u00a0\u00a0 La 78-Style Army Bottle est fait de plastique sans BPA dans le mat\u00e9riau Tritan \u2122 Copolyester. Cette gourde est l\u00e9g\u00e8re, solide et r\u00e9sistante aux chocs. Gr\u00e2ce \u00e0 sa structure rugueuse, la bouteille poss\u00e8de une bonne prise en main. Par son look transparent, il est [&hellip;]<\/p>\n","protected":false},"featured_media":34518,"comment_status":"open","ping_status":"closed","template":"","meta":{"inline_featured_image":false},"product_brand":[],"product_cat":[1347,1275],"product_tag":[1769,1777,1773,1765],"class_list":{"0":"post-34525","1":"product","2":"type-product","3":"status-publish","4":"has-post-thumbnail","6":"product_cat-accessoires-militaires-de-chasse","7":"product_cat-bouteilles-poele-recipient","8":"product_tag-army-survival-fr","9":"product_tag-camping-voyage","10":"product_tag-chasse-peche","11":"product_tag-sport-outdoor-fr","13":"first","14":"instock","15":"taxable","16":"shipping-taxable","17":"purchasable","18":"product-type-simple"},"_links":{"self":[{"href":"https:\/\/metal-badge.ch\/fr\/wp-json\/wp\/v2\/product\/34525","targetHints":{"allow":["GET"]}}],"collection":[{"href":"https:\/\/metal-badge.ch\/fr\/wp-json\/wp\/v2\/product"}],"about":[{"href":"https:\/\/metal-badge.ch\/fr\/wp-json\/wp\/v2\/types\/product"}],"replies":[{"embeddable":true,"href":"https:\/\/metal-badge.ch\/fr\/wp-json\/wp\/v2\/comments?post=34525"}],"wp:featuredmedia":[{"embeddable":true,"href":"https:\/\/metal-badge.ch\/fr\/wp-json\/wp\/v2\/media\/34518"}],"wp:attachment":[{"href":"https:\/\/metal-badge.ch\/fr\/wp-json\/wp\/v2\/media?parent=34525"}],"wp:term":[{"taxonomy":"product_brand","embeddable":true,"href":"https:\/\/metal-badge.ch\/fr\/wp-json\/wp\/v2\/product_brand?post=34525"},{"taxonomy":"product_cat","embeddable":true,"href":"https:\/\/metal-badge.ch\/fr\/wp-json\/wp\/v2\/product_cat?post=34525"},{"taxonomy":"product_tag","embeddable":true,"href":"https:\/\/metal-badge.ch\/fr\/wp-json\/wp\/v2\/product_tag?post=34525"}],"curies":[{"name":"wp","href":"https:\/\/api.w.org\/{rel}","templated":true}]}}