{"id":34498,"date":"2016-02-12T14:33:54","date_gmt":"2016-02-12T14:33:54","guid":{"rendered":"https:\/\/shop.metal-badge.ch\/?product=megaphone-megafon-25-w-avec-sirene-integree-volume-reglable"},"modified":"2016-02-12T14:45:14","modified_gmt":"2016-02-12T14:45:14","slug":"megaphone-megafon-25-w-avec-sirene-integree-volume-reglable","status":"publish","type":"product","link":"https:\/\/metal-badge.ch\/fr\/product\/34498\/megaphone-megafon-25-w-avec-sirene-integree-volume-reglable\/","title":{"rendered":"M\u00e9gaphone \/ Megafon 25 W avec sir\u00e8ne int\u00e9gr\u00e9e, volume r\u00e9glable"},"content":{"rendered":"<p>Id\u00e9al pour tous les types d&rsquo;\u00e9v\u00e9nements. M\u00e9gaphone 25 W avec sir\u00e8ne int\u00e9gr\u00e9e \u00e0 activer. R\u00e9gulateur de volume. Port\u00e9e : 300 &#8211; 500 m en fonction de l&rsquo;environnement, fonctionne avec 8 x piles 1,5 V de type C, sangle d&rsquo;\u00e9paule fournie, sir\u00e8ne, avec c\u00e2ble en forme de spirale pour microphone.<\/p>\n<p>\u00a0<\/p>\n<p><strong>Caract\u00e9ristiques techniques:<\/strong><br \/>\nAmplificateur: max. 25 W<br \/>\nPort\u00e9e: env. 500 m<br \/>\nPiles: 8 x C 1,5 V (non fournies)<br \/>\nDur\u00e9e de vie des piles: env. 6 heures en fonctionnement continu<br \/>\nSound: Sir\u00e8ne<br \/>\nDimensions: Diam\u00e8tre Haut-parleur 22 cm L 35 cm\u00a0\u00a0\u00a0\u00a0\u00a0\u00a0\u00a0\u00a0\u00a0\u00a0\u00a0\u00a0\u00a0\u00a0\u00a0\u00a0\u00a0\u00a0\u00a0\u00a0\u00a0\u00a0\u00a0\u00a0\u00a0\u00a0\u00a0\u00a0\u00a0\u00a0\u00a0\u00a0\u00a0\u00a0\u00a0<br \/>\nPoids: 1290 g (sans piles)\u00a0\u00a0\u00a0\u00a0\u00a0\u00a0\u00a0\u00a0\u00a0\u00a0\u00a0\u00a0\u00a0\u00a0\u00a0\u00a0\u00a0\u00a0\u00a0\u00a0\u00a0\u00a0\u00a0\u00a0\u00a0\u00a0\u00a0\u00a0\u00a0\u00a0\u00a0<\/p>\n","protected":false},"excerpt":{"rendered":"<p>Id\u00e9al pour tous les types d&rsquo;\u00e9v\u00e9nements. M\u00e9gaphone 25 W avec sir\u00e8ne int\u00e9gr\u00e9e \u00e0 activer. R\u00e9gulateur de volume. Port\u00e9e : 300 &#8211; 500 m en fonction de l&rsquo;environnement, fonctionne avec 8 x piles 1,5 V de type C, sangle d&rsquo;\u00e9paule fournie, sir\u00e8ne, avec c\u00e2ble en forme de spirale pour microphone. \u00a0 Caract\u00e9ristiques techniques: Amplificateur: max. 25 [&hellip;]<\/p>\n","protected":false},"featured_media":90169,"comment_status":"open","ping_status":"closed","template":"","meta":{"inline_featured_image":false},"product_brand":[],"product_cat":[887,1887],"product_tag":[1781,1793],"class_list":{"0":"post-34498","1":"product","2":"type-product","3":"status-publish","4":"has-post-thumbnail","6":"product_cat-accessoires","7":"product_cat-vehicule-route","8":"product_tag-police-securite","9":"product_tag-vehicule-route","11":"first","12":"instock","13":"taxable","14":"shipping-taxable","15":"purchasable","16":"product-type-simple"},"_links":{"self":[{"href":"https:\/\/metal-badge.ch\/fr\/wp-json\/wp\/v2\/product\/34498","targetHints":{"allow":["GET"]}}],"collection":[{"href":"https:\/\/metal-badge.ch\/fr\/wp-json\/wp\/v2\/product"}],"about":[{"href":"https:\/\/metal-badge.ch\/fr\/wp-json\/wp\/v2\/types\/product"}],"replies":[{"embeddable":true,"href":"https:\/\/metal-badge.ch\/fr\/wp-json\/wp\/v2\/comments?post=34498"}],"wp:featuredmedia":[{"embeddable":true,"href":"https:\/\/metal-badge.ch\/fr\/wp-json\/wp\/v2\/media\/90169"}],"wp:attachment":[{"href":"https:\/\/metal-badge.ch\/fr\/wp-json\/wp\/v2\/media?parent=34498"}],"wp:term":[{"taxonomy":"product_brand","embeddable":true,"href":"https:\/\/metal-badge.ch\/fr\/wp-json\/wp\/v2\/product_brand?post=34498"},{"taxonomy":"product_cat","embeddable":true,"href":"https:\/\/metal-badge.ch\/fr\/wp-json\/wp\/v2\/product_cat?post=34498"},{"taxonomy":"product_tag","embeddable":true,"href":"https:\/\/metal-badge.ch\/fr\/wp-json\/wp\/v2\/product_tag?post=34498"}],"curies":[{"name":"wp","href":"https:\/\/api.w.org\/{rel}","templated":true}]}}