{"id":34487,"date":"2016-02-12T11:52:35","date_gmt":"2016-02-12T11:52:35","guid":{"rendered":"https:\/\/shop.metal-badge.ch\/?product=bouilloire-a-bois-dexterieur-4-pieces"},"modified":"2016-02-12T12:10:14","modified_gmt":"2016-02-12T12:10:14","slug":"bouilloire-a-bois-dexterieur-4-pieces","status":"publish","type":"product","link":"https:\/\/metal-badge.ch\/fr\/product\/34487\/bouilloire-a-bois-dexterieur-4-pieces\/","title":{"rendered":"Bouilloire \u00e0 bois d&rsquo;ext\u00e9rieur 4 pi\u00e8ces"},"content":{"rendered":"<p>Ce four 4 pi\u00e8ces fonctionne selon le principe de gaz de bois (Woodgas) avec une grande capacit\u00e9 de combustion. Voyagez plus l\u00e9ger : Rapidement install\u00e9 et un poids l\u00e9ger avec seulement 350 g<br \/>\nCe four \u00e0 bois unique fait d&rsquo;acier inoxydable qui permet gr\u00e2ce \u00e0 sa combustion secondaire une combustion plus efficace et plus propre. La fente de ventilation au sol permet la p\u00e9n\u00e9tration d&rsquo;air qui monte ensuite le long de la partie inf\u00e9rieure de la grille ce qui permet la combustion primaire, un feu qui couve du haut vers le bas. De plus, l&rsquo;air qui p\u00e9n\u00e8tre par la fente de ventilation inf\u00e9rieure est chauff\u00e9 dans la paroi int\u00e9rieure, monte vers le haut et sorte par les fentes sup\u00e9rieures de ventilation de la chemin\u00e9e ce qui a pour cons\u00e9quence une combustion secondaire dans la zone sup\u00e9rieure du four. Cette technique permet une combustion plus propre ce qui signifie moins de fum\u00e9e et une efficacit\u00e9 plus grande.<\/p>\n<p>Oubliez les cartouches de gaz : ce four cuit vos repas exclusivement avec les rameaux que vous collectez pendant votre trajet ce qui signifie que vous n&rsquo;avez plus besoin de gaz propane lourd, cher, nocif. Allumage facile, cuisson rapide et utilisation propre.<\/p>\n<p>Gaz\u00e9ifiez votre bois: une gaz\u00e9ification unique et la combustion secondaire garantissent que cette bouilloire atteint une combustion efficace, plus compl\u00e8te. Cela signifie que vous avez besoin de moins de branches pour faire bouillir l&rsquo;eau. De plus, cela signifie que la cuisson g\u00e9n\u00e8re moins de fum\u00e9e.<\/p>\n<p>Une super possibilit\u00e9 de r\u00e9duire vos bagages. De plus, le four tient dans la plupart des casseroles ce qui \u00e9conomise de la place dans votre sac \u00e0 dos.<\/p>\n<p>Combustibles n\u00e9cessaires pour ce four : rameaux, feuilles, pommes de pin, bois, farine de sciure, etc. soit des composants naturels. Id\u00e9al pour le camping, la randonn\u00e9e, la sortie en v\u00e9lo ou les autres activit\u00e9s d&rsquo;ext\u00e9rieur.<\/p>\n<p>\u00a0<\/p>\n<p><strong>Description du produit:<\/strong><\/p>\n<p>4 pi\u00e8ces installation rapide et simple en 10 secondes<br \/>\nCarburant: Bois, pomme de pin, rameaux, charbon<br \/>\nDimensions d&#8217;emballage: 14 cm x 8 cm<br \/>\n\u00c9tabli: Diam\u00e8tre 13 cm x hauteur 17 cm<br \/>\nMat\u00e9riau: Acier inox<br \/>\nSac de transport fourni<br \/>\nTemps de cuisson simple et rapide. L&rsquo;eau bout en 8-10 minutes (1 litre d&rsquo;eau)<br \/>\nPoids: 350 g.<\/p>\n","protected":false},"excerpt":{"rendered":"<p>Ce four 4 pi\u00e8ces fonctionne selon le principe de gaz de bois (Woodgas) avec une grande capacit\u00e9 de combustion. Voyagez plus l\u00e9ger : Rapidement install\u00e9 et un poids l\u00e9ger avec seulement 350 g Ce four \u00e0 bois unique fait d&rsquo;acier inoxydable qui permet gr\u00e2ce \u00e0 sa combustion secondaire une combustion plus efficace et plus propre. [&hellip;]<\/p>\n","protected":false},"featured_media":90171,"comment_status":"open","ping_status":"closed","template":"","meta":{"inline_featured_image":false},"product_brand":[],"product_cat":[1347,1435],"product_tag":[1769,1777,1773],"class_list":{"0":"post-34487","1":"product","2":"type-product","3":"status-publish","4":"has-post-thumbnail","6":"product_cat-accessoires-militaires-de-chasse","7":"product_cat-camping-voyage","8":"product_tag-army-survival-fr","9":"product_tag-camping-voyage","10":"product_tag-chasse-peche","12":"first","13":"instock","14":"taxable","15":"shipping-taxable","16":"purchasable","17":"product-type-simple"},"_links":{"self":[{"href":"https:\/\/metal-badge.ch\/fr\/wp-json\/wp\/v2\/product\/34487","targetHints":{"allow":["GET"]}}],"collection":[{"href":"https:\/\/metal-badge.ch\/fr\/wp-json\/wp\/v2\/product"}],"about":[{"href":"https:\/\/metal-badge.ch\/fr\/wp-json\/wp\/v2\/types\/product"}],"replies":[{"embeddable":true,"href":"https:\/\/metal-badge.ch\/fr\/wp-json\/wp\/v2\/comments?post=34487"}],"wp:featuredmedia":[{"embeddable":true,"href":"https:\/\/metal-badge.ch\/fr\/wp-json\/wp\/v2\/media\/90171"}],"wp:attachment":[{"href":"https:\/\/metal-badge.ch\/fr\/wp-json\/wp\/v2\/media?parent=34487"}],"wp:term":[{"taxonomy":"product_brand","embeddable":true,"href":"https:\/\/metal-badge.ch\/fr\/wp-json\/wp\/v2\/product_brand?post=34487"},{"taxonomy":"product_cat","embeddable":true,"href":"https:\/\/metal-badge.ch\/fr\/wp-json\/wp\/v2\/product_cat?post=34487"},{"taxonomy":"product_tag","embeddable":true,"href":"https:\/\/metal-badge.ch\/fr\/wp-json\/wp\/v2\/product_tag?post=34487"}],"curies":[{"name":"wp","href":"https:\/\/api.w.org\/{rel}","templated":true}]}}