{"id":34479,"date":"2016-02-12T11:33:06","date_gmt":"2016-02-12T11:33:06","guid":{"rendered":"https:\/\/shop.metal-badge.ch\/?product=filtre-a-eau-argent"},"modified":"2016-02-12T12:01:56","modified_gmt":"2016-02-12T12:01:56","slug":"filtre-a-eau-argent","status":"publish","type":"product","link":"https:\/\/metal-badge.ch\/fr\/product\/34479\/filtre-a-eau-argent\/","title":{"rendered":"Filtre \u00e0 eau argent"},"content":{"rendered":"<p><img decoding=\"async\" alt=\"\" src=\"\/shop\/images\/2016-02-12_11.24.43_picking information 04_large.jpg\" style=\"height:auto; width:100%\"><\/p>\n<p>Un classique, ce filtre \u00e0 eau solide en mat\u00e9riau r\u00e9sistant est parfait pour une utilisation pendant des ann\u00e9es, m\u00eame dans des conditions extr\u00eames. Petit, l\u00e9ger et pratique. L&rsquo;\u00e9l\u00e9ment filtrant en c\u00e9ramique impr\u00e9gn\u00e9 d&rsquo;argent est fiable contre les bact\u00e9ries et les protozoaires.<strong>. <\/strong>\u00c9limine 99,9999 % des bact\u00e9ries avec un filtre en c\u00e9ramique 0,1 micron. L&rsquo;eau potable propre fait partie des aspects les plus importants de la sant\u00e9. Sans alimentation, une personne peut survivre pendant des semaines, sans eau propre, elle ne peut survivre que pendant quelques jours. Pour cette raison, il faut faire de l &lsquo;eau potable une priorit\u00e9. Avec ce filtre \u00e0 eau, vous obtenez en un rien de temps de l&rsquo;eau potable \u00e0 partir de ruisseaux ou de lacs. M\u00eame les flaques d&rsquo;eau sales sont transform\u00e9es en eau potable propre. Avec un \u00e9l\u00e9ment filtrant, il est possible de filtrer en fonction de la qualit\u00e9 de l&rsquo;eau jusqu&rsquo;\u00e0 7.000 litres d&rsquo;eau. Le d\u00e9bit du filtre est d&rsquo;env. 1 l par minute. Id\u00e9al pour l&rsquo;ext\u00e9rieur : randonner, camping, sorties \u00e0 v\u00e9lo, voyages.<br \/>\n\u00a0<\/p>\n<p><strong>Description du produit : <\/strong><\/p>\n<p>Poids: 580 g.<br \/>\nMati\u00e8re : aluminium, acier inoxydable, silicone, plastique ABS, c\u00e9ramique<br \/>\nAccessoires fournis : pr\u00e9filtre, clip \u00e0 bouteille et sac\u00a0\u00a0\u00a0\u00a0\u00a0\u00a0\u00a0\u00a0\u00a0\u00a0\u00a0\u00a0\u00a0\u00a0\u00a0\u00a0\u00a0\u00a0\u00a0\u00a0\u00a0\u00a0\u00a0\u00a0\u00a0\u00a0\u00a0\u00a0\u00a0\u00a0\u00a0\u00a0\u00a0\u00a0\u00a0\u00a0\u00a0\u00a0<br \/>\nCouleur : argent\u00a0<br \/>\nGarantie : 2 ans<br \/>\nD\u00e9bit : 1 l\/min.\u00a0\u00a0\u00a0\u00a0\u00a0\u00a0\u00a0\u00a0\u00a0\u00a0\u00a0\u00a0\u00a0\u00a0\u00a0\u00a0\u00a0\u00a0\u00a0\u00a0\u00a0\u00a0\u00a0\u00a0\u00a0\u00a0\u00a0\u00a0\u00a0\u00a0\u00a0\u00a0\u00a0\u00a0\u00a0\u00a0\u00a0\u00a0\u00a0\u00a0\u00a0\u00a0\u00a0\u00a0\u00a0\u00a0\u00a0\u00a0\u00a0\u00a0\u00a0\u00a0\u00a0 \u00a0\u00a0\u00a0\u00a0\u00a0\u00a0\u00a0\u00a0\u00a0\u00a0\u00a0\u00a0\u00a0\u00a0\u00a0\u00a0\u00a0\u00a0\u00a0\u00a0\u00a0\u00a0\u00a0\u00a0\u00a0\u00a0\u00a0\u00a0\u00a0\u00a0\u00a0\u00a0\u00a0\u00a0\u00a0\u00a0\u00a0\u00a0\u00a0\u00a0\u00a0\u00a0\u00a0\u00a0\u00a0\u00a0\u00a0\u00a0\u00a0\u00a0\u00a0\u00a0\u00a0\u00a0\u00a0\u00a0\u00a0\u00a0\u00a0\u00a0\u00a0<br \/>\nDur\u00e9e de vie du filtre: env. 7000 litres, en fonction de la qualit\u00e9 de l&rsquo;eau<br \/>\nMasse: 24 cm x 6 cm\u00a0<br \/>\nTechnologie:\u00a0 Filtre de pompe, filtration en profondeur de la c\u00e9ramique (0,1 micron = 0,0001 mm de pores) effet :\u00a0 \u00e9limine les protozoaires, les kystes, les algues, les spores, les s\u00e9diments, les virus en lien avec les particules \u00e0 partir d&rsquo;une taille de 0,1 micron<strong>.\u00a0\u00a0\u00a0\u00a0\u00a0\u00a0\u00a0\u00a0 <\/strong><\/p>\n","protected":false},"excerpt":{"rendered":"<p>Un classique, ce filtre \u00e0 eau solide en mat\u00e9riau r\u00e9sistant est parfait pour une utilisation pendant des ann\u00e9es, m\u00eame dans des conditions extr\u00eames. Petit, l\u00e9ger et pratique. L&rsquo;\u00e9l\u00e9ment filtrant en c\u00e9ramique impr\u00e9gn\u00e9 d&rsquo;argent est fiable contre les bact\u00e9ries et les protozoaires.. \u00c9limine 99,9999 % des bact\u00e9ries avec un filtre en c\u00e9ramique 0,1 micron. L&rsquo;eau potable [&hellip;]<\/p>\n","protected":false},"featured_media":90173,"comment_status":"open","ping_status":"closed","template":"","meta":{"inline_featured_image":false},"product_brand":[],"product_cat":[1347,1435],"product_tag":[1769,1777,1773],"class_list":{"0":"post-34479","1":"product","2":"type-product","3":"status-publish","4":"has-post-thumbnail","6":"product_cat-accessoires-militaires-de-chasse","7":"product_cat-camping-voyage","8":"product_tag-army-survival-fr","9":"product_tag-camping-voyage","10":"product_tag-chasse-peche","12":"first","13":"instock","14":"taxable","15":"shipping-taxable","16":"purchasable","17":"product-type-simple"},"_links":{"self":[{"href":"https:\/\/metal-badge.ch\/fr\/wp-json\/wp\/v2\/product\/34479","targetHints":{"allow":["GET"]}}],"collection":[{"href":"https:\/\/metal-badge.ch\/fr\/wp-json\/wp\/v2\/product"}],"about":[{"href":"https:\/\/metal-badge.ch\/fr\/wp-json\/wp\/v2\/types\/product"}],"replies":[{"embeddable":true,"href":"https:\/\/metal-badge.ch\/fr\/wp-json\/wp\/v2\/comments?post=34479"}],"wp:featuredmedia":[{"embeddable":true,"href":"https:\/\/metal-badge.ch\/fr\/wp-json\/wp\/v2\/media\/90173"}],"wp:attachment":[{"href":"https:\/\/metal-badge.ch\/fr\/wp-json\/wp\/v2\/media?parent=34479"}],"wp:term":[{"taxonomy":"product_brand","embeddable":true,"href":"https:\/\/metal-badge.ch\/fr\/wp-json\/wp\/v2\/product_brand?post=34479"},{"taxonomy":"product_cat","embeddable":true,"href":"https:\/\/metal-badge.ch\/fr\/wp-json\/wp\/v2\/product_cat?post=34479"},{"taxonomy":"product_tag","embeddable":true,"href":"https:\/\/metal-badge.ch\/fr\/wp-json\/wp\/v2\/product_tag?post=34479"}],"curies":[{"name":"wp","href":"https:\/\/api.w.org\/{rel}","templated":true}]}}