{"id":34457,"date":"2016-02-12T11:01:40","date_gmt":"2016-02-12T11:01:40","guid":{"rendered":"https:\/\/shop.metal-badge.ch\/?product=nylon-hamac-olive"},"modified":"2016-02-12T11:05:47","modified_gmt":"2016-02-12T11:05:47","slug":"nylon-hamac-olive","status":"publish","type":"product","link":"https:\/\/metal-badge.ch\/fr\/product\/34457\/nylon-hamac-olive\/","title":{"rendered":"Nylon Hamac Olive"},"content":{"rendered":"<p>Avec un hamac en nylon, vous avez toujours votre lit sur vous, vous dormez confortablement au-dessus du sol. Deux cordes et deux mousquetons sont fournis pour que vous puissiez fixer et tendre le hamac entre deux arbres. Le sachet d&#8217;emballage est fix\u00e9 au hamac et ne peut pas \u00eatre perdu.\u00a0<br \/>\nCe hamac est tr\u00e8s l\u00e9ger et fait d&rsquo;un nylon solide. Avantage : Prend tr\u00e8s peu de place dans le sac \u00e0 dos, les bagages. Profitez de la brise fra\u00eeche lorsque vous campez, randonnez, chassez, voyagez ou tout simplement dans le jardin ou sur le balcon.<\/p>\n<p>\u00a0<\/p>\n<p><strong>Description du produit:<\/strong><\/p>\n<p>Poids: 570 g<br \/>\nDimensions: 260 x 140 cm<br \/>\nColoris: vert olive<br \/>\nCapacit\u00e9 de charge: 250\u00a0 kg<br \/>\nAvec deux mousquetons<br \/>\nAvec deux cordes en nylon de 2 m<br \/>\nAvec sachet d&#8217;emballage sur le hamac<br \/>\n\u00a0<\/p>\n","protected":false},"excerpt":{"rendered":"<p>Avec un hamac en nylon, vous avez toujours votre lit sur vous, vous dormez confortablement au-dessus du sol. Deux cordes et deux mousquetons sont fournis pour que vous puissiez fixer et tendre le hamac entre deux arbres. Le sachet d&#8217;emballage est fix\u00e9 au hamac et ne peut pas \u00eatre perdu.\u00a0 Ce hamac est tr\u00e8s l\u00e9ger [&hellip;]<\/p>\n","protected":false},"featured_media":90177,"comment_status":"open","ping_status":"closed","template":"","meta":{"inline_featured_image":false},"product_brand":[],"product_cat":[1347,1435,1694],"product_tag":[1769,1777,1773,1765],"class_list":{"0":"post-34457","1":"product","2":"type-product","3":"status-publish","4":"has-post-thumbnail","6":"product_cat-accessoires-militaires-de-chasse","7":"product_cat-camping-voyage","8":"product_cat-sacs-de-couchage-sacs-de-bivouac-hamacs","9":"product_tag-army-survival-fr","10":"product_tag-camping-voyage","11":"product_tag-chasse-peche","12":"product_tag-sport-outdoor-fr","14":"first","15":"instock","16":"taxable","17":"shipping-taxable","18":"purchasable","19":"product-type-simple"},"_links":{"self":[{"href":"https:\/\/metal-badge.ch\/fr\/wp-json\/wp\/v2\/product\/34457","targetHints":{"allow":["GET"]}}],"collection":[{"href":"https:\/\/metal-badge.ch\/fr\/wp-json\/wp\/v2\/product"}],"about":[{"href":"https:\/\/metal-badge.ch\/fr\/wp-json\/wp\/v2\/types\/product"}],"replies":[{"embeddable":true,"href":"https:\/\/metal-badge.ch\/fr\/wp-json\/wp\/v2\/comments?post=34457"}],"wp:featuredmedia":[{"embeddable":true,"href":"https:\/\/metal-badge.ch\/fr\/wp-json\/wp\/v2\/media\/90177"}],"wp:attachment":[{"href":"https:\/\/metal-badge.ch\/fr\/wp-json\/wp\/v2\/media?parent=34457"}],"wp:term":[{"taxonomy":"product_brand","embeddable":true,"href":"https:\/\/metal-badge.ch\/fr\/wp-json\/wp\/v2\/product_brand?post=34457"},{"taxonomy":"product_cat","embeddable":true,"href":"https:\/\/metal-badge.ch\/fr\/wp-json\/wp\/v2\/product_cat?post=34457"},{"taxonomy":"product_tag","embeddable":true,"href":"https:\/\/metal-badge.ch\/fr\/wp-json\/wp\/v2\/product_tag?post=34457"}],"curies":[{"name":"wp","href":"https:\/\/api.w.org\/{rel}","templated":true}]}}