{"id":34449,"date":"2016-02-12T10:14:20","date_gmt":"2016-02-12T10:14:20","guid":{"rendered":"https:\/\/shop.metal-badge.ch\/?product=lampe-a-led-de-camping"},"modified":"2016-02-12T10:18:32","modified_gmt":"2016-02-12T10:18:32","slug":"lampe-a-led-de-camping","status":"publish","type":"product","link":"https:\/\/metal-badge.ch\/fr\/product\/34449\/lampe-a-led-de-camping\/","title":{"rendered":"Lampe \u00e0 LED de camping"},"content":{"rendered":"<p>Cette lampe convient notamment \u00e0 l&rsquo;ext\u00e9rieur comme pour le camping avec son poids faible de 155 g. La lampe de poche avec batterie int\u00e9gr\u00e9e et rechargeable apporte une lumi\u00e8re durable d&rsquo;au moins 7-120 h en fonction du r\u00e9glage. Il est possible de r\u00e9gler 4 intensit\u00e9s lumineuses, d&rsquo;une luminosit\u00e9 agr\u00e9able et faible \u00e0 la lumi\u00e8re forte de recherche. Le 5\u00e8me niveau est une lampe blanche clignotante.\u00a0 Le c\u00e2ble de charge USB est \u00e9galement fourni. La lampe peut \u00eatre recharg\u00e9e jusqu&rsquo;\u00e0 500 fois ce qui \u00e9quivaut \u00e0 une dur\u00e9e de service d&rsquo;env. 36000 h. Un indicateur de charge de la batterie indique lorsque la batterie est faible. La lampe est \u00e9quip\u00e9e de deux aimants int\u00e9gr\u00e9s et de deux suspensions ou dragonnes et est livr\u00e9e dans une jolie bo\u00eete de rangement solide.<\/p>\n<p>\u00a0<\/p>\n<p><strong>Information sur le produit: <\/strong><\/p>\n<p>C\u00e2ble de charge USB<br \/>\nDragonne et aimants int\u00e9gr\u00e9s<br \/>\nNiveaux r\u00e9glables: 5 niveaux avec lampe clignotante<br \/>\nDegr\u00e9s de lumi\u00e8res: Niveau 1 2 %<br \/>\nDegr\u00e9s de lumi\u00e8res: Niveau 2 50 %<br \/>\nDegr\u00e9s de lumi\u00e8res: Niveau 3 75 %<br \/>\nDegr\u00e9s de lumi\u00e8res: Niveau 4 Lampe de recherche 100 %<br \/>\nDegr\u00e9s de lumi\u00e8res: Niveau 5 Lampe clignotante 50 %<br \/>\nLumen: 200 lm<br \/>\nLumi\u00e8re blanc tr\u00e8s clair<br \/>\nDimensions: Hauteur 20 cm \/ largeur 3.6 cm<br \/>\nAvec bo\u00eete de rangement solide<\/p>\n","protected":false},"excerpt":{"rendered":"<p>Cette lampe convient notamment \u00e0 l&rsquo;ext\u00e9rieur comme pour le camping avec son poids faible de 155 g. La lampe de poche avec batterie int\u00e9gr\u00e9e et rechargeable apporte une lumi\u00e8re durable d&rsquo;au moins 7-120 h en fonction du r\u00e9glage. Il est possible de r\u00e9gler 4 intensit\u00e9s lumineuses, d&rsquo;une luminosit\u00e9 agr\u00e9able et faible \u00e0 la lumi\u00e8re forte [&hellip;]<\/p>\n","protected":false},"featured_media":90179,"comment_status":"open","ping_status":"closed","template":"","meta":{"inline_featured_image":false},"product_brand":[],"product_cat":[1347,1435,1343],"product_tag":[1769,1777,1773,1765],"class_list":{"0":"post-34449","1":"product","2":"type-product","3":"status-publish","4":"has-post-thumbnail","6":"product_cat-accessoires-militaires-de-chasse","7":"product_cat-camping-voyage","8":"product_cat-lampes-lampes-de-poche","9":"product_tag-army-survival-fr","10":"product_tag-camping-voyage","11":"product_tag-chasse-peche","12":"product_tag-sport-outdoor-fr","14":"first","15":"instock","16":"taxable","17":"shipping-taxable","18":"purchasable","19":"product-type-simple"},"_links":{"self":[{"href":"https:\/\/metal-badge.ch\/fr\/wp-json\/wp\/v2\/product\/34449","targetHints":{"allow":["GET"]}}],"collection":[{"href":"https:\/\/metal-badge.ch\/fr\/wp-json\/wp\/v2\/product"}],"about":[{"href":"https:\/\/metal-badge.ch\/fr\/wp-json\/wp\/v2\/types\/product"}],"replies":[{"embeddable":true,"href":"https:\/\/metal-badge.ch\/fr\/wp-json\/wp\/v2\/comments?post=34449"}],"wp:featuredmedia":[{"embeddable":true,"href":"https:\/\/metal-badge.ch\/fr\/wp-json\/wp\/v2\/media\/90179"}],"wp:attachment":[{"href":"https:\/\/metal-badge.ch\/fr\/wp-json\/wp\/v2\/media?parent=34449"}],"wp:term":[{"taxonomy":"product_brand","embeddable":true,"href":"https:\/\/metal-badge.ch\/fr\/wp-json\/wp\/v2\/product_brand?post=34449"},{"taxonomy":"product_cat","embeddable":true,"href":"https:\/\/metal-badge.ch\/fr\/wp-json\/wp\/v2\/product_cat?post=34449"},{"taxonomy":"product_tag","embeddable":true,"href":"https:\/\/metal-badge.ch\/fr\/wp-json\/wp\/v2\/product_tag?post=34449"}],"curies":[{"name":"wp","href":"https:\/\/api.w.org\/{rel}","templated":true}]}}