{"id":34431,"date":"2016-02-12T09:42:40","date_gmt":"2016-02-12T09:42:40","guid":{"rendered":"https:\/\/shop.metal-badge.ch\/?product=rechaud-a-gaz-dexterieur"},"modified":"2016-02-12T09:45:15","modified_gmt":"2016-02-12T09:45:15","slug":"rechaud-a-gaz-dexterieur","status":"publish","type":"product","link":"https:\/\/metal-badge.ch\/fr\/product\/34431\/rechaud-a-gaz-dexterieur\/","title":{"rendered":"R\u00e9chaud \u00e0 gaz d&rsquo;ext\u00e9rieur"},"content":{"rendered":"<p>Ce r\u00e9chaud \u00e0 gaz s\u00e9duit par sa manipulation simple et son poids faible. Avec le tuyau, le centre de gravit\u00e9 se d\u00e9place clairement vers le bas en ne vissant pas le r\u00e9chaud directement sur une cartouche. Ainsi, toute la structure est plus stable, notamment lorsque l&rsquo;on utilise des po\u00eales plus grandes. Ce r\u00e9chaud \u00e0 gaz de qualit\u00e9 poss\u00e8de un design compact et peut \u00eatre repli\u00e9 de mani\u00e8re compacte et rang\u00e9 dans son hardcase fourni lorsqu&rsquo;il n&rsquo;est pas utilis\u00e9. Le Standing Stove poss\u00e8de une flamme r\u00e9glable de mani\u00e8re sensible qui permet de doser tr\u00e8s pr\u00e9cis\u00e9ment la temp\u00e9rature. L&rsquo;allumage piezo int\u00e9gr\u00e9 rend superflue l&rsquo;utilisation d&rsquo;un briquet et contribue consid\u00e9rablement \u00e0 la s\u00e9curit\u00e9 de ce petit r\u00e9chaud. Toutes les cartouches \u00e0 vis de tous les fabricants de renom vont sur ce r\u00e9chaud \u00e0 gaz, ainsi, on peut trouver des recharges dans le monde entier. Ce r\u00e9chaud \u00e0 gaz tient notamment avec une cartouche de 230 g dans la plupart des casseroles et peut \u00eatre ainsi rang\u00e9 dans les petits bagages des randonneurs, padlers, cyclistes, chasseurs, p\u00eacheurs, ou campeurs.<\/p>\n<p>\u00a0<\/p>\n<p><strong>Description du produit\u00a0:<\/strong><\/p>\n<p>Dimensions: 160 mm x 50 mm<br \/>\nPuissance: 3500 w\u00a0<br \/>\nMat\u00e9riau: Acier inoxydable \/ Connexion : Cuivre\u00a0\u00a0\u00a0\u00a0\u00a0\u00a0\u00a0\u00a0\u00a0\u00a0\u00a0\u00a0\u00a0\u00a0\u00a0\u00a0\u00a0\u00a0\u00a0\u00a0\u00a0\u00a0\u00a0\u00a0\u00a0\u00a0\u00a0\u00a0\u00a0\u00a0\u00a0\u00a0\u00a0\u00a0\u00a0\u00a0\u00a0\u00a0\u00a0\u00a0\u00a0\u00a0\u00a0\u00a0\u00a0\u00a0<br \/>\nDur\u00e9e moyenne d&rsquo;\u00e9bullition: 3 \u00e0 4 minutes pour 1 litre\u00a0\u00a0\u00a0\u00a0\u00a0\u00a0\u00a0\u00a0\u00a0\u00a0\u00a0\u00a0\u00a0\u00a0\u00a0\u00a0\u00a0\u00a0\u00a0\u00a0\u00a0\u00a0\u00a0\u00a0\u00a0\u00a0\u00a0\u00a0\u00a0\u00a0\u00a0\u00a0\u00a0\u00a0\u00a0\u00a0\u00a0\u00a0\u00a0\u00a0\u00a0\u00a0\u00a0<br \/>\nEmballage: Bo\u00eete en plastique\u00a0\u00a0\u00a0\u00a0\u00a0\u00a0\u00a0\u00a0\u00a0\u00a0\u00a0\u00a0\u00a0\u00a0\u00a0\u00a0\u00a0\u00a0\u00a0\u00a0\u00a0\u00a0\u00a0\u00a0\u00a0\u00a0\u00a0\u00a0\u00a0\u00a0\u00a0\u00a0\u00a0\u00a0\u00a0\u00a0\u00a0\u00a0\u00a0\u00a0\u00a0\u00a0\u00a0\u00a0\u00a0\u00a0\u00a0\u00a0\u00a0\u00a0\u00a0\u00a0\u00a0\u00a0\u00a0\u00a0\u00a0\u00a0\u00a0\u00a0\u00a0\u00a0\u00a0\u00a0\u00a0\u00a0\u00a0\u00a0\u00a0\u00a0\u00a0\u00a0\u00a0\u00a0\u00a0\u00a0\u00a0\u00a0\u00a0\u00a0\u00a0\u00a0\u00a0\u00a0<br \/>\nBo\u00eete \/ Dimensions de rangement : Hauteur 10,5 cm \/ largeur 8,0 cm \/ profondeur 7,0 cm<br \/>\n<strong>Dur\u00e9e de combustion: <\/strong>env. 180 g de consommation de carburant (m\u00e9lange butane\/propane) par heure\u00a0\u00a0\u00a0\u00a0\u00a0\u00a0\u00a0\u00a0\u00a0\u00a0\u00a0\u00a0\u00a0\u00a0\u00a0\u00a0\u00a0\u00a0\u00a0\u00a0\u00a0\u00a0<br \/>\nPoids: 285 g sans cartouche<br \/>\nAllumage Piezo int\u00e9gr\u00e9 \/ fonctionne sans briquet<br \/>\n3 x pieds pliants\u00a0\u00a0\u00a0\u00a0\u00a0\u00a0\u00a0<\/p>\n","protected":false},"excerpt":{"rendered":"<p>Ce r\u00e9chaud \u00e0 gaz s\u00e9duit par sa manipulation simple et son poids faible. Avec le tuyau, le centre de gravit\u00e9 se d\u00e9place clairement vers le bas en ne vissant pas le r\u00e9chaud directement sur une cartouche. Ainsi, toute la structure est plus stable, notamment lorsque l&rsquo;on utilise des po\u00eales plus grandes. Ce r\u00e9chaud \u00e0 gaz [&hellip;]<\/p>\n","protected":false},"featured_media":90183,"comment_status":"open","ping_status":"closed","template":"","meta":{"inline_featured_image":false},"product_brand":[],"product_cat":[1347,1435],"product_tag":[1769,1777,1773],"class_list":{"0":"post-34431","1":"product","2":"type-product","3":"status-publish","4":"has-post-thumbnail","6":"product_cat-accessoires-militaires-de-chasse","7":"product_cat-camping-voyage","8":"product_tag-army-survival-fr","9":"product_tag-camping-voyage","10":"product_tag-chasse-peche","12":"first","13":"instock","14":"taxable","15":"shipping-taxable","16":"purchasable","17":"product-type-simple"},"_links":{"self":[{"href":"https:\/\/metal-badge.ch\/fr\/wp-json\/wp\/v2\/product\/34431","targetHints":{"allow":["GET"]}}],"collection":[{"href":"https:\/\/metal-badge.ch\/fr\/wp-json\/wp\/v2\/product"}],"about":[{"href":"https:\/\/metal-badge.ch\/fr\/wp-json\/wp\/v2\/types\/product"}],"replies":[{"embeddable":true,"href":"https:\/\/metal-badge.ch\/fr\/wp-json\/wp\/v2\/comments?post=34431"}],"wp:featuredmedia":[{"embeddable":true,"href":"https:\/\/metal-badge.ch\/fr\/wp-json\/wp\/v2\/media\/90183"}],"wp:attachment":[{"href":"https:\/\/metal-badge.ch\/fr\/wp-json\/wp\/v2\/media?parent=34431"}],"wp:term":[{"taxonomy":"product_brand","embeddable":true,"href":"https:\/\/metal-badge.ch\/fr\/wp-json\/wp\/v2\/product_brand?post=34431"},{"taxonomy":"product_cat","embeddable":true,"href":"https:\/\/metal-badge.ch\/fr\/wp-json\/wp\/v2\/product_cat?post=34431"},{"taxonomy":"product_tag","embeddable":true,"href":"https:\/\/metal-badge.ch\/fr\/wp-json\/wp\/v2\/product_tag?post=34431"}],"curies":[{"name":"wp","href":"https:\/\/api.w.org\/{rel}","templated":true}]}}