{"id":34415,"date":"2016-02-11T13:12:22","date_gmt":"2016-02-11T13:12:22","guid":{"rendered":"https:\/\/shop.metal-badge.ch\/?product=moustiquaire-moustiquaire-de-tete-avec-insert"},"modified":"2020-08-02T01:50:04","modified_gmt":"2020-08-02T01:50:04","slug":"moustiquaire-moustiquaire-de-tete-avec-insert","status":"publish","type":"product","link":"https:\/\/metal-badge.ch\/fr\/product\/34415\/moustiquaire-moustiquaire-de-tete-avec-insert\/","title":{"rendered":"Moustiquaire  Moustiquaire de t\u00eate avec insert"},"content":{"rendered":"<p>Avec cette protection l\u00e9g\u00e8re et pratique, on est prot\u00e9g\u00e9 contre les moustiques et autres insectes g\u00eanants. Une protection minimale mais fiable contre les piq\u00fbres de moustique.\u00a0La protection de t\u00eate est faite de tissu filet ultra-l\u00e9ger \u00e0 fines mailles (polyester) et a \u00e9t\u00e9 impr\u00e9gn\u00e9 chimiquement. La protection existe uniquement dans une taille unique. Ainsi, elle prot\u00e8ge votre partie du corps la plus importante, votre t\u00eate. Elle a \u00e9t\u00e9 con\u00e7ue de sorte \u00e0 ne pas restreindre votre visibilit\u00e9. La moustiquaire de t\u00eate est notamment pratique pour les randonn\u00e9es dans les r\u00e9gions humides. Cette protection de t\u00eate est suffisamment grande pour \u00eatre enfil\u00e9e au-dessus d&rsquo;une casquette de baseball ou d&rsquo;un chapeau. Le filet peut \u00eatre r\u00e9tr\u00e9ci avec un cordon.<\/p>\n<p>\u00a0<\/p>\n<p>Mat\u00e9riau: 100 % polyester<br \/>\npoids faible env. 60 g<br \/>\nprot\u00e8ge de toutes sortes de petits animaux<br \/>\nutilisation flexible<br \/>\nDimensions:\u00a0 20 cm x 40 cm x 100 cm<br \/>\nColoris Olive\u00a0\u00a0\u00a0\u00a0\u00a0\u00a0\u00a0\u00a0\u00a0\u00a0\u00a0\u00a0\u00a0\u00a0\u00a0\u00a0\u00a0\u00a0\u00a0\u00a0\u00a0\u00a0\u00a0\u00a0\u00a0\u00a0\u00a0\u00a0\u00a0\u00a0\u00a0\u00a0\u00a0\u00a0\u00a0\u00a0\u00a0\u00a0\u00a0\u00a0\u00a0\u00a0\u00a0\u00a0\u00a0\u00a0\u00a0\u00a0\u00a0\u00a0\u00a0\u00a0\u00a0\u00a0\u00a0\u00a0\u00a0\u00a0\u00a0\u00a0\u00a0\u00a0\u00a0\u00a0\u00a0\u00a0\u00a0\u00a0\u00a0\u00a0\u00a0\u00a0\u00a0\u00a0\u00a0\u00a0\u00a0\u00a0\u00a0\u00a0\u00a0\u00a0\u00a0\u00a0\u00a0\u00a0\u00a0\u00a0\u00a0\u00a0\u00a0\u00a0\u00a0\u00a0\u00a0\u00a0\u00a0\u00a0\u00a0\u00a0\u00a0\u00a0\u00a0\u00a0\u00a0 \u00a0\u00a0\u00a0\u00a0\u00a0\u00a0\u00a0\u00a0\u00a0\u00a0\u00a0\u00a0\u00a0\u00a0\u00a0\u00a0\u00a0\u00a0\u00a0\u00a0\u00a0\u00a0\u00a0\u00a0\u00a0\u00a0\u00a0<\/p>\n","protected":false},"excerpt":{"rendered":"<p>Avec cette protection l\u00e9g\u00e8re et pratique, on est prot\u00e9g\u00e9 contre les moustiques et autres insectes g\u00eanants. Une protection minimale mais fiable contre les piq\u00fbres de moustique.\u00a0La protection de t\u00eate est faite de tissu filet ultra-l\u00e9ger \u00e0 fines mailles (polyester) et a \u00e9t\u00e9 impr\u00e9gn\u00e9 chimiquement. La protection existe uniquement dans une taille unique. Ainsi, elle prot\u00e8ge [&hellip;]<\/p>\n","protected":false},"featured_media":90185,"comment_status":"open","ping_status":"closed","template":"","meta":{"inline_featured_image":false},"product_brand":[],"product_cat":[1347,1435,1683],"product_tag":[1769,1773,1765],"class_list":{"0":"post-34415","1":"product","2":"type-product","3":"status-publish","4":"has-post-thumbnail","6":"product_cat-accessoires-militaires-de-chasse","7":"product_cat-camping-voyage","8":"product_cat-moustiquaires","9":"product_tag-army-survival-fr","10":"product_tag-chasse-peche","11":"product_tag-sport-outdoor-fr","13":"first","14":"instock","15":"taxable","16":"shipping-taxable","17":"purchasable","18":"product-type-simple"},"_links":{"self":[{"href":"https:\/\/metal-badge.ch\/fr\/wp-json\/wp\/v2\/product\/34415","targetHints":{"allow":["GET"]}}],"collection":[{"href":"https:\/\/metal-badge.ch\/fr\/wp-json\/wp\/v2\/product"}],"about":[{"href":"https:\/\/metal-badge.ch\/fr\/wp-json\/wp\/v2\/types\/product"}],"replies":[{"embeddable":true,"href":"https:\/\/metal-badge.ch\/fr\/wp-json\/wp\/v2\/comments?post=34415"}],"wp:featuredmedia":[{"embeddable":true,"href":"https:\/\/metal-badge.ch\/fr\/wp-json\/wp\/v2\/media\/90185"}],"wp:attachment":[{"href":"https:\/\/metal-badge.ch\/fr\/wp-json\/wp\/v2\/media?parent=34415"}],"wp:term":[{"taxonomy":"product_brand","embeddable":true,"href":"https:\/\/metal-badge.ch\/fr\/wp-json\/wp\/v2\/product_brand?post=34415"},{"taxonomy":"product_cat","embeddable":true,"href":"https:\/\/metal-badge.ch\/fr\/wp-json\/wp\/v2\/product_cat?post=34415"},{"taxonomy":"product_tag","embeddable":true,"href":"https:\/\/metal-badge.ch\/fr\/wp-json\/wp\/v2\/product_tag?post=34415"}],"curies":[{"name":"wp","href":"https:\/\/api.w.org\/{rel}","templated":true}]}}